{"id":4185,"date":"2017-06-13T14:01:57","date_gmt":"2017-06-13T12:01:57","guid":{"rendered":"http:\/\/www.worldofart.org\/current\/?page_id=4185"},"modified":"2018-11-29T18:15:32","modified_gmt":"2018-11-29T16:15:32","slug":"lectures","status":"publish","type":"page","link":"https:\/\/www.worldofart.org\/arhiv.worldofart.org\/current\/year16-2016-2018\/lectures","title":{"rendered":"Lectures"},"content":{"rendered":"<p>World of Art | School for curatorial practices and critical writing | Year 16<\/p>\n<hr \/>\n<p>&nbsp;<\/p>\n<ul>\n<li><a href=\"https:\/\/www.worldofart.org\/arhiv.worldofart.org\/current\/year16-2016-2018\/lectures\/alenka-priman-art-system-an-insight\">Alenka Priman: Art System. An Insight<\/a><\/li>\n<li><a href=\"https:\/\/www.worldofart.org\/arhiv.worldofart.org\/current\/year16-2016-2018\/lectures\/rebeka-vidrih-establishing-of-modernist-art-historical-narrative-and-historical-avant-garde\">Rebeka Vidrih: Establishing of Modernist Art-Historical Narrative and Historical Avant-garde<\/a><\/li>\n<li><a href=\"https:\/\/www.worldofart.org\/arhiv.worldofart.org\/current\/year16-2016-2018\/lectures\/vesna-copic-cultural-policy-and-the-status-of-artist\">Vesna \u010copi\u010d: Cultural Policy and the Status of Artist<\/a><\/li>\n<li><a href=\"https:\/\/www.worldofart.org\/arhiv.worldofart.org\/current\/year16-2016-2018\/lectures\/asta-vrecko-art-system-in-slovenia-a-walk-through-20th-century\">Asta Vre\u010dko: Art System in Slovenia \u2013 A Walk through 20th Century<\/a><\/li>\n<li><a href=\"https:\/\/www.worldofart.org\/arhiv.worldofart.org\/current\/year16-2016-2018\/lectures\/sasa-nabergoj-sasa-nabergoj-curatorial-practices-a-brief-historical-overview\">Sa\u0161a Nabergoj: Curatorial practices. A brief historical overview<\/a><\/li>\n<li><a href=\"https:\/\/www.worldofart.org\/arhiv.worldofart.org\/current\/year16-2016-2018\/lectures\/simona-zvanut-museum-of-contemporary-art-institution-and-architecture\">Simona \u017dvanut: Museum of Contemporary Art: Institution and Architecture<\/a><\/li>\n<li><a href=\"https:\/\/www.worldofart.org\/arhiv.worldofart.org\/current\/year16-2016-2018\/lectures\/barbara-borcic-art-discourses\">Barbara Bor\u010di\u0107: Art Discourses<\/a><\/li>\n<\/ul>\n","protected":false},"excerpt":{"rendered":"<p>World of Art | School for curatorial practices and critical writing | Year 16 &nbsp; Alenka Priman: Art System. An Insight Rebeka Vidrih: Establishing of Modernist Art-Historical Narrative and Historical Avant-garde Vesna \u010copi\u010d: Cultural Policy and the Status of Artist Asta Vre\u010dko: Art System in Slovenia \u2013 A Walk through 20th Century Sa\u0161a Nabergoj: Curatorial [&hellip;]<\/p>\n","protected":false},"author":1,"featured_media":4186,"parent":3775,"menu_order":0,"comment_status":"closed","ping_status":"closed","template":"","meta":{"footnotes":""},"categories":[],"tags":[],"class_list":["post-4185","page","type-page","status-publish","has-post-thumbnail","hentry"],"_links":{"self":[{"href":"https:\/\/www.worldofart.org\/arhiv.worldofart.org\/current\/wp-json\/wp\/v2\/pages\/4185","targetHints":{"allow":["GET"]}}],"collection":[{"href":"https:\/\/www.worldofart.org\/arhiv.worldofart.org\/current\/wp-json\/wp\/v2\/pages"}],"about":[{"href":"https:\/\/www.worldofart.org\/arhiv.worldofart.org\/current\/wp-json\/wp\/v2\/types\/page"}],"author":[{"embeddable":true,"href":"https:\/\/www.worldofart.org\/arhiv.worldofart.org\/current\/wp-json\/wp\/v2\/users\/1"}],"replies":[{"embeddable":true,"href":"https:\/\/www.worldofart.org\/arhiv.worldofart.org\/current\/wp-json\/wp\/v2\/comments?post=4185"}],"version-history":[{"count":8,"href":"https:\/\/www.worldofart.org\/arhiv.worldofart.org\/current\/wp-json\/wp\/v2\/pages\/4185\/revisions"}],"predecessor-version":[{"id":4381,"href":"https:\/\/www.worldofart.org\/arhiv.worldofart.org\/current\/wp-json\/wp\/v2\/pages\/4185\/revisions\/4381"}],"up":[{"embeddable":true,"href":"https:\/\/www.worldofart.org\/arhiv.worldofart.org\/current\/wp-json\/wp\/v2\/pages\/3775"}],"wp:featuredmedia":[{"embeddable":true,"href":"https:\/\/www.worldofart.org\/arhiv.worldofart.org\/current\/wp-json\/wp\/v2\/media\/4186"}],"wp:attachment":[{"href":"https:\/\/www.worldofart.org\/arhiv.worldofart.org\/current\/wp-json\/wp\/v2\/media?parent=4185"}],"wp:term":[{"taxonomy":"category","embeddable":true,"href":"https:\/\/www.worldofart.org\/arhiv.worldofart.org\/current\/wp-json\/wp\/v2\/categories?post=4185"},{"taxonomy":"post_tag","embeddable":true,"href":"https:\/\/www.worldofart.org\/arhiv.worldofart.org\/current\/wp-json\/wp\/v2\/tags?post=4185"}],"curies":[{"name":"wp","href":"https:\/\/api.w.org\/{rel}","templated":true}]}}