{"id":4193,"date":"2017-06-11T14:13:58","date_gmt":"2017-06-11T12:13:58","guid":{"rendered":"http:\/\/www.worldofart.org\/current\/?page_id=4193"},"modified":"2018-11-29T18:11:34","modified_gmt":"2018-11-29T16:11:34","slug":"practical-work","status":"publish","type":"page","link":"https:\/\/www.worldofart.org\/arhiv.worldofart.org\/current\/year16-2016-2018\/practical-work","title":{"rendered":"Practical work"},"content":{"rendered":"<p>World of Art | School for curatorial practices and critical writing | Year 16<\/p>\n<hr \/>\n<p>Pridobivanju izku\u0161enj v praksi je namenjen predvsem 2. letnik \u0161ole, ko bodo udele\u017eenci in udele\u017eenke pod mentorskim vodstvom <strong>Alenke Gregori\u010d<\/strong> in<strong> Mirana Moharja<\/strong> pripravili in izvedli svojo kon\u010dno razstavo.<\/p>\n<p>\u017de tekom 1. letnika pa bodo imeli prilo\u017enost pridobivati prakti\u010dne izku\u0161nje na podro\u010dju snovanja in postavljanja razstave ter spremljevalnega programa ob dveh razstavah, ki ju na\u010drtujemo v za\u010detku leta 2017.<\/p>\n<p>Da bi kar najbolje razumeli postopek priprave razstav, uvajamo nov predmet &#8211; <em>Kuratorska raziskava<\/em>, kjer se bodo udele\u017eenci v nizu sre\u010danj s kuratorjem Vladimirjem Vidmarjem seznanili s kuratorskim delom v praksi. Obiskali bomo tudi ateljeje umetnikov in umetnic ter razstavi\u0161\u010da sodobne umetnost, kjer bomo spoznali vodje razstavi\u0161\u010d, razstavne prostore in njihove programske usmeritve.<\/p>\n<p>Na podlagi pridobljenih znanj bodo udele\u017eenci in udele\u017eenke med prvim in drugim letnikom pripravili <em>Virtualno razstavo<\/em>.<\/p>\n<hr \/>\n<p>1st YEAR<\/p>\n<ul>\n<li><a href=\"https:\/\/www.worldofart.org\/arhiv.worldofart.org\/current\/year16-2016-2018\/practical-work\/vladimir-vidmar-curatorial-research\">Vladimir Vidmar: Curatorial Research<\/a><\/li>\n<li><a href=\"https:\/\/www.worldofart.org\/arhiv.worldofart.org\/current\/year16-2016-2018\/practical-work\/assisting-with-contemporary-art-exhibitions\">Assisting with Contemporary Art Exhibitions<\/a><\/li>\n<li><a href=\"https:\/\/www.worldofart.org\/arhiv.worldofart.org\/current\/year16-2016-2018\/practical-work\/miha-kelemina-lara-plavcak-studio-visits\">Miha Kelemina, Lara Plav\u010dak: Studio Visits<\/a><\/li>\n<li><a href=\"https:\/\/www.worldofart.org\/arhiv.worldofart.org\/current\/year16-2016-2018\/practical-work\/miha-kelemina-lara-plavcak-curatorial-mapping\">Miha Kelemina, Lara Plav\u010dak: Curatorial Mapping<\/a><\/li>\n<li><a href=\"https:\/\/www.worldofart.org\/arhiv.worldofart.org\/current\/year16-2016-2018\/practical-work\/virtual-exhibitions\">Virtual Exhibitions<\/a><\/li>\n<\/ul>\n<p>2nd YEAR<\/p>\n<ul>\n<li><a href=\"https:\/\/www.worldofart.org\/arhiv.worldofart.org\/current\/year16-2016-2018\/practical-work\/alenka-gregoric-miran-mohar-curatorial-course\">Alenka Gregori\u010d, Miran Mohar: Curatorial Course<\/a><\/li>\n<li><a href=\"https:\/\/www.worldofart.org\/arhiv.worldofart.org\/current\/year16-2016-2018\/practical-work\/modules-on-practical-work-of-the-curator-and-exhibition-planning\">Modules on Practical Work of the Curator and Exhibition Planning<\/a><\/li>\n<li><a href=\"https:\/\/www.worldofart.org\/arhiv.worldofart.org\/current\/year16-2016-2018\/practical-work\/final-exhibition\">Final Exhibition<\/a><\/li>\n<\/ul>\n","protected":false},"excerpt":{"rendered":"<p>World of Art | School for curatorial practices and critical writing | Year 16 Pridobivanju izku\u0161enj v praksi je namenjen predvsem 2. letnik \u0161ole, ko bodo udele\u017eenci in udele\u017eenke pod mentorskim vodstvom Alenke Gregori\u010d in Mirana Moharja pripravili in izvedli svojo kon\u010dno razstavo. \u017de tekom 1. letnika pa bodo imeli prilo\u017enost pridobivati prakti\u010dne izku\u0161nje na [&hellip;]<\/p>\n","protected":false},"author":1,"featured_media":4194,"parent":3775,"menu_order":0,"comment_status":"closed","ping_status":"closed","template":"","meta":{"footnotes":""},"categories":[],"tags":[],"class_list":["post-4193","page","type-page","status-publish","has-post-thumbnail","hentry"],"_links":{"self":[{"href":"https:\/\/www.worldofart.org\/arhiv.worldofart.org\/current\/wp-json\/wp\/v2\/pages\/4193","targetHints":{"allow":["GET"]}}],"collection":[{"href":"https:\/\/www.worldofart.org\/arhiv.worldofart.org\/current\/wp-json\/wp\/v2\/pages"}],"about":[{"href":"https:\/\/www.worldofart.org\/arhiv.worldofart.org\/current\/wp-json\/wp\/v2\/types\/page"}],"author":[{"embeddable":true,"href":"https:\/\/www.worldofart.org\/arhiv.worldofart.org\/current\/wp-json\/wp\/v2\/users\/1"}],"replies":[{"embeddable":true,"href":"https:\/\/www.worldofart.org\/arhiv.worldofart.org\/current\/wp-json\/wp\/v2\/comments?post=4193"}],"version-history":[{"count":5,"href":"https:\/\/www.worldofart.org\/arhiv.worldofart.org\/current\/wp-json\/wp\/v2\/pages\/4193\/revisions"}],"predecessor-version":[{"id":4362,"href":"https:\/\/www.worldofart.org\/arhiv.worldofart.org\/current\/wp-json\/wp\/v2\/pages\/4193\/revisions\/4362"}],"up":[{"embeddable":true,"href":"https:\/\/www.worldofart.org\/arhiv.worldofart.org\/current\/wp-json\/wp\/v2\/pages\/3775"}],"wp:featuredmedia":[{"embeddable":true,"href":"https:\/\/www.worldofart.org\/arhiv.worldofart.org\/current\/wp-json\/wp\/v2\/media\/4194"}],"wp:attachment":[{"href":"https:\/\/www.worldofart.org\/arhiv.worldofart.org\/current\/wp-json\/wp\/v2\/media?parent=4193"}],"wp:term":[{"taxonomy":"category","embeddable":true,"href":"https:\/\/www.worldofart.org\/arhiv.worldofart.org\/current\/wp-json\/wp\/v2\/categories?post=4193"},{"taxonomy":"post_tag","embeddable":true,"href":"https:\/\/www.worldofart.org\/arhiv.worldofart.org\/current\/wp-json\/wp\/v2\/tags?post=4193"}],"curies":[{"name":"wp","href":"https:\/\/api.w.org\/{rel}","templated":true}]}}