{"id":4260,"date":"2017-06-15T17:02:35","date_gmt":"2017-06-15T15:02:35","guid":{"rendered":"http:\/\/www.worldofart.org\/current\/?page_id=4260"},"modified":"2022-05-05T12:54:52","modified_gmt":"2022-05-05T10:54:52","slug":"final-exhibitions","status":"publish","type":"page","link":"https:\/\/www.worldofart.org\/arhiv.worldofart.org\/current\/final-exhibitions","title":{"rendered":"Final Exhibitions"},"content":{"rendered":"<div class=\"scca-articles-grid\">\n<div class=\"col-md-12 col-sm-12 grid\">\n<div class=\"featured-thumb col-md-4 col-sm-4\"><a href=\"https:\/\/www.worldofart.org\/arhiv.worldofart.org\/current\/archives\/6506\"><img loading=\"lazy\" decoding=\"async\" src=\"https:\/\/www.worldofart.org\/arhiv.worldofart.org\/current\/wp-content\/uploads\/2022\/05\/Info-Point_SPLETNA-EXH-338x225.jpg\" alt=\"\" width=\"338\" height=\"225\" class=\"alignnone size-medium wp-image-6514\" srcset=\"https:\/\/www.worldofart.org\/arhiv.worldofart.org\/current\/wp-content\/uploads\/2022\/05\/Info-Point_SPLETNA-EXH-338x225.jpg 338w, https:\/\/www.worldofart.org\/arhiv.worldofart.org\/current\/wp-content\/uploads\/2022\/05\/Info-Point_SPLETNA-EXH-730x487.jpg 730w, https:\/\/www.worldofart.org\/arhiv.worldofart.org\/current\/wp-content\/uploads\/2022\/05\/Info-Point_SPLETNA-EXH-768x512.jpg 768w, https:\/\/www.worldofart.org\/arhiv.worldofart.org\/current\/wp-content\/uploads\/2022\/05\/Info-Point_SPLETNA-EXH.jpg 1200w\" sizes=\"auto, (max-width: 338px) 100vw, 338px\" \/><\/a><\/div>\n<div class=\"out-thumb col-md-8 col-sm-8\">\n<p>Final exhibition of Year 18, 2021\/2022<\/p>\n<h4><strong>Info Point<\/strong><\/h4>\n<p>13 May \u2013 8 June 2022<br \/>\n\u0160kuc Gallery, Ljubljana<\/p>\n<p>Artists: Lene Lek\u0161e, Danilo Milovanovi\u0107, Robert Marin and Matja\u017e Ru\u0161t<\/p>\n<p>Curators: Katarina Bogataj, Ajda Bra\u010di\u010d, Hana \u010ceferin, Ma\u0161a Knapi\u010d, Teja Kosi, Sanja Vati\u0107, Ma\u0161a P. \u017dmitek<\/p>\n<p>Mentors: Alenka Gregori\u010d, Vadim Fi\u0161kin<br \/>\nHead of School: Miha Kelemina<br \/>\nProfessional Assistance: Lara Plav\u010dak<\/p>\n<p><a href=\"https:\/\/www.worldofart.org\/arhiv.worldofart.org\/current\/archives\/6506\">More info<\/a><\/p>\n<\/div>\n<\/div>\n<hr \/>\n<div class=\"col-md-12 col-sm-12 grid\">\n<div class=\"featured-thumb col-md-4 col-sm-4\"><a href=\"https:\/\/www.worldofart.org\/arhiv.worldofart.org\/current\/archives\/6218\"><img loading=\"lazy\" decoding=\"async\" class=\"alignnone size-medium wp-image-6221\" src=\"https:\/\/www.worldofart.org\/arhiv.worldofart.org\/current\/wp-content\/uploads\/2020\/11\/SCCA_Pod-pritiskom-12.-11.\u2013_SPLETNA-EXH-338x225.jpg\" alt=\"\" width=\"338\" height=\"225\" srcset=\"https:\/\/www.worldofart.org\/arhiv.worldofart.org\/current\/wp-content\/uploads\/2020\/11\/SCCA_Pod-pritiskom-12.-11.\u2013_SPLETNA-EXH-338x225.jpg 338w, https:\/\/www.worldofart.org\/arhiv.worldofart.org\/current\/wp-content\/uploads\/2020\/11\/SCCA_Pod-pritiskom-12.-11.\u2013_SPLETNA-EXH-730x487.jpg 730w, https:\/\/www.worldofart.org\/arhiv.worldofart.org\/current\/wp-content\/uploads\/2020\/11\/SCCA_Pod-pritiskom-12.-11.\u2013_SPLETNA-EXH-768x512.jpg 768w, https:\/\/www.worldofart.org\/arhiv.worldofart.org\/current\/wp-content\/uploads\/2020\/11\/SCCA_Pod-pritiskom-12.-11.\u2013_SPLETNA-EXH.jpg 1200w\" sizes=\"auto, (max-width: 338px) 100vw, 338px\" \/><\/a><\/div>\n<div class=\"out-thumb col-md-8 col-sm-8\">\n<p>Final exhibition of Year 17, 2018\/2020<\/p>\n<h4><strong>Under Pressure<\/strong><\/h4>\n<p>12 November \u2013 29 December 2020<br \/>\n\u0160kuc Gallery, Ljubljana<\/p>\n<p>Artists:\u00a0Maru\u0161a Megli\u010d\u00a0and\u00a0Sara Rman<\/p>\n<p>Curators:\u00a0Tia \u010ci\u010dek, Kristina Ferk, Katja Filovski, Lara Meja\u010d, Anja Seni\u010dar\u00a0and\u00a0Rea Vogrin\u010di\u010d<\/p>\n<p>Mentors:\u00a0Alenka Gregori\u010d\u00a0and\u00a0Miran Mohar<br \/>\nAdvisory role in the implementation of the exhibition:\u00a0Miha Kelemina, Lara Plav\u010dak\u00a0and\u00a0Asta Vre\u010dko<\/p>\n<p><a href=\"https:\/\/www.worldofart.org\/arhiv.worldofart.org\/current\/archives\/6218\">More info<\/a><\/p>\n<\/div>\n<\/div>\n<hr \/>\n<div class=\"col-md-12 col-sm-12 grid\">\n<div class=\"featured-thumb col-md-4 col-sm-4\"><a href=\"https:\/\/www.worldofart.org\/arhiv.worldofart.org\/current\/a-few-minutes-later\"><img decoding=\"async\" class=\"alignnone size-medium wp-image-12732\" src=\"https:\/\/www.worldofart.org\/arhiv.worldofart.org\/aktualno\/wp-content\/uploads\/2018\/05\/Vizualija-transkript-338x190.jpg\" alt=\"\" width=\"338\" \/><\/a><\/div>\n<div class=\"out-thumb col-md-8 col-sm-8\">\n<p>Final exhibition of Year 16, 2017\/2018<\/p>\n<h4><strong>A Few Minutes Later.<\/strong><\/h4>\n<p>15 May \u2013 7 June 2018<br \/>\n\u0160kuc Gallery, Stari trg 21, Ljubljana<\/p>\n<p>Artist: Voranc Kumar<\/p>\n<p>Curators: Ur\u0161ka Aplinc, Maja Burja, Anja Guid, Ajda Ana Kocutar, Iza Pevec, Adrijan Praznik<\/p>\n<p>Tutors: Alenka Gregori\u010d, Miran Mohar<br \/>\nHead of the School: Miha Kelemina<\/p>\n<p><a href=\"https:\/\/www.worldofart.org\/arhiv.worldofart.org\/current\/a-few-minutes-later\">More info<\/a><\/p>\n<\/div>\n<\/div>\n<hr \/>\n<div class=\"col-md-12 col-sm-12 grid\">\n<div class=\"featured-thumb col-md-4 col-sm-4\"><a href=\"https:\/\/www.worldofart.org\/arhiv.worldofart.org\/current\/15th-season-2014-2016\/personal\"><img decoding=\"async\" class=\"alignnone size-medium wp-image-8630\" src=\"https:\/\/www.worldofart.org\/arhiv.worldofart.org\/aktualno\/wp-content\/uploads\/2016\/05\/Marusa-Meglic_Hisica-na-robu-gozda-detajl.jpg\" alt=\"\" width=\"338\" \/><\/a><\/div>\n<div class=\"out-thumb col-md-8 col-sm-8\">\n<p>Final exhibition of Year 15, 2014\/2016<\/p>\n<h4><strong>Personal<\/strong><\/h4>\n<p>26 May\u201315 July 2016, \u0160kuc Gallery, Stari trg 21, Ljubljana<\/p>\n<p>Artists: Boris Beja, \u017diva Bo\u017ei\u010dnik Rebec, Nina \u010celhar, Ne\u017ea Knez, Maru\u0161a Megli\u010d, Tejka Pezdirc, Pila Rusjan, Dejan \u0160tefan\u010di\u010d<\/p>\n<p>Curators: <a href=\"https:\/\/www.worldofart.org\/arhiv.worldofart.org\/current\/15th-season-2014-2016\/participants-20142016\">Petra Bole, Nina Jesih, Zala Kurin\u010di\u010d, Hana Ostan O\u017ebolt, Mojca Sfiligoj, Katarina Stopar<\/a><\/p>\n<p>Tutors: Alenka Gregori\u010d, Miran Mohar<br \/>\nHead of the School: Simona \u017dvanut<br \/>\nCoordinator: Miha Kelemina<\/p>\n<p><a href=\"https:\/\/www.worldofart.org\/arhiv.worldofart.org\/current\/15th-season-2014-2016\/personal\">More info<\/a><\/p>\n<\/div>\n<\/div>\n<hr \/>\n<div class=\"col-md-12 col-sm-12 grid\">\n<div class=\"featured-thumb col-md-4 col-sm-4\"><a href=\"https:\/\/www.worldofart.org\/arhiv.worldofart.org\/current\/14th-year-20112013\/4-4\"><img decoding=\"async\" class=\"alignnone size-full wp-image-4297\" src=\"https:\/\/www.worldofart.org\/arhiv.worldofart.org\/aktualno\/wp-content\/uploads\/2013\/03\/plakat-4.4.jpg\" alt=\"\" width=\"338\" \/><\/a><\/div>\n<div class=\"out-thumb col-md-8 col-sm-8\">\n<p>Final exhibition of Year 14, 2011\/2013<\/p>\n<h4><strong>4. 4.<\/strong><\/h4>\n<p>April 4\u2013May 5, 2013, \u0160kuc Gallery, Stari trg 21, Ljubljana<\/p>\n<p>Artists: Vid Avdi\u010d Batista, Mirjana Batini\u0107, Simon Hudolin Sal\u010di (Small but dangers), Ne\u017ea Jurman, Gal Ko\u0161nik, Tejka Pezdirc, Tja\u0161a Poga\u010dar Podgornik, Nika Rupnik, Matej Stupica, Andrej \u0160kufca, Tadej Vaukman, Sta\u0161 Vrenko<\/p>\n<p>Curators: <a href=\"https:\/\/www.worldofart.org\/arhiv.worldofart.org\/current\/14th-year-20112013\/participants-20112013\">Maja Alibegovi\u0107, Maja Anton\u010di\u010d, Lenka \u0110orojevi\u0107, Jasna Jernej\u0161ek, Miha Kelemina, Nina Skumavc, Denis Volk<\/a><\/p>\n<p>Tutors: Miran Mohar, Nevenka \u0160ivavec<br \/>\nHead of the School: Sa\u0161a Nabergoj<br \/>\nCoordinator: Simona \u017dvanut<br \/>\nGraphic design for the exhibition 4. 4.: Matja\u017e Komel, An\u017ee Pintar<\/p>\n<p><a href=\"https:\/\/www.worldofart.org\/arhiv.worldofart.org\/current\/14th-year-20112013\/4-4\">More info<\/a><\/p>\n<\/div>\n<\/div>\n<hr \/>\n<div class=\"col-md-12 col-sm-12 grid\">\n<div class=\"featured-thumb col-md-4 col-sm-4\"><a href=\"https:\/\/www.worldofart.org\/arhiv.worldofart.org\/current\/archives\/378\"><img decoding=\"async\" src=\"https:\/\/www.worldofart.org\/arhiv.worldofart.org\/aktualno\/wp-content\/2010-11\/pogacar_petnajst-do-dveh.jpg\" alt=\"Tadej Poga\u010dar, Petnajst do dveh, Moderna galerija\" width=\"338\" \/><\/a><\/div>\n<div class=\"out-thumb col-md-8 col-sm-8\">\n<p>Final exhibition of Year 13, 2010\/2011<\/p>\n<h4><strong>Quarter to Two<\/strong><\/h4>\n<p>April 13\u2013May 6, 2011, Alkatraz Gallery, Metelkova City, Ljubljana<\/p>\n<p>Artists: Tadej Poga\u010dar<\/p>\n<p>Curators: <a href=\"https:\/\/www.worldofart.org\/arhiv.worldofart.org\/current\/13th-year-201011\/participants\/participants-2nd-semester\">Ana Grobler, Iva Kova\u010d, Yasm\u00edn Mart\u00edn Vodopivec, \u0160pela Pavli, Lara Plav\u010dak, Vladimir Vidmar, Asta Vre\u010dko, Mojca Zalo\u017enik<\/a><\/p>\n<p>Tutors: Jo\u017ee Bar\u0161i, Nevenka \u0160ivavec<br \/>\nHead of the School: Sa\u0161a Nabergoj<br \/>\nAsistant: Sonja Zavrtanik<\/p>\n<p><a href=\"https:\/\/www.worldofart.org\/arhiv.worldofart.org\/current\/archives\/378\">More info<\/a><\/p>\n<\/div>\n<\/div>\n<hr \/>\n<div class=\"col-md-12 col-sm-12 grid\">\n<div class=\"featured-thumb col-md-4 col-sm-4\"><a href=\"https:\/\/www.worldofart.org\/arhiv.worldofart.org\/current\/archives\/86\"><img loading=\"lazy\" decoding=\"async\" class=\"alignnone size-medium wp-image-12948\" src=\"https:\/\/www.worldofart.org\/arhiv.worldofart.org\/aktualno\/wp-content\/uploads\/2018\/06\/googleturist_-338x225.jpg\" alt=\"\" width=\"338\" height=\"225\" \/><\/a><\/div>\n<div class=\"out-thumb col-md-8 col-sm-8\">\n<p>Final exhibition of Year 11, 2007\/2008<\/p>\n<h4><strong>Google Tourist<\/strong><\/h4>\n<p>June 27th\u2013July 19th 2008, Alkatraz Gallery, Metelkova City, Ljubljana<\/p>\n<p>Artist: Mircea Nicolae<\/p>\n<p>Curators: <a href=\"https:\/\/www.worldofart.org\/arhiv.worldofart.org\/current\/11th-year-200708\/laboratorium-2007-08\/participants-200708\">Nata\u0161a Bodro\u017ei\u0107, Petra Mili\u010d, Teja Rot, Jernej \u0160kof, Vanja \u017danko<\/a><\/p>\n<p>Tutors: Petja Grafenauer Krnc, Sa\u0161a Nabergoj<br \/>\nHead of the School: Sa\u0161a Nabergoj<br \/>\nAsistant: Maja Lozi\u0107<\/p>\n<p><a href=\"https:\/\/www.worldofart.org\/arhiv.worldofart.org\/current\/archives\/86\">More info<\/a><\/p>\n<\/div>\n<\/div>\n<hr \/>\n<div class=\"col-md-12 col-sm-12 grid\">\n<div class=\"featured-thumb col-md-4 col-sm-4\"><img loading=\"lazy\" decoding=\"async\" class=\"alignnone size-medium wp-image-12949\" src=\"https:\/\/www.worldofart.org\/arhiv.worldofart.org\/aktualno\/wp-content\/uploads\/2018\/06\/labsus-338x478.jpg\" alt=\"\" width=\"338\" height=\"478\" \/><\/div>\n<div class=\"out-thumb col-md-8 col-sm-8\">\n<p>Final exhibitions of Year 10, 2006\/2007<\/p>\n<h4><strong>LabSUs \u2013 Open platform of curators, artists, writers, theoreticians<\/strong><\/h4>\n<p>June 23\u201329, 2007, \u0160kuc Gallery, Ljubljana<\/p>\n<p><a href=\"https:\/\/www.worldofart.org\/arhiv.worldofart.org\/current\/laboratorium-2006-07\/labsus\">More info<\/a><\/p>\n<p>&#8212;<\/p>\n<h4><strong>LabSUs, Personally<\/strong><\/h4>\n<p>October 20\u2013November 11, 2007, City Gallery of Labin, Croatia<\/p>\n<p>Artists: Bo\u017eena Kon\u010di\u0107 Badurina, Tanja Dabo in Igor Grubi\u0107, Ksenija \u010cer\u010de, I\u0161tvan I\u0161t Huzjan, Marko Ko\u0161nik, Robertina \u0160ebjani\u010d, Simon Macuh, Vuk \u0106osi\u0107<\/p>\n<p>Curators (Laboratorium of Curatorial Practices): <a href=\"https:\/\/www.worldofart.org\/arhiv.worldofart.org\/current\/laboratorium-2006-07\/participants-2006-07\">Ivana Bago, Monika Ivan\u010di\u010d Fajfar, Petja Grafenauer Krnc, Petra Kap\u0161, Vasja Nagy, Mojca Puncer, Jaka \u017deleznikar<\/a><\/p>\n<p>Head: Sa\u0161a Nabergoj<br \/>\nAsistant: Tev\u017e Logar<\/p>\n<p><a href=\"https:\/\/www.worldofart.org\/arhiv.worldofart.org\/current\/archives\/78\">More info<\/a><\/p>\n<\/div>\n<\/div>\n<hr \/>\n<div class=\"col-md-12 col-sm-12 grid\">\n<div class=\"featured-thumb col-md-4 col-sm-4\"><a href=\"http:\/\/arhiv.worldofart.org\/odprtirog\/\" target=\"_blank\" rel=\"noopener\"><img loading=\"lazy\" decoding=\"async\" class=\"alignnone size-medium wp-image-12983\" src=\"https:\/\/www.worldofart.org\/arhiv.worldofart.org\/aktualno\/wp-content\/uploads\/2018\/06\/odprti-rog-vabilo-338x477.png\" alt=\"\" width=\"338\" height=\"477\" \/><\/a><\/div>\n<div class=\"out-thumb col-md-8 col-sm-8\">\n<p>Final exhibitions of Year 9, 2005\/2006<\/p>\n<h4><strong>Open Rog<\/strong><\/h4>\n<p>June 23\u2212July 7, 2006, Rog Factory, Ljubljana<br \/>\nJune 23\u2212July 19, 2006, \u0160kuc Gallery, Ljubljana<\/p>\n<p>Artists: Artgroup RGB (\u017diga Pilih, Gregor Podr\u017eaj, Simon Svetlik), Za\u0161 Brezar, Vlasta Delimar &amp; Milan Bo\u017ei\u0107, Bla\u017e Erzeti\u010d, Irma Gnezda, Aleksandra Sa\u0161ka Gruden, Pavel Koltaj, Jure Legac, Mateja Pero\u0161a, Pila Rusjan, Bojan Salaj, Simon Svetlik, Robertina \u0160ebjani\u010d, Mojca Zlokarnik, Luka Prin\u010di\u010d &amp; Sa\u0161a \u0160pacal, Antonio \u017divkovi\u010d<\/p>\n<p>Curators: Sandra Bel\u0161ak, Maja Lozi\u0107, Janja Gojkovi\u010d, Mojca Le\u0161nik, Irena Orel<\/p>\n<p>Tutors: Alen O\u017ebolt, Nevenka \u0160ivavec<br \/>\nHead of the School: Ur\u0161ka Jurman<br \/>\nAsistant: Tev\u017e Logar<\/p>\n<p><a href=\"http:\/\/arhiv.worldofart.org\/odprtirog\/\" target=\"_blank\" rel=\"noopener\">More info (in Slovene)<\/a><\/p>\n<\/div>\n<\/div>\n<hr \/>\n<div class=\"col-md-12 col-sm-12 grid\">\n<div class=\"featured-thumb col-md-4 col-sm-4\"><a href=\"http:\/\/arhiv.worldofart.org\/prettydirty\/\" target=\"_blank\" rel=\"noopener\"><img loading=\"lazy\" decoding=\"async\" class=\"alignnone size-medium wp-image-12952\" src=\"https:\/\/www.worldofart.org\/arhiv.worldofart.org\/aktualno\/wp-content\/uploads\/2018\/06\/cisto-umazano-338x241.jpg\" alt=\"\" width=\"338\" height=\"241\" \/><\/a><\/div>\n<div class=\"out-thumb col-md-8 col-sm-8\">\n<p>Final exhibition of Year 8, 2004\/2005<\/p>\n<h4><strong>Pretty Dirty<\/strong><\/h4>\n<p>June 24\u2212July 22, 2005, \u0160kuc Gallery<\/p>\n<p>Artists: Martin Bricelj, Lada Cerar, Damijan Kracina, Maja Licul in Metod Vidic mimikrija, Mirjam Marussig, Alenka Pirman, Tadej Poga\u010dar, Sa\u0161o Sedla\u010dek, Primo\u017e Seli\u0161kar, Alenka Spacal, Polona Tratnik, Tanja Vujinovi\u0107 in Zvonka Sim\u010di\u0107<\/p>\n<p>Curators: Ivana Bago, Miha Colner, Ida Hir\u0161enfelder, Monika Ivan\u010di\u010d, Nina Kodri\u010d, Mojca Man\u010dek, Tanja Pavli\u010d<\/p>\n<p>Tutors: Alen O\u017ebolt, Nevenka \u0160ivavec<br \/>\nHead: Sa\u0161a Glavan<br \/>\nAsistant: Tev\u017e Logar<\/p>\n<p><a href=\"http:\/\/arhiv.worldofart.org\/prettydirty\/\" target=\"_blank\" rel=\"noopener\">More info<\/a><\/p>\n<\/div>\n<\/div>\n<hr \/>\n<div class=\"col-md-12 col-sm-12 grid\">\n<div class=\"featured-thumb col-md-4 col-sm-4\"><a href=\"http:\/\/arhiv.worldofart.org\/ogenj\/\" target=\"_blank\" rel=\"noopener\"><img loading=\"lazy\" decoding=\"async\" class=\"alignnone size-medium wp-image-12955\" src=\"https:\/\/www.worldofart.org\/arhiv.worldofart.org\/aktualno\/wp-content\/uploads\/2018\/06\/medognjeminumetnostjo-338x254.gif\" alt=\"\" width=\"338\" height=\"254\" \/><\/a><\/div>\n<div class=\"out-thumb col-md-8 col-sm-8\">\n<p>Final exhibition of Year 7, 2003\/2004<\/p>\n<h4><strong>Between Fire and Art<\/strong><\/h4>\n<p>June 23\u2212July 7, 2004, \u0160kuc Gallery, Ljubljana<\/p>\n<p>Artists: Marina Abramovi\u0107 in Ulay, John Baldessari, Borut Hlupi\u010d, \u017deljko Jerman<\/p>\n<p>Curators: <a href=\"http:\/\/arhiv.worldofart.org\/ogenj\/curators.htm\" target=\"_blank\" rel=\"noopener\">Vesna \u010cade\u017e, Petra Kap\u0161, Tev\u017e Logar, Alja Mravljak, Andrej Savelli, Jasmina Zalo\u017enik, \u0160pela Zidar<\/a><\/p>\n<p>Tutors: Tadej Poga\u010dar, Nevenka \u0160ivavec<br \/>\nHead: Sa\u0161a Glavan<br \/>\nAsistant: Toni Poljanec<\/p>\n<p><a href=\"http:\/\/arhiv.worldofart.org\/ogenj\/\" target=\"_blank\" rel=\"noopener\">More info<\/a><\/p>\n<\/div>\n<\/div>\n<hr \/>\n<div class=\"col-md-12 col-sm-12 grid\">\n<div class=\"featured-thumb col-md-4 col-sm-4\"><a href=\"http:\/\/arhiv.worldofart.org\/fadeinfadeout\/\" target=\"_blank\" rel=\"noopener\"><img loading=\"lazy\" decoding=\"async\" class=\"alignnone size-medium wp-image-12958\" src=\"https:\/\/www.worldofart.org\/arhiv.worldofart.org\/aktualno\/wp-content\/uploads\/2018\/06\/fadeinfadeout-338x239.png\" alt=\"\" width=\"338\" height=\"239\" \/><\/a><\/div>\n<div class=\"out-thumb col-md-8 col-sm-8\">\n<p>Final exhibitions of Year 6, 2002\/2003<\/p>\n<h4><strong>Fade in \/ Fade out<\/strong><\/h4>\n<p>July 7 \u2212 24, 2003, Kapelica Gallery, Ljubljana<br \/>\nOctober 10 \u2013 31, 2003, City Gallery Labin, Croatia<\/p>\n<p>Artists: Vadim Fi\u0161kin, Alen Flori\u010di\u0107, Sa\u0161o Vrabi\u010d<\/p>\n<p>Curators: Mara Ambro\u017ei\u010d, Nina Gregori\u010d, Tolja Kandu\u010d, Toma\u017e Ku\u010der, Marko Pak, Luka Sinkovi\u0107<\/p>\n<p>Tutors: Miran Mohar, Gregor Podnar<br \/>\nHead: Sa\u0161a Glavan<br \/>\nAsistant: Jani Pirnat<\/p>\n<p><a href=\"http:\/\/arhiv.worldofart.org\/fadeinfadeout\/\" target=\"_blank\" rel=\"noopener\">More info<\/a><\/p>\n<\/div>\n<\/div>\n<hr \/>\n<div class=\"col-md-12 col-sm-12 grid\">\n<div class=\"featured-thumb col-md-4 col-sm-4\"><a href=\"http:\/\/arhiv.worldofart.org\/0102\/index.htm\" target=\"_blank\" rel=\"noopener\"><img loading=\"lazy\" decoding=\"async\" class=\"alignnone size-medium wp-image-12960\" src=\"https:\/\/www.worldofart.org\/arhiv.worldofart.org\/aktualno\/wp-content\/uploads\/2018\/06\/cameralucida-338x239.png\" alt=\"\" width=\"338\" height=\"239\" \/><\/a><\/div>\n<div class=\"out-thumb col-md-8 col-sm-8\">\n<p>Final exhibition of Year 5, 2001\/2002<\/p>\n<h4><strong>Camera Lucida<\/strong><\/h4>\n<p>June 20 \u2212 July 14, 2002, \u0160kuc Gallery, Ljubljana<\/p>\n<p>Artists: Borislav Bena\u017ei\u0107, Ur\u0161ula Berlot, Ivan Maru\u0161i\u0107 Klif, Antun Motika, Goran Petercol, Du\u0161an Tr\u0161ar, Mirjana Vodopija, Tao G. Vrhovec Sambolec<\/p>\n<p>Curators: Du\u0161an Dov\u010d, Jasna Jak\u0161i\u0107, Jani Pirnat, Anton Starc, Ma\u0161a Tomadini, Jadranka Velji\u010d, Jaka \u017deleznikar<\/p>\n<p>Tutors: Gregor Podnar, Tadej Poga\u010dar<br \/>\nHead: Sa\u0161a Glavan<\/p>\n<p><a href=\"http:\/\/arhiv.worldofart.org\/0102\/index.htm\" target=\"_blank\" rel=\"noopener\">More info<\/a><\/p>\n<\/div>\n<\/div>\n<hr \/>\n<div class=\"col-md-12 col-sm-12 grid\">\n<div class=\"featured-thumb col-md-4 col-sm-4\"><a href=\"http:\/\/www.ljudmila.org\/scca\/worldofart\/2000-2001\/\" target=\"_blank\" rel=\"noopener\"><img loading=\"lazy\" decoding=\"async\" class=\"alignnone size-medium wp-image-12976\" src=\"https:\/\/www.worldofart.org\/arhiv.worldofart.org\/aktualno\/wp-content\/uploads\/2018\/06\/medijejeorozje_-338x490.png\" alt=\"\" width=\"338\" height=\"490\" \/><\/a><\/div>\n<div class=\"out-thumb col-md-8 col-sm-8\">\n<p>Final exhibition of Year 4, 2000\/2001<\/p>\n<h4><strong> Media is a Weapon, Use It!<\/strong><\/h4>\n<p>June 20 \u2212 July 14, 2002, \u0160kuc Gallery, Ljubljana<\/p>\n<p>Artists: etoy, Institute for Applied Autonomy, Monochrom, Marko Peljhan, Pholks &amp; more, \u00aetmark, Brian Springer<\/p>\n<p>Curators: Alenka Gregori\u010d, Pavla Jarc, Sandra Sajovic, Meta Trampu\u0161, Sonja Zavrtanik, Simona Zorko<\/p>\n<p>Tutors: Gregor Podnar, Lilijana Stepan\u010di\u010d, Igor Zabel<br \/>\nHead: Sa\u0161a Glavan<\/p>\n<p><a href=\"http:\/\/www.ljudmila.org\/scca\/worldofart\/2000-2001\/\" target=\"_blank\" rel=\"noopener\">More info (in Slovene)<\/a><\/p>\n<\/div>\n<\/div>\n<hr \/>\n<div class=\"col-md-12 col-sm-12 grid\">\n<div class=\"featured-thumb col-md-4 col-sm-4\"><img decoding=\"async\" class=\"alignnone size-medium wp-image-12974\" src=\"https:\/\/www.worldofart.org\/arhiv.worldofart.org\/aktualno\/wp-content\/uploads\/2018\/06\/obiskovalci-posjetioci-331x500.png\" alt=\"\" width=\"338\" \/><\/div>\n<div class=\"out-thumb col-md-8 col-sm-8\">\n<p>Final exhibition of Year 3, 1999<\/p>\n<h4><strong>Posjetioci \/ Visitors<\/strong><\/h4>\n<p>October 7 \u2013 28, 1999, \u0160kuc Gallery<\/p>\n<p>Artists: Maja Bajevi\u0107, \u0160ejla Kameri\u0107, Edin Numankadi\u0107, Sead Salihovi\u0107, Alma Suljevi\u0107, Neboj\u0161a \u0160eri\u0107 \u0160oba in video produkcija SAGA &amp; SCCA-Sarajevo (Ned\u017ead Begovi\u0107, Zlatko Lavanti\u0107, Miroslav Benkovi\u0107, Sr\u0111an Vuleti\u0107, Pjer \u017dalica, Vuk Janji\u0107, Antonije \u017dalica, Zoja Bajbutovi\u0107, Dejan \u0106ori\u0107, Zlatan Filipovi\u0107, Smail Kapetanovi\u0107, Lejla Porobi\u0107, Alma Suljevi\u0107, Neboj\u0161a \u0160eri\u0107 \u0160oba, Muhidin Tvico, Dejan Veki\u0107, Enes Zlatar, Jasmila \u017dbani\u0107)<\/p>\n<p>Curators: Katja Ceglar, Tanja \u010cajavec, Viktor Rebernak, Barbara Savenc, Polona Tratnik<\/p>\n<p>Tutors: Alenka Pirman, Lilijana Stepan\u010di\u010d, Igor Zabel<br \/>\nHead: Sa\u0161a Glavan<\/p>\n<\/div>\n<\/div>\n<hr \/>\n<div class=\"col-md-12 col-sm-12 grid\">\n<div class=\"featured-thumb col-md-4 col-sm-4\"><a href=\"http:\/\/www.ljudmila.org\/scca\/porno\/\" target=\"_blank\" rel=\"noopener\"><img loading=\"lazy\" decoding=\"async\" class=\"alignnone size-medium wp-image-12973\" src=\"https:\/\/www.worldofart.org\/arhiv.worldofart.org\/aktualno\/wp-content\/uploads\/2018\/06\/koumetnostnabija_-338x479.jpg\" alt=\"\" width=\"338\" height=\"479\" \/><\/a><\/div>\n<div class=\"out-thumb col-md-8 col-sm-8\">\n<p>Final exhibition of Year 2, 1997\/1998<\/p>\n<h4><strong>When Art is Doin\u2019 It<\/strong><\/h4>\n<p>October 8 \u2212 29, 1998, \u0160kuc Gallery, Ljubljana<\/p>\n<p>Artists: Goran Bertok, Rajko Bizjak, Vuk \u0106osi\u0107, Darij Kreuh, Jurij Perpar, Marija Mojca Punger\u010dar, Teeny, Brane Zorman<\/p>\n<p>Curators: Ur\u0161a Jurman, Dunja Kukovec, Nata\u0161a Petre\u0161in, Bojana Pi\u0161kur, Metka Vre\u010dar, Bo\u017eidar Zrinski<\/p>\n<p>Tutors: Alenka Pirman, Lilijana Stepan\u010di\u010d, Igor Zabel<br \/>\nHead: Sa\u0161a Glavan<\/p>\n<p><a href=\"http:\/\/www.ljudmila.org\/scca\/porno\/\" target=\"_blank\" rel=\"noopener\">More info<\/a><\/p>\n<\/div>\n<\/div>\n<hr \/>\n<div class=\"col-md-12 col-sm-12 grid\">\n<div class=\"featured-thumb col-md-4 col-sm-4\"><img loading=\"lazy\" decoding=\"async\" class=\"alignnone size-medium wp-image-12972\" src=\"https:\/\/www.worldofart.org\/arhiv.worldofart.org\/aktualno\/wp-content\/uploads\/2018\/06\/thisartisrecycled-338x160.png\" alt=\"\" width=\"338\" height=\"160\" \/><\/div>\n<div class=\"out-thumb col-md-8 col-sm-8\">\n<p>Final exhibition of Year 1, 1996\/1997<\/p>\n<h4><strong>This Art is Recycled<\/strong><\/h4>\n<p>October 9 \u2212 29, 1997, \u0160kuc Gallery, Ljubljana<\/p>\n<p>Artists: Sanja Grci\u0107, Kapetan Hysteria (Ale\u0161 Hvasti, Uro\u0161 Koren\u010dan), Irwin, Marko A. Kova\u010di\u010d, Tanja La\u017eeti\u0107, Metelkova (Matej Bizovi\u010dar, Bo\u0161tjan Drinovec, Luka Drinovec, Goran Medjugorac, Robert Ograjen\u0161ek, Andreja Suhadol\u010dan, Nata\u0161a Tajnik, Ur\u0161a Toman), Primo\u017e Pugelj, Rene Rusjan, Apolonija \u0160u\u0161ter\u0161i\u010d, Du\u0161an \u0160u\u0161tar\u0161i\u010d, Matej Andra\u017e Vogrin\u010di\u010d<\/p>\n<p>Curators: Da\u0161a Dekleva, Marko Germov\u0161ek, Iztok Hotko, Polona Hribov\u0161ek, Ljubica Klan\u010dar, Vasja Nagy, Sabina Salamon, Barbara Sterle, Igor \u0160panjol, Nata\u0161a Tajnik, Katja \u017dlajpah<\/p>\n<p>Tutors: Alenka Pirman, Lilijana Stepan\u010di\u010d<br \/>\nHead: Alenka Pirman<br \/>\nAsistant: Sa\u0161a Glavan<\/p>\n<\/div>\n<\/div>\n<\/div>\n","protected":false},"excerpt":{"rendered":"<p>Final exhibition of Year 18, 2021\/2022 Info Point 13 May \u2013 8 June 2022 \u0160kuc Gallery, Ljubljana Artists: Lene Lek\u0161e, Danilo Milovanovi\u0107, Robert Marin and Matja\u017e Ru\u0161t Curators: Katarina Bogataj, Ajda Bra\u010di\u010d, Hana \u010ceferin, Ma\u0161a Knapi\u010d, Teja Kosi, Sanja Vati\u0107, Ma\u0161a P. \u017dmitek Mentors: Alenka Gregori\u010d, Vadim Fi\u0161kin Head of School: Miha Kelemina Professional Assistance: [&hellip;]<\/p>\n","protected":false},"author":1,"featured_media":0,"parent":0,"menu_order":0,"comment_status":"closed","ping_status":"closed","template":"","meta":{"footnotes":""},"categories":[],"tags":[],"class_list":["post-4260","page","type-page","status-publish","hentry"],"_links":{"self":[{"href":"https:\/\/www.worldofart.org\/arhiv.worldofart.org\/current\/wp-json\/wp\/v2\/pages\/4260","targetHints":{"allow":["GET"]}}],"collection":[{"href":"https:\/\/www.worldofart.org\/arhiv.worldofart.org\/current\/wp-json\/wp\/v2\/pages"}],"about":[{"href":"https:\/\/www.worldofart.org\/arhiv.worldofart.org\/current\/wp-json\/wp\/v2\/types\/page"}],"author":[{"embeddable":true,"href":"https:\/\/www.worldofart.org\/arhiv.worldofart.org\/current\/wp-json\/wp\/v2\/users\/1"}],"replies":[{"embeddable":true,"href":"https:\/\/www.worldofart.org\/arhiv.worldofart.org\/current\/wp-json\/wp\/v2\/comments?post=4260"}],"version-history":[{"count":18,"href":"https:\/\/www.worldofart.org\/arhiv.worldofart.org\/current\/wp-json\/wp\/v2\/pages\/4260\/revisions"}],"predecessor-version":[{"id":6515,"href":"https:\/\/www.worldofart.org\/arhiv.worldofart.org\/current\/wp-json\/wp\/v2\/pages\/4260\/revisions\/6515"}],"wp:attachment":[{"href":"https:\/\/www.worldofart.org\/arhiv.worldofart.org\/current\/wp-json\/wp\/v2\/media?parent=4260"}],"wp:term":[{"taxonomy":"category","embeddable":true,"href":"https:\/\/www.worldofart.org\/arhiv.worldofart.org\/current\/wp-json\/wp\/v2\/categories?post=4260"},{"taxonomy":"post_tag","embeddable":true,"href":"https:\/\/www.worldofart.org\/arhiv.worldofart.org\/current\/wp-json\/wp\/v2\/tags?post=4260"}],"curies":[{"name":"wp","href":"https:\/\/api.w.org\/{rel}","templated":true}]}}