{"id":4302,"date":"2017-06-18T14:11:12","date_gmt":"2017-06-18T12:11:12","guid":{"rendered":"http:\/\/www.worldofart.org\/current\/?page_id=4302"},"modified":"2017-07-06T10:29:00","modified_gmt":"2017-07-06T08:29:00","slug":"petja-grafenauer-close-reading-workshop","status":"publish","type":"page","link":"https:\/\/www.worldofart.org\/arhiv.worldofart.org\/current\/year16-2016-2018\/seminars-and-modules\/petja-grafenauer-close-reading-workshop","title":{"rendered":"Petja Grafenauer: Close Reading Workshop"},"content":{"rendered":"<p>World of Art | School for Curatorial Practices and Critical Writing | Year 16<\/p>\n<hr \/>\n<p>Using the close reading method the workshop participants will deal with selected art and visual arts key texts of the last century.<br \/>\nThe aim of the workshop is critical reading of art texts to improve understanding of theory and criticism of modern and contemporary art, which the participants will be later on able to use in their critical, artistic and curatorial practice.<\/p>\n<hr \/>\n<p><strong>Photogallery<\/strong> (photo: SCCA-Ljubljana Archive)<\/p>\n<div id='gallery-1' class='gallery galleryid-4302 gallery-columns-4 gallery-size-thumbnail'><figure class='gallery-item'>\n\t\t\t<div class='gallery-icon landscape'>\n\t\t\t\t<a href='https:\/\/www.worldofart.org\/arhiv.worldofart.org\/current\/year16-2016-2018\/seminars-and-modules\/petja-grafenauer-close-reading-workshop\/delavnica_petja-1'><img loading=\"lazy\" decoding=\"async\" width=\"140\" height=\"140\" src=\"https:\/\/www.worldofart.org\/arhiv.worldofart.org\/current\/wp-content\/uploads\/2017\/06\/Delavnica_Petja-1-150x150.jpg\" class=\"attachment-thumbnail size-thumbnail\" alt=\"\" \/><\/a>\n\t\t\t<\/div><\/figure><figure class='gallery-item'>\n\t\t\t<div class='gallery-icon landscape'>\n\t\t\t\t<a href='https:\/\/www.worldofart.org\/arhiv.worldofart.org\/current\/year16-2016-2018\/seminars-and-modules\/petja-grafenauer-close-reading-workshop\/delavnica_petja-2'><img loading=\"lazy\" decoding=\"async\" width=\"140\" height=\"140\" src=\"https:\/\/www.worldofart.org\/arhiv.worldofart.org\/current\/wp-content\/uploads\/2017\/06\/Delavnica_Petja-2-150x150.jpg\" class=\"attachment-thumbnail size-thumbnail\" alt=\"\" \/><\/a>\n\t\t\t<\/div><\/figure><figure class='gallery-item'>\n\t\t\t<div class='gallery-icon landscape'>\n\t\t\t\t<a href='https:\/\/www.worldofart.org\/arhiv.worldofart.org\/current\/year16-2016-2018\/seminars-and-modules\/petja-grafenauer-close-reading-workshop\/delavnica_petja-5'><img loading=\"lazy\" decoding=\"async\" width=\"140\" height=\"140\" src=\"https:\/\/www.worldofart.org\/arhiv.worldofart.org\/current\/wp-content\/uploads\/2017\/06\/Delavnica_Petja-5-150x150.jpg\" class=\"attachment-thumbnail size-thumbnail\" alt=\"\" \/><\/a>\n\t\t\t<\/div><\/figure><figure class='gallery-item'>\n\t\t\t<div class='gallery-icon landscape'>\n\t\t\t\t<a href='https:\/\/www.worldofart.org\/arhiv.worldofart.org\/current\/year16-2016-2018\/seminars-and-modules\/petja-grafenauer-close-reading-workshop\/delavnica_petja-6'><img loading=\"lazy\" decoding=\"async\" width=\"140\" height=\"140\" src=\"https:\/\/www.worldofart.org\/arhiv.worldofart.org\/current\/wp-content\/uploads\/2017\/06\/Delavnica_Petja-6-150x150.jpg\" class=\"attachment-thumbnail size-thumbnail\" alt=\"\" \/><\/a>\n\t\t\t<\/div><\/figure>\n\t\t<\/div>\n\n<hr \/>\n<p><img loading=\"lazy\" decoding=\"async\" class=\"alignleft size-full wp-image-10397\" style=\"margin: 3px 10px 5px 0px;\" src=\"https:\/\/www.worldofart.org\/arhiv.worldofart.org\/aktualno\/wp-content\/uploads\/2007\/01\/petja-grafenauer.jpg\" alt=\"Petja Grafenauer\" width=\"100\" height=\"100\" \/><strong>Petja Grafenauer (1976)<\/strong><br \/>\nArt historian, curator, art critic, editor, writer and lecturer on contemporary art. Head of Vodnikova doma\u010dija Gallery in \u0160i\u0161ka. Her main focus is contemporary painting in connection to other discourses, and history of the construction of the art discourse of the 20th and 21st centuries in the region. Between 2005 and 2006 she led the cultural redaction of Radio Student. Between 2007 and 2009 she was curator at the Gallery Ganes Pratt in Ljubljana. She lectures at the Department of Photography at VIST. She also lectured on history of contemporary art at the Art Academy at Nova Gorica University. She curated numerous group and solo exhibition projects.<\/p>\n","protected":false},"excerpt":{"rendered":"<p>World of Art | School for Curatorial Practices and Critical Writing | Year 16 Using the close reading method the workshop participants will deal with selected art and visual arts key texts of the last century. The aim of the workshop is critical reading of art texts to improve understanding of theory and criticism of [&hellip;]<\/p>\n","protected":false},"author":1,"featured_media":0,"parent":4190,"menu_order":0,"comment_status":"closed","ping_status":"closed","template":"","meta":{"footnotes":""},"categories":[],"tags":[],"class_list":["post-4302","page","type-page","status-publish","hentry"],"_links":{"self":[{"href":"https:\/\/www.worldofart.org\/arhiv.worldofart.org\/current\/wp-json\/wp\/v2\/pages\/4302","targetHints":{"allow":["GET"]}}],"collection":[{"href":"https:\/\/www.worldofart.org\/arhiv.worldofart.org\/current\/wp-json\/wp\/v2\/pages"}],"about":[{"href":"https:\/\/www.worldofart.org\/arhiv.worldofart.org\/current\/wp-json\/wp\/v2\/types\/page"}],"author":[{"embeddable":true,"href":"https:\/\/www.worldofart.org\/arhiv.worldofart.org\/current\/wp-json\/wp\/v2\/users\/1"}],"replies":[{"embeddable":true,"href":"https:\/\/www.worldofart.org\/arhiv.worldofart.org\/current\/wp-json\/wp\/v2\/comments?post=4302"}],"version-history":[{"count":5,"href":"https:\/\/www.worldofart.org\/arhiv.worldofart.org\/current\/wp-json\/wp\/v2\/pages\/4302\/revisions"}],"predecessor-version":[{"id":4676,"href":"https:\/\/www.worldofart.org\/arhiv.worldofart.org\/current\/wp-json\/wp\/v2\/pages\/4302\/revisions\/4676"}],"up":[{"embeddable":true,"href":"https:\/\/www.worldofart.org\/arhiv.worldofart.org\/current\/wp-json\/wp\/v2\/pages\/4190"}],"wp:attachment":[{"href":"https:\/\/www.worldofart.org\/arhiv.worldofart.org\/current\/wp-json\/wp\/v2\/media?parent=4302"}],"wp:term":[{"taxonomy":"category","embeddable":true,"href":"https:\/\/www.worldofart.org\/arhiv.worldofart.org\/current\/wp-json\/wp\/v2\/categories?post=4302"},{"taxonomy":"post_tag","embeddable":true,"href":"https:\/\/www.worldofart.org\/arhiv.worldofart.org\/current\/wp-json\/wp\/v2\/tags?post=4302"}],"curies":[{"name":"wp","href":"https:\/\/api.w.org\/{rel}","templated":true}]}}