{"id":4382,"date":"2017-06-20T15:16:21","date_gmt":"2017-06-20T13:16:21","guid":{"rendered":"http:\/\/www.worldofart.org\/current\/?page_id=4382"},"modified":"2018-03-01T15:04:06","modified_gmt":"2018-03-01T13:04:06","slug":"studio-6","status":"publish","type":"page","link":"https:\/\/www.worldofart.org\/arhiv.worldofart.org\/current\/studio-6","title":{"rendered":"Studio 6"},"content":{"rendered":"<p>Exhibitions, actions, performances, discussions<\/p>\n<hr \/>\n<p><strong>Studio 6 <\/strong>(from 2004) offers a platform for conversations about modes of working, cooperation and networking among the diverse protagonists in the field of contemporary arts (artists, curators, critics, theorists) and space for presentation of artistic actions and ensures their reflection.<\/p>\n<p><img loading=\"lazy\" decoding=\"async\" class=\"size-medium wp-image-11973 alignnone\" src=\"https:\/\/www.worldofart.org\/arhiv.worldofart.org\/aktualno\/wp-content\/uploads\/2017\/06\/20170818_121814_2-400x262.jpg\" alt=\"\" width=\"400\" height=\"262\" \/><\/p>\n<p>Programme is prepared by <strong>Miha Kelemina<\/strong><\/p>\n<p>Head of the programme:\u00a0 <strong>Sa\u0161a Nabergoj<\/strong> (2004\u00a0\u2013 2015)<strong>, Simona \u017dvanut<\/strong> (2015\/2016).<br \/>\nCoordinators: Tev\u017e Logar, Maja Lozi\u0107, Miha Kelemina,\u00a0 Sonja Zavrtanik, Simona \u017dvanut.<\/p>\n<hr \/>\n<p><a href=\"#2017\">PROGRAMME in 2017<\/a><br \/>\n<a href=\"#2016\">PROGRAMME in 2016<\/a><br \/>\n<a href=\"#2015\">PROGRAMME in 2015<\/a><br \/>\n<a href=\"#2013\">PROGRAMME in 2013<\/a><\/p>\n<hr \/>\n<p><a name=\"2017\"><\/a><br \/>\n<strong>PROGRAMME in 2017<\/strong><\/p>\n<p>With Studio 6 as part of our visual arts program of fourteen years, we continue to test different models of cooperation, present artistic projects and encourage their reflection. In 2017, we prepared two events, one at the SCCA Project Room, and the second traditionally in cooperation with another regional exhibiting venue of contemporary art.<\/p>\n<p>The group exhibition <em>Somethin\u2019s Written<\/em> was the second exhibition project prepared by SCCA-Ljubljana at the Vodnikova doma\u010dija Gallery and the sixth project to explore the merging of the written word and image in contemporary art production. As one of the ways of their expression, participating artists <strong>Bojan Mijatovi\u0107, Horrid Habits, Leon Zuodar, Maks Bricelj,<\/strong> <strong>Mina Fina<\/strong> and <strong>Nevena Aleksovski<\/strong> explore various approaches in combining text and images. They are active in drawing, graphics, painting, photography, assemblages, some are intervening a space with installations and other interventions or are creating artists\u2019 books, (fan)zines and similar art publications.<\/p>\n<p>In the <em>Curator\u2019s Visit <\/em>series the artist <strong>Dalibor Bori Zupan\u010di\u010d<\/strong> and curator <strong>Maja Anton\u010di\u010d<\/strong> carried out a workshop at the SCCA Project Room, which approached the methods of art therapy through group dynamics. By articulating artistic elements\/works\/practices\/theories, it moved closer to the collective curating of a specific artistic situation and its layout. The implementation didn\u2019t directly involve individual psychological analysis, but created an experiment of either artistic or therapeutic manifestations of various actors, both from the art world and by other interested participants.<\/p>\n<p>&nbsp;<\/p>\n<p><strong><em><a href=\"https:\/\/www.worldofart.org\/arhiv.worldofart.org\/current\/archives\/4475\">Somethin&#8217;s Written<\/a><br \/>\n<\/em><\/strong>2 March \u2013 2 April 2017<br \/>\nVodnikova doma\u010dija Gallery, Vodnikova cesta 65, Ljubljana<\/p>\n<p>Artists: <strong>Nevena Aleksovski, Maks Bricelj, Mina Fina, Horrid Habits, Bojan Mijatovi\u0107, Leon Zuodar<\/strong><br \/>\nCurator: Lara Plav\u010dak<\/p>\n<p>The group exhibition <em>Somethin&#8217;s Written<\/em> was the second exhibition project prepared by SCCA-Ljubljana in the Vodnikova doma\u010dija Gallery and the sixth project to explore the merging of the written word and image in contemporary art production.<\/p>\n<p>As one of the ways of their expression, participating artists <strong>Bojan Mijatovi\u0107, Horrid Habits, Leon Zuodar, Maks Bricelj,<\/strong> <strong>Mina Fina<\/strong> and <strong>Nevena Aleksovski<\/strong> are exploring various approaches in combining text and images. They are active in drawing, graphics, painting, photography, assemblages, some are intervening a space with installations and other interventions or are creating artists&#8217; books, (fan)zines and similar art publications.<\/p>\n<p><em><a href=\"https:\/\/www.worldofart.org\/arhiv.worldofart.org\/current\/archives\/4957\"><strong>The house where I live has many rooms\u2026 or \u201dart therapy contact\u201d<\/strong><\/a><\/em><br \/>\n30 November 2017<br \/>\nSCCA-Ljubljana, Project Room, Metelkova ulica 6, Ljubljana<\/p>\n<p>Author: Dalibor Bori Zupan\u010di\u010d<br \/>\nCurator: Maja Anton\u010di\u010d<\/p>\n<p>&nbsp;<\/p>\n<hr \/>\n<p><a name=\"2016\"><\/a><br \/>\n<strong>PROGRAMME in 2016<\/strong><\/p>\n<p>For the twelfth year now, Studio 6 has been exploring various models of cooperation between artists, curators, critics and theorists. What ties us together is the space and context of the SCCA Project Room where we develop art projects and encourage their reflection while occasionally testing collaborations in new environments as well.<\/p>\n<p>At the beginning of the year, we have prepared the exhibition <strong><em><a href=\"http:\/\/www.scca-ljubljana.si\/words-as-colours-colours-as-words-2016.htm\">Words as Colours, Colours as Words. Art Walk Through Poetry<\/a><\/em><\/strong> in Vodnikova doma\u010dija Gallery. The exhibition, conceived for the Ptuj\u2019s festival <em>Days of Poetry and Wine 2015<\/em>, was a cross-section between the literary and artistic creation and has presented artists that explore the relationship between the visual and the verbal artistic expression. The exhibition was presented in a modified form in Vodnikova Doma\u010dija Gallery because of the gallery programme guidelines, which aims to connect visual art and literature. The exhibition was adapted to the requirements of the new exhibition space and was accompanied by guided tours, workshop and lecture <em>Poetry in the gallery<\/em> by Du\u0161an Dov\u010d.<\/p>\n<p>Within Studio 6 we want to open a space also for the curators of the younger generation. In a series of collaborations with invited curators we will offer them the Project Room SCCA space, financial resources and assistance in the preparation and execution of the exhibition project. Curator himself\/herself will determine the content of cooperation \u2013 the invitation is open, it is possible to test formats of presentation, exhibition, as well as other experimental projects in the field of contemporary visual art.<\/p>\n<p>First invited curator <strong>Domen Ograjen\u0161ek<\/strong> will develop his curatorial dialogue with the artist <strong>Tja\u0161a Poga\u010dar Podgornik<\/strong>. The project, entitled <strong><em>How Much Ignorance Does the Art Still Retain?<\/em><\/strong>, will try to analyse the educational practices that place themselves in the intersection between artistic, pedagogical and curatorial domain and critically reconsider their stakes, potentials and impacts. In last ten years it is possible to observe the tendency in institutional programmes towards more and more emphasised educational side also in local milieu, which brings about the growth of self-organised and usually unofficial educational activities integrated in exhibition and pedagogical programmes of contemporary arts institutions.<\/p>\n<p>&nbsp;<\/p>\n<p><strong><a href=\"http:\/\/www.scca-ljubljana.si\/words-as-colours-colours-as-words-2016.htm\">Words as Colours, Colours as Words<\/a><\/strong>*<br \/>\n<strong>Art Walk Through Poetry<\/strong><br \/>\n<strong>21 January\u201314 February 2016<\/strong><br \/>\nVodnikova doma\u010dija Gallery, Vodnikova cesta 65, Ljubljana<\/p>\n<p>Artists: Maja Burja, Avgust \u010cernigoj, Primo\u017e \u010cu\u010dnik &amp; Gregor Podlogar &amp; \u017diga Kari\u017e, Matja\u017e Han\u017eek, Andrej Ho\u010devar &amp; Jaka \u017deleznikar, Alenka Pirman, Sre\u010dko Kosovel, Anton Podbev\u0161ek, Zoran Srdi\u0107 Jane\u017ei\u010d, Val\u00e9rie Wolf Gang<br \/>\nCurators: Du\u0161an Dov\u010d, Mihael Kelemina, Simona \u017dvanut<br \/>\nExhibition designer: Vesna Bukovec<br \/>\nAdvisor: Sa\u0161a Nabergoj<\/p>\n<p>*From the poem \u2018\u2019The Principle\u2019\u2019,\u00a0<em>Ode on Manhattan Avenue<\/em>, \u010cu\u010dnik, Podlogar, Kari\u017e, 2003<\/p>\n<p>&nbsp;<\/p>\n<p><a href=\"http:\/\/www.scca-ljubljana.si\/news-en_16-09.htm\"><strong>How Much Ignorance Does the Art Still Retain?<br \/>\nThe status of alternative production of knowledge and its conditions in local contemporary visual arts<\/strong><\/a><br \/>\nThursday, 5 May 2016, at 6pm<br \/>\nProject Room SCCA, Metelkova 6, Ljubljana<\/p>\n<p>Curator: Domen Ograjen\u0161ek<br \/>\nArtist: Tja\u0161a Poga\u010dar Podgornik<\/p>\n<hr \/>\n<p><a name=\"2015\"><\/a><br \/>\n<strong>PROGRAMME in 2015<\/strong><\/p>\n<p>For the past 11 years, Studio 6 has been exploring various models of collaboration between artists, curators, critics and theorists. What ties us together is the space and context of the SCCA Project Room where we develop art projects and encourage their reflection while occasionally testing collaborations in new environments as well.<\/p>\n<p>On behalf of the invitation of Beletrina Academic Press publishing house is Studio 6 team in 2015 preparing two events that examine the relationship between artistic expression in\u00a0visual arts\u00a0and in words, and which can be placed among research projects that transcend the boundaries of a single art form. Both events will be part of\u00a0<a href=\"http:\/\/www.versoteque.com\/en\/2015\/\">Days of Poetry and Wine 2015<\/a>\u00a0festival programme.<\/p>\n<p>On 24 August 2015, in the framework of the\u00a0<em>Evenings before the Days<\/em>, a documentary presentation of the poetry and visual project\u00a0<strong><em>Ode on\u00a0Manhattan Avenue<\/em><\/strong>\u00a0(\u010cu\u010dnik, Podlogar, Kari\u017e) will be held in the\u00a0SCCA Project Room\u00a0(Metelkova 6, Ljubljana). The authors, poet <strong>Primo\u017e \u010cu\u010dnik<\/strong> and visual artist <strong>\u017diga Kari\u017e<\/strong> discussed the project with Du\u0161an Dov\u010d, explaining its background, the impulses behind its creation, its conclusion and potential future impact, as well as their great amazement at New York City, where the poetry published in <em>Ode on Manhattan Avenue<\/em> was created. The discussion in the Project Room will be accompanied by a presentation of conserved documentary materials that were created at a series of readings, as well as by audio-visual recordings made in Ljubljana and on a tour of the United States.<\/p>\n<p>Two days later, on 26 August 2015, we will prepare the main festival exhibition <strong><em>Words as Colours, Colours as Words*<\/em><\/strong>in Ptuj&#8217;s <strong>Old Glassware Workshop<\/strong>. Exhibition will be conceptualised by thinking of the festival&#8217;s poetry programme and events \u2013 as well as the city of Ptuj as the host. Authors who have on the one hand searched for visual value in words or on the other hand space for words on the canvas will present themselves. The exhibition will, in three complete sections, offer a selection of quotes from the manifestos of visual and literary artists, which will initiatively lead visitors through the history of experimenting with form and word; it will present artists of the Slovenian avant-garde, a reference for both Slovenian visual and literary creativity; and it will be concluded with artistic works and multimedia installations by contemporary artists.<br \/>\nOn Saturday, 29 August, at 18.00, when the festival draws to an end and the exhibition closes its doors, <strong>Du\u0161an Dov\u010d<\/strong> will hold a lecture\u00a0<strong><em>Missing Poem is a Poem<\/em><\/strong>\u00a0on visual poetry and poetic texts aimed more at viewing than reading.<\/p>\n<p>Both events represent a continuation and advancement of Studio 6\u2019s mission, which is based on the creation of spaces for art projects and their reflection and on the encouragement of discussion of contemporary practices in visual arts.<\/p>\n<p>&nbsp;<\/p>\n<p><strong><a href=\"http:\/\/www.scca-ljubljana.si\/news-en_15-24.htm\">Ode on Manhattan Avenue<\/a><\/strong><br \/>\nDocumentary presentation of a visual-sound-semantic project<br \/>\n24 August 2015, at 8 p. m.<br \/>\nSCCA Project Room<\/p>\n<p>Artists: Primo\u017e \u010cu\u010dnik, Gregor Podlogar, \u017diga Kari\u017e<br \/>\nCurators: Du\u0161an Dov\u010d, Mihael Kelemina, Simona \u017dvanut<\/p>\n<p>&nbsp;<\/p>\n<p><strong><a href=\"http:\/\/www.scca-ljubljana.si\/words-as-colours-colours-as-words.htm\">Words as Colours, Colours as Words<\/a><\/strong>*<br \/>\n26\u201329 August 2015<br \/>\nOld Glassware Workshop, Ptuj<\/p>\n<p>Artists: Maja Burja, Avgust \u010cernigoj, Primo\u017e \u010cu\u010dnik &amp; Gregor Podlogar &amp; \u017diga Kari\u017e, Matja\u017e Han\u017eek, Andrej Ho\u010devar &amp; Jaka \u017deleznikar, Alenka Pirman, Sre\u010dko Kosovel, Anton Podbev\u0161ek, Zoran Srdi\u0107 Jane\u017ei\u010d, Val\u00e9rie Wolf Gang<br \/>\nCurators: Du\u0161an Dov\u010d, Mihael Kelemina, Simona \u017dvanut<br \/>\nExhibition designer: Vesna Bukovec<br \/>\nAdvisor: Sa\u0161a Nabergoj<\/p>\n<p>*from the poem \u2018\u2019The Principle\u2019\u2019,\u00a0<em>Ode on Manhattan Avenue<\/em>, \u010cu\u010dnik, Podlogar, Kari\u017e, 2003<\/p>\n<hr \/>\n<p><a name=\"2013\"><\/a><br \/>\n<strong>PROGRAMME in 2013<\/strong><\/p>\n<p><strong><em><a href=\"http:\/\/www.scca-ljubljana.si\/news-en_13-19.htm\">Liminale<\/a><\/em><\/strong><\/p>\n<p>In 2013, we prepared two events: in June, in collaboration with artists&#8217; initiative <strong>OFFTIR<\/strong> project <strong><em>Liminale<\/em><\/strong> and in August with <strong>Cirkulacija 2<\/strong>. They both use various formats of expression and deal with diverse concerns due to their loose structure that is based on the principles of collective work and is open for different \u2013 also international \u2013 collaborations. Among other aspects, OFFTIR and Cirkulacija 2 \u2013 likewise the Studio 6 team \u2013 focus on evolving new modes of collaboration between protagonists of the contemporary art scene, differentiated from the standard practices. They encourage exchange of knowledge, confrontation of different opinions, equality of all participants of the artistic process, and set-up of international collaboration or production. While observing the modes of operation of the OFFTIR and Cirkulacija 2, we have discerned several links between them, among them also two modes of operation, DIY (do it yourself) and DIWO (do it with others). With linking different knowledge and capabilities, re-usage and recycling of the material and mostly with flexibility in search for new possibilities of artistic creation, these two practices enable a certain point of intellectual independence and self-sufficiency. In the time, when one feels that work space in the world of (contemporary) art is shrinking, modus of operation of these two initiatives offer new possibilities of its opening.<\/p>\n<hr \/>\n<p>Participating curators and artists in 2010: <a href=\"http:\/\/www.scca-ljubljana.si\/news-en_10-24.htm\"><strong>Nevenka \u0160ivavec <\/strong>and<strong> Andreja D\u017eaku\u0161i\u010d<\/strong><\/a>, <a href=\"http:\/\/www.scca-ljubljana.si\/news-en_10-22.htm\"><strong>Jurij Krpan<\/strong> and <strong>Polona Tratnik<\/strong><\/a>, <a href=\"http:\/\/www.scca-ljubljana.si\/news-en_11-11.htm\"><strong>Andrej Medved <\/strong>and<strong> Emerik Bernard<\/strong><\/a><\/p>\n<p>Participating curators, critics, theorists in 2009: <strong>Bo\u017eidar Zrinski<\/strong> (MGLC, Ljubljana), <strong>Petra Kap\u0161 <\/strong>(curator, writer, author)<\/p>\n<p>Participating artists in 2009: <strong>Simon Macuh<\/strong> (Curator: <strong>Petra Kap\u0161<\/strong>), <a href=\"http:\/\/www.scca-ljubljana.si\/report-en_10_01.htm\">Alenka Pirman<\/a> (Curator: <strong>Petra Kap\u0161<\/strong>), <a href=\"http:\/\/www.scca-ljubljana.si\/news-en_09-36.htm\">Matej Ko\u0161ir<\/a> (Curator: <strong>Bo\u017eidar Zrinski<\/strong>), (Franc Purg as invited artist cancelled the participation)<\/p>\n<p>Participating curators, critics, theorists in 2008 and 2007: <strong>Bojana Pi\u0161kur, Mateja Rot, Maja Lozi\u0107, Alenka Gregori\u010d, Bo\u017eidar Zrinski, Iztok Hotko<\/strong>.<\/p>\n<p>Participating artists in 2008: <strong><a href=\"http:\/\/www.scca-ljubljana.si\/news-en_08-14.htm\">BridA<\/a>, <a href=\"http:\/\/www.scca-ljubljana.si\/news-en_08-05.htm\">Vuk \u0106osi\u0107<\/a>, <a href=\"http:\/\/www.scca-ljubljana.si\/news-en_08-07.htm\">Matej Andra\u017e Vogrin\u010di\u010d<\/a>, Marija Mojca Punger\u010dar<\/strong><\/p>\n<p>Participating artists in 2007:<strong> Jo\u017ee Bar\u0161i, Janez Jan\u0161a, <a href=\"http:\/\/www.scca-ljubljana.si\/news-en_07-08.htm\">Duba Sambolec<\/a>, Son:da <\/strong><\/p>\n","protected":false},"excerpt":{"rendered":"<p>Exhibitions, actions, performances, discussions Studio 6 (from 2004) offers a platform for conversations about modes of working, cooperation and networking among the diverse protagonists in the field of contemporary arts (artists, curators, critics, theorists) and space for presentation of artistic actions and ensures their reflection. Programme is prepared by Miha Kelemina Head of the programme:\u00a0 [&hellip;]<\/p>\n","protected":false},"author":1,"featured_media":0,"parent":0,"menu_order":0,"comment_status":"closed","ping_status":"closed","template":"","meta":{"footnotes":""},"categories":[13],"tags":[],"class_list":["post-4382","page","type-page","status-publish","hentry","category-exhibition-and-research-projects"],"_links":{"self":[{"href":"https:\/\/www.worldofart.org\/arhiv.worldofart.org\/current\/wp-json\/wp\/v2\/pages\/4382","targetHints":{"allow":["GET"]}}],"collection":[{"href":"https:\/\/www.worldofart.org\/arhiv.worldofart.org\/current\/wp-json\/wp\/v2\/pages"}],"about":[{"href":"https:\/\/www.worldofart.org\/arhiv.worldofart.org\/current\/wp-json\/wp\/v2\/types\/page"}],"author":[{"embeddable":true,"href":"https:\/\/www.worldofart.org\/arhiv.worldofart.org\/current\/wp-json\/wp\/v2\/users\/1"}],"replies":[{"embeddable":true,"href":"https:\/\/www.worldofart.org\/arhiv.worldofart.org\/current\/wp-json\/wp\/v2\/comments?post=4382"}],"version-history":[{"count":8,"href":"https:\/\/www.worldofart.org\/arhiv.worldofart.org\/current\/wp-json\/wp\/v2\/pages\/4382\/revisions"}],"predecessor-version":[{"id":5050,"href":"https:\/\/www.worldofart.org\/arhiv.worldofart.org\/current\/wp-json\/wp\/v2\/pages\/4382\/revisions\/5050"}],"wp:attachment":[{"href":"https:\/\/www.worldofart.org\/arhiv.worldofart.org\/current\/wp-json\/wp\/v2\/media?parent=4382"}],"wp:term":[{"taxonomy":"category","embeddable":true,"href":"https:\/\/www.worldofart.org\/arhiv.worldofart.org\/current\/wp-json\/wp\/v2\/categories?post=4382"},{"taxonomy":"post_tag","embeddable":true,"href":"https:\/\/www.worldofart.org\/arhiv.worldofart.org\/current\/wp-json\/wp\/v2\/tags?post=4382"}],"curies":[{"name":"wp","href":"https:\/\/api.w.org\/{rel}","templated":true}]}}