{"id":441,"date":"2011-09-16T12:06:33","date_gmt":"2011-09-16T10:06:33","guid":{"rendered":"http:\/\/www.worldofart.org\/current\/?page_id=441"},"modified":"2011-12-09T15:26:55","modified_gmt":"2011-12-09T13:26:55","slug":"14th-year-20112013","status":"publish","type":"page","link":"https:\/\/www.worldofart.org\/arhiv.worldofart.org\/current\/14th-year-20112013","title":{"rendered":"14th year 2011\/2013"},"content":{"rendered":"<p>WORLD OF ART<br \/>\nSchool for curators and critics of contemporary art<br \/>\nYear 14<\/p>\n<hr \/>\n<h3 class=\"sola vijolicna\">1st Semester<\/h3>\n<ul>\n<li><strong><a href=\"https:\/\/www.worldofart.org\/arhiv.worldofart.org\/current\/14th-year-20112013\/series-of-lectures\">Series of lectures<\/a><\/strong>\n<\/li>\n<li><strong><a href=\"https:\/\/www.worldofart.org\/arhiv.worldofart.org\/current\/14th-year-20112013\/seminar\">Seminar<\/a><\/strong><\/li>\n<li><a href=\"https:\/\/www.worldofart.org\/arhiv.worldofart.org\/current\/14th-year-20112013\/workshops\"><strong>Workshops<\/strong><\/a>\n<ul>\n<li>Close reading workshop:\n<ul>\n<li><a href=\"https:\/\/www.worldofart.org\/arhiv.worldofart.org\/current\/14th-year-20112013\/petja-grafenauer-what-is-hidden-in-a-text\">Petja Grafenauer: What is hidden in a text?<\/a><\/li>\n<\/ul>\n<\/li>\n<li>Workshops on writing about contemporary art:\n<ul>\n<li><a href=\"https:\/\/www.worldofart.org\/arhiv.worldofart.org\/current\/14th-year-20112013\/workshops\/misko-suvakovic-theory-and-practice-of-art-criticism\">Mi\u0161ko \u0160uvakovi\u0107: Theory and practice of art criticism <\/a><\/li>\n<li><a href=\"https:\/\/www.worldofart.org\/arhiv.worldofart.org\/current\/14th-year-20112013\/workshops\/branislav-dimitrijevic\">Branislav Dimitrijevi\u0107: Interpreting and Situating Contemporary Art: Observation, Participation, Motivation, Research and Empathy<\/a><\/li>\n<li>Nicole Haitzinger, Walter Steinacher: Re-Thinking, Re-Modeling the White Cube: Dramaturgical Procedures in Visual Arts<\/li>\n<\/ul>\n<\/li>\n<\/ul>\n<\/li>\n<li><strong><a href=\"https:\/\/www.worldofart.org\/arhiv.worldofart.org\/current\/14th-year-20112013\/visit-to-exhibitions\">Visits to exhibitions<\/a><\/strong><\/li>\n<li><strong><a href=\"https:\/\/www.worldofart.org\/arhiv.worldofart.org\/current\/14th-year-20112013\/studio-visits\">Studio visits<\/a><\/strong><\/li>\n<li><strong><a href=\"https:\/\/www.worldofart.org\/arhiv.worldofart.org\/current\/14th-year-20112013\/study-excursions\">Study Excursions<\/a><\/strong><\/li>\n<\/ul>\n<div style=\"height:20px\"><\/div>\n<h3 class=\"sola vijolicna\">2nd Semester<\/h3>\n<p>The second semester (September 2012 &#8211; April 2013) will be devoted to curatorial and critical studies and testing in practice. Participants will in the form of group work carry out a conception and an exhibition of contemporary art in the Alcatraz Gallery.<br \/>\nThe work will be done under the mentorship of Nevenka \u0160ivavec.<br \/>\nThe exact schedule will be announced later. <\/p>\n<hr \/>\n<p><a href=\"https:\/\/www.worldofart.org\/arhiv.worldofart.org\/current\/14th-year-20112013\/timetable-20112013\"><strong>Timetable<\/strong><\/a><\/p>\n","protected":false},"excerpt":{"rendered":"<p>WORLD OF ART School for curators and critics of contemporary art Year 14 1st Semester Series of lectures Seminar Workshops Close reading workshop: Petja Grafenauer: What is hidden in a text? Workshops on writing about contemporary art: Mi\u0161ko \u0160uvakovi\u0107: Theory and practice of art criticism Branislav Dimitrijevi\u0107: Interpreting and Situating Contemporary Art: Observation, Participation, Motivation, [&hellip;]<\/p>\n","protected":false},"author":1,"featured_media":0,"parent":0,"menu_order":0,"comment_status":"closed","ping_status":"closed","template":"","meta":{"footnotes":""},"categories":[1],"tags":[],"class_list":["post-441","page","type-page","status-publish","hentry","category-woa"],"_links":{"self":[{"href":"https:\/\/www.worldofart.org\/arhiv.worldofart.org\/current\/wp-json\/wp\/v2\/pages\/441","targetHints":{"allow":["GET"]}}],"collection":[{"href":"https:\/\/www.worldofart.org\/arhiv.worldofart.org\/current\/wp-json\/wp\/v2\/pages"}],"about":[{"href":"https:\/\/www.worldofart.org\/arhiv.worldofart.org\/current\/wp-json\/wp\/v2\/types\/page"}],"author":[{"embeddable":true,"href":"https:\/\/www.worldofart.org\/arhiv.worldofart.org\/current\/wp-json\/wp\/v2\/users\/1"}],"replies":[{"embeddable":true,"href":"https:\/\/www.worldofart.org\/arhiv.worldofart.org\/current\/wp-json\/wp\/v2\/comments?post=441"}],"version-history":[{"count":15,"href":"https:\/\/www.worldofart.org\/arhiv.worldofart.org\/current\/wp-json\/wp\/v2\/pages\/441\/revisions"}],"predecessor-version":[{"id":608,"href":"https:\/\/www.worldofart.org\/arhiv.worldofart.org\/current\/wp-json\/wp\/v2\/pages\/441\/revisions\/608"}],"wp:attachment":[{"href":"https:\/\/www.worldofart.org\/arhiv.worldofart.org\/current\/wp-json\/wp\/v2\/media?parent=441"}],"wp:term":[{"taxonomy":"category","embeddable":true,"href":"https:\/\/www.worldofart.org\/arhiv.worldofart.org\/current\/wp-json\/wp\/v2\/categories?post=441"},{"taxonomy":"post_tag","embeddable":true,"href":"https:\/\/www.worldofart.org\/arhiv.worldofart.org\/current\/wp-json\/wp\/v2\/tags?post=441"}],"curies":[{"name":"wp","href":"https:\/\/api.w.org\/{rel}","templated":true}]}}