{"id":452,"date":"2011-09-16T12:39:23","date_gmt":"2011-09-16T10:39:23","guid":{"rendered":"http:\/\/www.worldofart.org\/current\/?page_id=452"},"modified":"2015-05-26T13:59:37","modified_gmt":"2015-05-26T11:59:37","slug":"petja-grafenauer-what-is-hidden-in-a-text","status":"publish","type":"page","link":"https:\/\/www.worldofart.org\/arhiv.worldofart.org\/current\/14th-year-20112013\/petja-grafenauer-what-is-hidden-in-a-text","title":{"rendered":"Petja Grafenauer: What is hidden in a text?"},"content":{"rendered":"<p>WORLD OF ART<br \/>\nSchool for Curators and Critics of Contemporary Art<br \/>\nSeason 14<br \/>\n1st Year (November 2011\u2013June 2012)<\/p>\n<p>Close reading workshop<\/p>\n<hr \/>\n<p>The goal of a 9-hour critical reading workshop is to improve the understanding of theory and criticism of modern and contemporary art, which the participants can use later in their own critical, artistic and curatorial practice.<\/p>\n<p>With the assistance of the curator and art theoretician Petja Grafenauer the participants will use close reading method to tackle selected texts on the 20th century visual arts.<\/p>\n<p><strong>Selection of texts:<\/strong><\/p>\n<ul>\n<li>Toma\u017e Brejc, Temni modernizem, Cankarjeva zalo\u017eba, Ljubljana 1991.<\/li>\n<li>Jure Miku\u017e, Slovensko moderno slikarstvo in zahodna umetnost, Moderna galerija, Ljubljana, (1982) 1995.<\/li>\n<li>Igor Zabel, Sodobna umetnost, Teritoriji, identitete, mre\u017ee: slovenska umetnost 1995 \u2013 2005, Moderna galerija, Ljubljana 2005<\/li>\n<li>Arthur C. Danto, Podeljevanje umetni\u0161kega statusa realnim predmetom: svet umetnosti, Analiza: \u010dasopis za kriti\u010dno misel, letnik 4, \u0161t. 3\/4, 2000<\/li>\n<li>Boris Groys, Teorija sodobne umetnosti, zbirka Koda, \u0160OU, Ljubljana 2002.<\/li>\n<li>Julian Stallabrass, Sodobna umetnost: zelo kratek uvod, Krtina, Ljubljana 2007.<\/li>\n<\/ul>\n","protected":false},"excerpt":{"rendered":"<p>WORLD OF ART School for Curators and Critics of Contemporary Art Season 14 1st Year (November 2011\u2013June 2012) Close reading workshop The goal of a 9-hour critical reading workshop is to improve the understanding of theory and criticism of modern and contemporary art, which the participants can use later in their own critical, artistic and [&hellip;]<\/p>\n","protected":false},"author":1,"featured_media":0,"parent":441,"menu_order":0,"comment_status":"closed","ping_status":"closed","template":"","meta":{"footnotes":""},"categories":[1],"tags":[],"class_list":["post-452","page","type-page","status-publish","hentry","category-woa"],"_links":{"self":[{"href":"https:\/\/www.worldofart.org\/arhiv.worldofart.org\/current\/wp-json\/wp\/v2\/pages\/452","targetHints":{"allow":["GET"]}}],"collection":[{"href":"https:\/\/www.worldofart.org\/arhiv.worldofart.org\/current\/wp-json\/wp\/v2\/pages"}],"about":[{"href":"https:\/\/www.worldofart.org\/arhiv.worldofart.org\/current\/wp-json\/wp\/v2\/types\/page"}],"author":[{"embeddable":true,"href":"https:\/\/www.worldofart.org\/arhiv.worldofart.org\/current\/wp-json\/wp\/v2\/users\/1"}],"replies":[{"embeddable":true,"href":"https:\/\/www.worldofart.org\/arhiv.worldofart.org\/current\/wp-json\/wp\/v2\/comments?post=452"}],"version-history":[{"count":3,"href":"https:\/\/www.worldofart.org\/arhiv.worldofart.org\/current\/wp-json\/wp\/v2\/pages\/452\/revisions"}],"predecessor-version":[{"id":2872,"href":"https:\/\/www.worldofart.org\/arhiv.worldofart.org\/current\/wp-json\/wp\/v2\/pages\/452\/revisions\/2872"}],"up":[{"embeddable":true,"href":"https:\/\/www.worldofart.org\/arhiv.worldofart.org\/current\/wp-json\/wp\/v2\/pages\/441"}],"wp:attachment":[{"href":"https:\/\/www.worldofart.org\/arhiv.worldofart.org\/current\/wp-json\/wp\/v2\/media?parent=452"}],"wp:term":[{"taxonomy":"category","embeddable":true,"href":"https:\/\/www.worldofart.org\/arhiv.worldofart.org\/current\/wp-json\/wp\/v2\/categories?post=452"},{"taxonomy":"post_tag","embeddable":true,"href":"https:\/\/www.worldofart.org\/arhiv.worldofart.org\/current\/wp-json\/wp\/v2\/tags?post=452"}],"curies":[{"name":"wp","href":"https:\/\/api.w.org\/{rel}","templated":true}]}}