{"id":456,"date":"2011-09-16T12:47:02","date_gmt":"2011-09-16T10:47:02","guid":{"rendered":"http:\/\/www.worldofart.org\/current\/?page_id=456"},"modified":"2012-12-17T12:26:15","modified_gmt":"2012-12-17T10:26:15","slug":"workshops","status":"publish","type":"page","link":"https:\/\/www.worldofart.org\/arhiv.worldofart.org\/current\/14th-year-20112013\/workshops","title":{"rendered":"Workshops"},"content":{"rendered":"<p>WORLD OF ART<br \/>\nSchool for curators and critics of contemporary art<br \/>\nSeason 14<br \/>\n1st Year (November 2011\u2013June 2012)<\/p>\n<hr \/>\n<p><strong>Close reading workshop<\/strong><\/p>\n<ul>\n<li><strong><a href=\"https:\/\/www.worldofart.org\/arhiv.worldofart.org\/current\/14th-year-20112013\/petja-grafenauer-what-is-hidden-in-a-text\">Petja Grafenauer: What is hidden in a text?<\/a><\/strong><br \/>\nThe goal of a 9-hour critical reading workshop is to improve the understanding of theory and criticism of modern and contemporary art, which the participants can use later in their own critical, artistic and curatorial practice.<\/li>\n<\/ul>\n<div style=\"height:10px\"><\/div>\n<p><strong>Workshops on writing about contemporary art<\/strong><\/p>\n<ul>\n<li><strong><a href=\"https:\/\/www.worldofart.org\/arhiv.worldofart.org\/current\/14th-year-20112013\/workshops\/misko-suvakovic-art-and-politics\">Mi\u0161ko \u0160uvakovi\u0107: Theory and practice of art criticism <\/a><\/strong><br \/>\nThe purpose of the workshop is to familiarise students with the history and theory of art criticism, and to offer them opportunities to analyse and write a review themselves.<\/li>\n<div style=\"height:10px\"><\/div>\n<li><a href=\"https:\/\/www.worldofart.org\/arhiv.worldofart.org\/current\/14th-year-20112013\/workshops\/branislav-dimitrijevic\"><strong>Branislav Dimitrijevi\u0107: Interpreting and Situating Contemporary Art: Observation, Participation, Motivation, Research and Empathy<\/strong><\/a><\/li>\n<\/ul>\n","protected":false},"excerpt":{"rendered":"<p>WORLD OF ART School for curators and critics of contemporary art Season 14 1st Year (November 2011\u2013June 2012) Close reading workshop Petja Grafenauer: What is hidden in a text? The goal of a 9-hour critical reading workshop is to improve the understanding of theory and criticism of modern and contemporary art, which the participants can [&hellip;]<\/p>\n","protected":false},"author":1,"featured_media":0,"parent":441,"menu_order":0,"comment_status":"closed","ping_status":"closed","template":"","meta":{"footnotes":""},"categories":[1],"tags":[],"class_list":["post-456","page","type-page","status-publish","hentry","category-woa"],"_links":{"self":[{"href":"https:\/\/www.worldofart.org\/arhiv.worldofart.org\/current\/wp-json\/wp\/v2\/pages\/456","targetHints":{"allow":["GET"]}}],"collection":[{"href":"https:\/\/www.worldofart.org\/arhiv.worldofart.org\/current\/wp-json\/wp\/v2\/pages"}],"about":[{"href":"https:\/\/www.worldofart.org\/arhiv.worldofart.org\/current\/wp-json\/wp\/v2\/types\/page"}],"author":[{"embeddable":true,"href":"https:\/\/www.worldofart.org\/arhiv.worldofart.org\/current\/wp-json\/wp\/v2\/users\/1"}],"replies":[{"embeddable":true,"href":"https:\/\/www.worldofart.org\/arhiv.worldofart.org\/current\/wp-json\/wp\/v2\/comments?post=456"}],"version-history":[{"count":12,"href":"https:\/\/www.worldofart.org\/arhiv.worldofart.org\/current\/wp-json\/wp\/v2\/pages\/456\/revisions"}],"predecessor-version":[{"id":1271,"href":"https:\/\/www.worldofart.org\/arhiv.worldofart.org\/current\/wp-json\/wp\/v2\/pages\/456\/revisions\/1271"}],"up":[{"embeddable":true,"href":"https:\/\/www.worldofart.org\/arhiv.worldofart.org\/current\/wp-json\/wp\/v2\/pages\/441"}],"wp:attachment":[{"href":"https:\/\/www.worldofart.org\/arhiv.worldofart.org\/current\/wp-json\/wp\/v2\/media?parent=456"}],"wp:term":[{"taxonomy":"category","embeddable":true,"href":"https:\/\/www.worldofart.org\/arhiv.worldofart.org\/current\/wp-json\/wp\/v2\/categories?post=456"},{"taxonomy":"post_tag","embeddable":true,"href":"https:\/\/www.worldofart.org\/arhiv.worldofart.org\/current\/wp-json\/wp\/v2\/tags?post=456"}],"curies":[{"name":"wp","href":"https:\/\/api.w.org\/{rel}","templated":true}]}}