{"id":495,"date":"2011-09-16T13:26:17","date_gmt":"2011-09-16T11:26:17","guid":{"rendered":"http:\/\/www.worldofart.org\/current\/?page_id=495"},"modified":"2015-05-26T13:58:59","modified_gmt":"2015-05-26T11:58:59","slug":"workshops-20112013","status":"publish","type":"page","link":"https:\/\/www.worldofart.org\/arhiv.worldofart.org\/current\/14th-year-20112013\/workshops-20112013","title":{"rendered":"Workshops 2011\/2013"},"content":{"rendered":"<p>WORLD OF ART<br \/>\nSchool for Curators and Critics of Contemporary Art<br \/>\nSeason 14<\/p>\n<hr \/>\n<p class=\"leto\"><strong>2012<\/strong><\/p>\n<table width=\"100%\" border=\"0\" cellspacing=\"0\" cellpadding=\"0\">\n<tr>\n<td class=\"mesec\" width=\"20%\" valign=\"top\">March<\/td>\n<td class=\"tdprogramsredina\" width=\"20%\" valign=\"top\">Friday<br \/>\nMarch 23, 2012<\/td>\n<td class=\"tdprogram\" width=\"60%\" valign=\"top\"><a href=\"https:\/\/www.worldofart.org\/arhiv.worldofart.org\/current\/14th-year-20112013\/workshops\/misko-suvakovic-art-and-politics\">Mi\u0161ko \u0160uvakovi\u0107: Art and Politics: Contemporary Aesthetics, Philosophy, Theory and Art in the Era of Global Transition<\/a><\/td>\n<\/tr>\n<tr>\n<td class=\"mesec\" width=\"20%\" valign=\"top\">May<\/td>\n<td class=\"tdprogramsredina\" width=\"20%\" valign=\"top\">Friday\u2013Saturday<br \/>\nMay 18\u201319, 2012<\/td>\n<td class=\"tdprogram\" width=\"60%\" valign=\"top\"><a href=\"https:\/\/www.worldofart.org\/arhiv.worldofart.org\/current\/14th-year-20112013\/workshops\/branislav-dimitrijevic\">Branislav Dimitrijevi\u0107: Interpreting and Situating Contemporary Art: Observation, Participation, Motivation, Research and Empathy<\/a><\/td>\n<\/tr>\n<tr>\n<td class=\"mesec\" width=\"20%\" valign=\"top\">November<\/td>\n<td class=\"tdprogramsredina\" width=\"20%\" valign=\"top\">November 12\u2013December 4, 2012<\/td>\n<td class=\"tdprogram\" width=\"60%\" valign=\"top\"><a href=\"https:\/\/www.worldofart.org\/arhiv.worldofart.org\/current\/archives\/1194\">Petja Grafenauer: Workshop on Writing About Experimental Research and Exhibition Project \u201cVideo Turn\u201d<\/a><\/td>\n<\/tr>\n<\/table>\n<p>The workshops are primarily intended for participants of the school, but for each workshop there will be a few places for extern participants.<\/p>\n","protected":false},"excerpt":{"rendered":"<p>WORLD OF ART School for Curators and Critics of Contemporary Art Season 14 2012 March Friday March 23, 2012 Mi\u0161ko \u0160uvakovi\u0107: Art and Politics: Contemporary Aesthetics, Philosophy, Theory and Art in the Era of Global Transition May Friday\u2013Saturday May 18\u201319, 2012 Branislav Dimitrijevi\u0107: Interpreting and Situating Contemporary Art: Observation, Participation, Motivation, Research and Empathy November [&hellip;]<\/p>\n","protected":false},"author":1,"featured_media":0,"parent":441,"menu_order":0,"comment_status":"closed","ping_status":"closed","template":"","meta":{"footnotes":""},"categories":[1],"tags":[],"class_list":["post-495","page","type-page","status-publish","hentry","category-woa"],"_links":{"self":[{"href":"https:\/\/www.worldofart.org\/arhiv.worldofart.org\/current\/wp-json\/wp\/v2\/pages\/495","targetHints":{"allow":["GET"]}}],"collection":[{"href":"https:\/\/www.worldofart.org\/arhiv.worldofart.org\/current\/wp-json\/wp\/v2\/pages"}],"about":[{"href":"https:\/\/www.worldofart.org\/arhiv.worldofart.org\/current\/wp-json\/wp\/v2\/types\/page"}],"author":[{"embeddable":true,"href":"https:\/\/www.worldofart.org\/arhiv.worldofart.org\/current\/wp-json\/wp\/v2\/users\/1"}],"replies":[{"embeddable":true,"href":"https:\/\/www.worldofart.org\/arhiv.worldofart.org\/current\/wp-json\/wp\/v2\/comments?post=495"}],"version-history":[{"count":19,"href":"https:\/\/www.worldofart.org\/arhiv.worldofart.org\/current\/wp-json\/wp\/v2\/pages\/495\/revisions"}],"predecessor-version":[{"id":2871,"href":"https:\/\/www.worldofart.org\/arhiv.worldofart.org\/current\/wp-json\/wp\/v2\/pages\/495\/revisions\/2871"}],"up":[{"embeddable":true,"href":"https:\/\/www.worldofart.org\/arhiv.worldofart.org\/current\/wp-json\/wp\/v2\/pages\/441"}],"wp:attachment":[{"href":"https:\/\/www.worldofart.org\/arhiv.worldofart.org\/current\/wp-json\/wp\/v2\/media?parent=495"}],"wp:term":[{"taxonomy":"category","embeddable":true,"href":"https:\/\/www.worldofart.org\/arhiv.worldofart.org\/current\/wp-json\/wp\/v2\/categories?post=495"},{"taxonomy":"post_tag","embeddable":true,"href":"https:\/\/www.worldofart.org\/arhiv.worldofart.org\/current\/wp-json\/wp\/v2\/tags?post=495"}],"curies":[{"name":"wp","href":"https:\/\/api.w.org\/{rel}","templated":true}]}}