{"id":52,"date":"2007-10-21T20:26:57","date_gmt":"2007-10-21T18:26:57","guid":{"rendered":"http:\/\/www.worldofart.org\/current\/seminar-2007-08\/schedule-seminar-2007-08\/"},"modified":"2017-08-18T15:45:23","modified_gmt":"2017-08-18T13:45:23","slug":"schedule-seminar-2007-08","status":"publish","type":"page","link":"https:\/\/www.worldofart.org\/arhiv.worldofart.org\/current\/11th-year-200708\/seminar-2007-08\/schedule-seminar-2007-08","title":{"rendered":"Schedule 2007\/08"},"content":{"rendered":"<p class=\"leto\"><strong>2007<\/strong><\/p>\n<table border=\"0\" width=\"100%\" cellspacing=\"0\" cellpadding=\"0\">\n<tbody>\n<tr>\n<td class=\"mesec\" valign=\"top\" width=\"20%\">October<\/td>\n<td class=\"tdprogramsredina\" valign=\"top\" width=\"20%\">Saturday<br \/>\n27. 10. 2007<\/td>\n<td class=\"tdprogram\" valign=\"top\" width=\"60%\"><strong><a href=\"https:\/\/www.worldofart.org\/arhiv.worldofart.org\/current\/archives\/74\">Mi\u0161ko \u0160uvakovi\u0107: Comparative Theory and History of Art: Analysis<\/a><\/strong><\/td>\n<\/tr>\n<\/tbody>\n<\/table>\n<p class=\"leto\"><strong>2008<\/strong><\/p>\n<table border=\"0\" width=\"100%\" cellspacing=\"0\" cellpadding=\"0\">\n<tbody>\n<tr>\n<td class=\"mesec\" valign=\"top\" width=\"20%\">January<\/td>\n<td class=\"tdprogramsredina\" valign=\"top\" width=\"20%\">Thursday, Friday, Tuesday<br \/>\n17., 18. &amp; 29. 1. 2008<\/td>\n<td class=\"tdprogram\" valign=\"top\" width=\"60%\"><strong>Eda \u010cufer: Interview as a Tool of Conceptualisation<\/strong><\/td>\n<\/tr>\n<tr>\n<td class=\"mesec\" valign=\"top\" width=\"20%\">February<\/td>\n<td class=\"tdprogramsredina\" valign=\"top\" width=\"20%\">Monday, Tuesday<br \/>\n11., 12. 2. 2008<\/td>\n<td class=\"tdprogram\" valign=\"top\" width=\"60%\"><strong><a href=\"https:\/\/www.worldofart.org\/arhiv.worldofart.org\/current\/archives\/75\">Suzana Milevska: Collaborative Curating<\/a><\/strong><\/td>\n<\/tr>\n<tr>\n<td class=\"mesec\" valign=\"top\" width=\"20%\">June &#8211; July<\/td>\n<td class=\"tdprogramsredina\" valign=\"top\" width=\"20%\">18. 6. &#8211; 8.7. 2008<\/td>\n<td class=\"tdprogram\" valign=\"top\" width=\"60%\"><strong><a href=\"https:\/\/www.worldofart.org\/arhiv.worldofart.org\/current\/archives\/87\">Zemira Alajbegovi\u0107, Neven Korda: Video Essay<\/a><\/strong><\/td>\n<\/tr>\n<\/tbody>\n<\/table>\n","protected":false},"excerpt":{"rendered":"<p>2007 October Saturday 27. 10. 2007 Mi\u0161ko \u0160uvakovi\u0107: Comparative Theory and History of Art: Analysis 2008 January Thursday, Friday, Tuesday 17., 18. &amp; 29. 1. 2008 Eda \u010cufer: Interview as a Tool of Conceptualisation February Monday, Tuesday 11., 12. 2. 2008 Suzana Milevska: Collaborative Curating June &#8211; July 18. 6. &#8211; 8.7. 2008 Zemira Alajbegovi\u0107, [&hellip;]<\/p>\n","protected":false},"author":1,"featured_media":0,"parent":50,"menu_order":0,"comment_status":"closed","ping_status":"closed","template":"","meta":{"footnotes":""},"categories":[1],"tags":[],"class_list":["post-52","page","type-page","status-publish","hentry","category-woa"],"_links":{"self":[{"href":"https:\/\/www.worldofart.org\/arhiv.worldofart.org\/current\/wp-json\/wp\/v2\/pages\/52","targetHints":{"allow":["GET"]}}],"collection":[{"href":"https:\/\/www.worldofart.org\/arhiv.worldofart.org\/current\/wp-json\/wp\/v2\/pages"}],"about":[{"href":"https:\/\/www.worldofart.org\/arhiv.worldofart.org\/current\/wp-json\/wp\/v2\/types\/page"}],"author":[{"embeddable":true,"href":"https:\/\/www.worldofart.org\/arhiv.worldofart.org\/current\/wp-json\/wp\/v2\/users\/1"}],"replies":[{"embeddable":true,"href":"https:\/\/www.worldofart.org\/arhiv.worldofart.org\/current\/wp-json\/wp\/v2\/comments?post=52"}],"version-history":[{"count":1,"href":"https:\/\/www.worldofart.org\/arhiv.worldofart.org\/current\/wp-json\/wp\/v2\/pages\/52\/revisions"}],"predecessor-version":[{"id":4766,"href":"https:\/\/www.worldofart.org\/arhiv.worldofart.org\/current\/wp-json\/wp\/v2\/pages\/52\/revisions\/4766"}],"up":[{"embeddable":true,"href":"https:\/\/www.worldofart.org\/arhiv.worldofart.org\/current\/wp-json\/wp\/v2\/pages\/50"}],"wp:attachment":[{"href":"https:\/\/www.worldofart.org\/arhiv.worldofart.org\/current\/wp-json\/wp\/v2\/media?parent=52"}],"wp:term":[{"taxonomy":"category","embeddable":true,"href":"https:\/\/www.worldofart.org\/arhiv.worldofart.org\/current\/wp-json\/wp\/v2\/categories?post=52"},{"taxonomy":"post_tag","embeddable":true,"href":"https:\/\/www.worldofart.org\/arhiv.worldofart.org\/current\/wp-json\/wp\/v2\/tags?post=52"}],"curies":[{"name":"wp","href":"https:\/\/api.w.org\/{rel}","templated":true}]}}