{"id":55,"date":"2007-10-21T20:35:16","date_gmt":"2007-10-21T18:35:16","guid":{"rendered":"http:\/\/www.worldofart.org\/current\/development-2007-08\/board-2007-08\/"},"modified":"2017-09-27T11:58:04","modified_gmt":"2017-09-27T09:58:04","slug":"board-2007-08","status":"publish","type":"page","link":"https:\/\/www.worldofart.org\/arhiv.worldofart.org\/current\/11th-year-200708\/development-2007-08\/board-2007-08","title":{"rendered":"Board 2007\/08"},"content":{"rendered":"<p><img loading=\"lazy\" decoding=\"async\" width=\"100\" height=\"100\" align=\"left\" style=\"margin-right: 10px; margin-bottom: 5px; margin-top: 3px; margin-left: 0px\" src=\"https:\/\/www.worldofart.org\/arhiv.worldofart.org\/aktualno\/wp-content\/2007-08\/ekipa-board\/barbara_borcic.jpg\" alt=\"Barbara Bor\u010di\u0107\" \/><strong>Barbara Bor\u010di\u0107 (1954)<\/strong><br \/>\nGraduated with B.A. in art history from the Ljubljana Faculty of Arts. Since 2000 director of SCCA-Ljubljana, Center for Contemporary Arts.<br \/>\nActive in the field of contemporary arts as a free-lance curator, publicist and editor.<br \/>\nMember of AICA, International Association of Art Critics and IKT, International Association of Curators of Contemporary Art.<\/p>\n<p>In frame of SCCA Bor\u010di\u0107 conceived and edited the documentation, archival and research project on video art in Slovenia under the title Videodokument. Video Art in Slovenia 1969-1998 (available also on www.videodokument.org). She is also curating video programs under the title Videospotting and writing about video (in English: \u2018From Alternative Scene to Art Video\u2019, in Reader V2_East Meeting, No. 1, Rotterdam, 1996; \u2018Video Art from Conceptualism to Postmodernism\u2019, in Impossible Histories: Historical Avant-Gardes, Neo-Avant-Gardes, and Post-Avant-Gardes in Yugoslavia, 1918-1991, MIT Press, Massachussetts, 2003). She was a project leader of curated web project Internet Portfolio, research projects What Is to Be Done with the Balkan Art and What Is to Be Done with the Audiovisual Archives, and editor of PlatformaSCCA magazine.<br \/>\nFrom 1980 on she worked in \u0160kuc Gallery, Ljubljana and was the artistic director of the gallery 1982-1985. Between 1982 and 1992 she was involved in video practice in frame of \u2018Ljubljana alternative scene\u2019 and collaborated on several art and documentary video projects. 1991-1992 she was editor-in-chief of the fine arts magazine Likovne besede (Art Words).<br \/>\nFrom 1993 she was an assistant to the director, from 1997 the director of the Soros Center for Contemporary Arts \u2013 Ljubljana. <\/p>\n<hr \/>\n<p><img loading=\"lazy\" decoding=\"async\" width=\"100\" height=\"100\" align=\"left\" style=\"margin-right: 10px; margin-bottom: 5px; margin-top: 3px; margin-left: 0px\" src=\"https:\/\/www.worldofart.org\/arhiv.worldofart.org\/aktualno\/wp-content\/2007-08\/ekipa-board\/eda_cufer.jpg\" alt=\"Eda \u010cufer\" \/><strong>Eda \u010cufer (1961)<\/strong><br \/>\nDramaturg, curator and writer. Her texts on theatre, dance, visual arts, culture and politics have been published in numerous publications at home and abroad.<br \/>\nIn the 80\u2019s, she collaborated as dramaturg with the director Dragan \u017divadinov. In 1983, she was co-founder of the Theatre of Sisters of Scipion Nasica. In the 90\u2019s, she collaborated as dramaturg with choreographer Iztok Kova\u010d and his dance company En-Knap as well as with director Marko Peljhan in the frame of Project Atol. Between 1991 and 1999, she collaborated as dramaturg with the group IRWIN on projects that dealt with a new perception and understanding of relations between the West and the East in the period of post-Socialism. In the frame of these projects, she was editor of numerous books and catalogues: NSK Moscow Embassy: How the East Sees the East, 1992; Transnacionala: Highway Collisions Between East and West at the Crossroads of Art, 2000; Interpol: The Art Exhibition Which Divided East and West, 2001. She co-curated the exhibitions: In Search of Balkania, Neue Galerie, Graz, Austria, 2002 and Call me Istanbul, ZKM, Karlsruhe, Germany, 2004 (both together with Roger Conover and Peter Weibl).<\/p>\n<hr \/>\n<p><img loading=\"lazy\" decoding=\"async\" width=\"100\" height=\"100\" align=\"left\" style=\"margin-right: 10px; margin-bottom: 5px; margin-top: 3px; margin-left: 0px\" src=\"https:\/\/www.worldofart.org\/arhiv.worldofart.org\/aktualno\/wp-content\/2007-08\/ekipa-board\/branislav_dimitrijevic.jpg\" alt=\"Branislav Dimitrijevi\u0107\" \/><strong>Branislav Dimitrijevi\u0107 (1967)<\/strong><br \/>\nArt historian, critic and curator. He received his degree in Art History at the University of Belgrade and received his M.A. in 1995 in History and Theory of Art at the University of Kent, under the mentorship of Professor Stephen Bann.<br \/>\nHe publishes texts on contemporary art and politics in Serbia in local and international magazines and catalogues. In 1996, he edited Pop Visions, a book on the interpretation of popular images. He writes essays for catalogues of numerous artists, among other, Zoran Naskovski, Milica Tomi\u0107, Zdravko Joksimovi\u0107, pRT.<\/p>\n<p>Together with Branislava An\u0111elkovi\u0107, he was curator and catalogue editor of numerous exhibitions: among other, A Room With Maps (1995), Murder1(1997), Beauty and Terror (1998) and Overground (1998). He is one of co-founders of the School for History and Theory of Art in the Contemporary Arts Centre-Belgrade. He was director of the Department of Education and Documentation of the Contemporary Arts Centre in Belgrade.<br \/>\nFrom 1999 on, he teaches on conceptual art and image perception. He also taught at the Faculty of Philosophy in Belgrade and the Michaelis School of Arts in Cape Town. He participated in conferences and discussion in Canterbury, Stockholm, Innsbruck, Ljubljana, Skopje, Oslo\u2026  <\/p>\n<hr \/>\n<p><img loading=\"lazy\" decoding=\"async\" width=\"100\" height=\"100\" align=\"left\" style=\"margin-right: 10px; margin-bottom: 5px; margin-top: 3px; margin-left: 0px\" src=\"https:\/\/www.worldofart.org\/arhiv.worldofart.org\/aktualno\/wp-content\/2007-08\/ekipa-board\/urska_jurman.jpg\" alt=\"Ur\u0161ka Jurman\" \/><strong>Ur\u0161ka Jurman (1973)<\/strong><br \/>\nArt historian and sociologist of culture. She collaborated thus far with \u0160KUC Gallery (1995-97), SCCA -Ljubljana (1999-2002, 2005-2006), Hexpo Festival (2000), Break 2.2 Festival (2003). She publishes texts on contemporary art in printed and electronic media. She was co-editor of contemporary arts review Platformascca (2000-). In 2005\/2006, she was Head of World of Art, School for Contemporary Arts at SCCA \u2013Ljubljana. From 2005 on, she collaborates as curator with the Centre and Gallery P74 in Ljubljana.<\/p>\n<div style=\"margin: 20px; color: #fff\">.<\/div>\n<hr \/>\n<p><img loading=\"lazy\" decoding=\"async\" width=\"100\" height=\"100\" align=\"left\" style=\"margin-right: 10px; margin-bottom: 5px; margin-top: 3px; margin-left: 0px\" src=\"https:\/\/www.worldofart.org\/arhiv.worldofart.org\/aktualno\/wp-content\/2007-08\/ekipa-board\/suzana_milevska.jpg\" alt=\"Suzana Milevska\" \/><strong>Suzana Milevska (1961)<\/strong><br \/>\nVisual culture theorist and curator and currently works as a Director and Lecturer in Visual Culture at the Visual and Cultural Research Centre \u201cEuro-Balkan\u201d Institute in Skopje. She received her PhD at the Visual Culture Department at Goldsmiths College in London. In 2004 she was a Fulbright Senior Research Scholar at Library of Congress and she also received P. Getty Curatorial Research Fellowship (2001) and ArtsLink Grant (1999). Since 1992 she curated over 70 art projects in Skopje, Istanbul, Stockholm, Berlin, Bonn, Stuttgart, Leipzig, etc. She was one of the curators of the Cosmopolis Balkan Biennial in Thessalonica (2004) and of the International Biennale of Contemporary Art 2005 \u2013 National Gallery in Prague. Her publications include \u201cFrom a Bat\u2019s Point of View\u201d in Eduardo Kac, edited by Peter Toma\u017e Dobrila and Aleksandra Kosti\u0107 (Maribor, 2000), 47-58; Capital and Gender, edited by Suzana Milevska (Skopje, 2001); \u201cThe Readymade and the Question of Fabrication of Objects and Subjects\u201d in Primary Documents &#8211; A Sourcebook for Eastern and Central European Art since the 1950s (New York, 2002), 182-191; \u201cThe portrait of an artist as a young \u2018strategic essentialist\u2019\u201d in Tanja Ostoji\u0107 &#8211; Strategies of Success \/ Curators Series 2001-2003, (Belgrade, 2004), 33-43; \u201cCuratorial Labyrinths in Macedonia\u201d, Men in Black \u2013 Handbook of Curatorial Practice, Ed. Christoph Tannert\/Ute Tischchler, K\u0171nstlerhaus Bethanien (Berlin, 2004). \u201cHesitations, or About Political and Cultural Territories\u201d in Cultural Territories, edited by Barbara Steiner, Julia Sch\u00e4fer and Ilina Koralova (K\u00f6ln, 2005), 31-43; \u201cIs Balkan Art History Global\u201d in Is Art History Global, edited by James Elkins, (New York, 2006), \u201cResistance that Cannot Be Recognised as Such \u2013 interview with Gayatri C. Spivak\u201d in New Feminism: worlds of feminism, queer and networking conditions, L\u00f6cker Verlag (Vienna, in print).<\/p>\n<hr \/>\n<p><img loading=\"lazy\" decoding=\"async\" width=\"100\" height=\"100\" align=\"left\" style=\"margin-right: 10px; margin-bottom: 5px; margin-top: 3px; margin-left: 0px\" src=\"https:\/\/www.worldofart.org\/arhiv.worldofart.org\/aktualno\/wp-content\/2007-08\/ekipa-board\/sasa_nabergoj.jpg\" alt=\"Sa\u0161a Nabergoj\" \/><strong>Sa\u0161a (Glavan) Nabergoj (1971)<\/strong><br \/>\nArt historian., curator and critic. Assistant director at SCCA, Center for Contemporary Arts \u2013 Ljubljana. A member of AICA (International Association of Art Critics). A member of editorial board of Maska, Performing Arts Journal.<br \/>\nMember of the pedagogical team at Museum of Modern Art Ljubljana (1995 \u2013 1997). Collaboration on exhibition projects in National Gallery in Ljubljana (1996 \u2013 1997). Assistant of art director in Gallery \u0160kuc, Ljubljana (1997). Collaborator of Soros Center for Contemporary Arts \u2013 Ljubljana (1997 \u2013 1999). From 2000 employed by SCCA, Center of Contemporary Arts &#8211; Ljubljana. From 1995 publishes texts, critics, essays on the contemporary art and culture in various Slovene and international art magazines and newspapers (catalogues of Gallery \u0160kuc, publications of multicultural center Metelkova, art magazines FlashArt\/Italy, USA, Umelec\/Czekia, Zarez\/Croatia, M\u2019ars\/Slovenia, daily newspapers Ve\u010der, Delo,&#8230;). In 1999 and 2000 worked as collaborative researcher in the research project Problematic of space within alternative culture, ordered and financed by Cultural Department of the City of Ljubljana, Slovenia. From 2001 to 2004 acted as vice president of ICAN (Internationals Contemporary Arts Network). Since 2003 contributing editor of Praesens, magazine of contemporary art in central Europe.<\/p>\n<hr \/>\n<p><img loading=\"lazy\" decoding=\"async\" width=\"100\" height=\"100\" align=\"left\" style=\"margin-right: 10px; margin-bottom: 5px; margin-top: 3px; margin-left: 0px\" src=\"https:\/\/www.worldofart.org\/arhiv.worldofart.org\/aktualno\/wp-content\/2007-08\/ekipa-board\/natasa_petresin.jpg\" alt=\"Nata\u0161a Petre\u0161in\" \/><strong>Nata\u0161a Petre\u0161in (1976)<\/strong><br \/>\nShe received her degree in Comparative Literature and Art History at the Faculty of Arts in Ljubljana. She wrote poetry and published it in the magazines Zofa, mentor and Apokalipsa. She was co-organiser of Round Table discussions and exhibitions within the frame of Youth Club in Cankarjev dom. From 1997 on, she publishes articles on contemporary art in the weekly magazine Nedelo, daily newspaper Delo and foreign magazines. In 1998, she was one of heads of architecture workshops in the frame of EASA 98 in Malta.<br \/>\nIn 2002, she attended the International Course for Curators in the Amsterdam De Appel. She prepared a number of exhibitions and international projects, particularly in the field of new media and sound.<\/p>\n<hr \/>\n<p><img loading=\"lazy\" decoding=\"async\" width=\"100\" height=\"100\" align=\"left\" style=\"margin-right: 10px; margin-bottom: 5px; margin-top: 3px; margin-left: 0px\" src=\"https:\/\/www.worldofart.org\/arhiv.worldofart.org\/aktualno\/wp-content\/2007-08\/ekipa-board\/nevenka_sivavec.jpg\" alt=\"Nevenka \u0160ivavec\" \/><strong>Nevenka \u0160ivavec (1963)<\/strong><br \/>\nShe received her degree in Comparative Literature and Art History at the Faculty of Arts in Ljubljana. From 1989, she is employed at the Center for Cultural Programmes in Celje. From 1995, she is also curator of Art Salon in Celje. Her additional education specialisation: the 1998 ArtsLink Fellowship at the School of the Art Institute in Chicago &#8211; curatorial practices study; professional stays in New York (April-June, 2002) and Belfast (December, 2002). She is interested in researching and presenting marginal, outsider artistic practices born in local environments, as well as projects that actively include the local community.<br \/>\nSelected exhibitions: 2002: Borut Hlupi\u010d Holland, Art Gallery, Celje; 2001: Celje Place 2, The Phantasms of the 80\u2019s, Art Salon, Celje; Men (together with Irena \u010cer\u010dnik), Art Gallery Celje, Art Salon Celje; Improbable Twosomes (Neboj\u0161a \u0160eri\u0107-\u0160oba and Narcis Kantard\u017ei\u0107, Jo\u017ee Bar\u0161i\u010d and Radio Celje, Andreja D\u017eaku\u0161i\u010d and Radivoj Muli\u0107\u2026); 1999: Bagpack Art, City Arts Gallery Limerick, Catalyst Arts Gallery Belfast; Celje Place, The 70\u2019s Alternative, Art Salon Celje, \u0160kuc Gallery Ljubljana.<\/p>\n<hr \/>\n<p><img loading=\"lazy\" decoding=\"async\" width=\"100\" height=\"100\" align=\"left\" style=\"margin-right: 10px; margin-bottom: 5px; margin-top: 3px; margin-left: 0px\" src=\"https:\/\/www.worldofart.org\/arhiv.worldofart.org\/aktualno\/wp-content\/2007-08\/ekipa-board\/misko_suvakovic.jpg\" alt=\"Mi\u0161ko \u0160uvakovi\u0107\" \/><strong>Mi\u0161ko \u0160uvakovi\u0107 (1954)<\/strong><br \/>\nBorn in Belgrade. He received his Ph.D in 1993 at the Faculty of Fine Arts, University of Arts in Belgrade. He is Professor at the Faculty of Music Art. He teaches Art Theory at Interdisciplinary Studies at the University of Arts. He teaches History and Theory of Contemporary Art as Guest Lecturer at the School of Architecture in Belgrade. He also teaches Performing Arts Theory as Guest Lecturer within the frame of the Philosophy and Theory of Visual Culture programme at the Faculty of Humanistic Studies in Koper. He was member of the conceptualist group 143 (1975-80) as well as member of the informal theoretical community \u201cCommunity for Space Research \u201c (1982-89). He participated in the editorial work on the magazines \u201cCatalogue 143\u201d (Belgrade, 1976-77), \u201cMental Space\u201d (Belgrade, 1982-87), \u201cTranscatalogue\u201d (Novi Sad, 1995-98), \u201cWalking Theory\u201d (Belgrade, from 2001), the magazine \u201cDifference\u201d (Tuzla, 2002), \u201cSarajevo Notebooks\u201d (Sarajevo, Zagreb, Belgrade, Ljubljana, 2005), \u201cArt Look\u201d (Warszaw, 2006). He is Honorary member of Slovenian Aesthetics Association. He has published the following books: Language Scenes (1989), Pas Tout (1994), Prolegomena for Analytical Aesthetics (1995), Postmodernism (1995), The Asymmetrical Other (1996), Aesthetics of Abstract Painting (1998), Glossary of Modern and Post-modern Visual Arts and Theory after 1950 (1999), Paragrams of body\/figure (2001), Martek-Fatal Figures of Artist: Essays on 20th-Century Art and Culture in South-Eastern, Eastern and Central Europe through the work of Vlado Martek (2002), Impossible Histories \u2013 Historical Avant-gardes, Neo-avant-gardes, and Post-avant-gardes in Yugoslavia, 1918-1991 (2003), The Politics of Painting (2004), Glossary of Contemporary Art (2005), Discursive Analysis (2006), Case Studies (2006) and Farenheit 387: Theoretical Confessions (2006) etc.<\/p>\n","protected":false},"excerpt":{"rendered":"<p>Barbara Bor\u010di\u0107 (1954) Graduated with B.A. in art history from the Ljubljana Faculty of Arts. Since 2000 director of SCCA-Ljubljana, Center for Contemporary Arts. Active in the field of contemporary arts as a free-lance curator, publicist and editor. Member of AICA, International Association of Art Critics and IKT, International Association of Curators of Contemporary Art. [&hellip;]<\/p>\n","protected":false},"author":1,"featured_media":0,"parent":53,"menu_order":0,"comment_status":"closed","ping_status":"closed","template":"","meta":{"footnotes":""},"categories":[1],"tags":[],"class_list":["post-55","page","type-page","status-publish","hentry","category-woa"],"_links":{"self":[{"href":"https:\/\/www.worldofart.org\/arhiv.worldofart.org\/current\/wp-json\/wp\/v2\/pages\/55","targetHints":{"allow":["GET"]}}],"collection":[{"href":"https:\/\/www.worldofart.org\/arhiv.worldofart.org\/current\/wp-json\/wp\/v2\/pages"}],"about":[{"href":"https:\/\/www.worldofart.org\/arhiv.worldofart.org\/current\/wp-json\/wp\/v2\/types\/page"}],"author":[{"embeddable":true,"href":"https:\/\/www.worldofart.org\/arhiv.worldofart.org\/current\/wp-json\/wp\/v2\/users\/1"}],"replies":[{"embeddable":true,"href":"https:\/\/www.worldofart.org\/arhiv.worldofart.org\/current\/wp-json\/wp\/v2\/comments?post=55"}],"version-history":[{"count":1,"href":"https:\/\/www.worldofart.org\/arhiv.worldofart.org\/current\/wp-json\/wp\/v2\/pages\/55\/revisions"}],"predecessor-version":[{"id":4788,"href":"https:\/\/www.worldofart.org\/arhiv.worldofart.org\/current\/wp-json\/wp\/v2\/pages\/55\/revisions\/4788"}],"up":[{"embeddable":true,"href":"https:\/\/www.worldofart.org\/arhiv.worldofart.org\/current\/wp-json\/wp\/v2\/pages\/53"}],"wp:attachment":[{"href":"https:\/\/www.worldofart.org\/arhiv.worldofart.org\/current\/wp-json\/wp\/v2\/media?parent=55"}],"wp:term":[{"taxonomy":"category","embeddable":true,"href":"https:\/\/www.worldofart.org\/arhiv.worldofart.org\/current\/wp-json\/wp\/v2\/categories?post=55"},{"taxonomy":"post_tag","embeddable":true,"href":"https:\/\/www.worldofart.org\/arhiv.worldofart.org\/current\/wp-json\/wp\/v2\/tags?post=55"}],"curies":[{"name":"wp","href":"https:\/\/api.w.org\/{rel}","templated":true}]}}