{"id":5601,"date":"2018-09-28T10:48:50","date_gmt":"2018-09-28T08:48:50","guid":{"rendered":"http:\/\/www.worldofart.org\/current\/?page_id=5601"},"modified":"2018-11-29T18:19:44","modified_gmt":"2018-11-29T16:19:44","slug":"year17-2018-2020","status":"publish","type":"page","link":"https:\/\/www.worldofart.org\/arhiv.worldofart.org\/current\/year17-2018-2020","title":{"rendered":"Year 17, 2018\/2020"},"content":{"rendered":"<p><img loading=\"lazy\" decoding=\"async\" class=\"size-large wp-image-13522 alignnone\" src=\"https:\/\/www.worldofart.org\/arhiv.worldofart.org\/aktualno\/wp-content\/uploads\/2018\/08\/SU-leto17_vpis1-730x411.jpg\" alt=\"\" width=\"730\" height=\"411\" \/><br \/>\n<strong>\u00a0<\/strong><\/p>\n<p>The <strong>World of Art, School for Curatorial Practices and Critical Writing<\/strong> is the sole programme in Slovenia aimed towards practical and theoretical education in the field of curatorial practices (more about the history of the school in the <a href=\"https:\/\/www.worldofart.org\/arhiv.worldofart.org\/current\/school\">presentation<\/a>). The school has two years (October 2018 \u2013 June 2019, September 2019 \u2013 June 2020) and consists of several modules. Regular meetings are held on Thursdays between 4 pm and 7.30 pm in the Project Room at Metelkova 6 in Ljubljana.<\/p>\n<hr \/>\n<p><a name=\"prvi\"><\/a><\/p>\n<p><strong>FIRST YEAR 2018\/2019<\/strong><\/p>\n<p>______<\/p>\n<p><a href=\"https:\/\/www.worldofart.org\/arhiv.worldofart.org\/aktualno\/sedemnajsto-leto-2018-2020\/prvi-letnik#modul_1\" target=\"_blank\" rel=\"noopener\"><strong>MODULE 1: EXHIBITION HISTORY AND CURATORIAL PRACTICES<\/strong><\/a> <span style=\"font-size: 80%;\">(in Slovene only)<\/span><\/p>\n<p>Historical overview of exhibition making of modern and contemporary art will be presented alongside with mechanisms and most important turning points that shaped the phenomena of exhibition, exhibition spaces, art institutions and the role of a curator in the art world.<\/p>\n<p><em>Module is prepared by Asta Vre\u010dko, Miha Kelemina and Simona \u017dvanut.<\/em><\/p>\n<p>______<\/p>\n<p><a href=\"https:\/\/www.worldofart.org\/arhiv.worldofart.org\/aktualno\/sedemnajsto-leto-2018-2020\/prvi-letnik#modul_2\" target=\"_blank\" rel=\"noopener\"><strong>MODULE 2: ART SYSTEM AND CULTURAL POLITICS<\/strong><\/a> <span style=\"font-size: 80%;\">(in Slovene only)<\/span><\/p>\n<p>Lectures will focus on the cultural politics in Slovenia, outlining the similarities and differences between Slovenian and international art system, they will also think of possibilities of (re)organizing. Galleries and exhibition spaces that will be analysed during this module, will be visited in frame of the module <em>Curatorial Mapping<\/em>.<\/p>\n<p><em>Module is prepared by Tja\u0161a Pureber, Tev\u017e Logar and Sa\u0161a Nabergoj.<\/em><\/p>\n<p>______<\/p>\n<p><a href=\"https:\/\/www.worldofart.org\/arhiv.worldofart.org\/aktualno\/sedemnajsto-leto-2018-2020\/prvi-letnik#modul_3\" target=\"_blank\" rel=\"noopener\"><strong>MODULE 3: FINANCING EXHIBITIONS AND CONTEMPORARY ART PROJECTS<\/strong><\/a> <span style=\"font-size: 80%;\">(in Slovene only)<\/span><\/p>\n<p>In the third module, consisting of lectures and practical workshops, participants will become acquainted with the financial mechanisms of support in culture and art on the local, national and international level. The lecturers with long experience in the field of financing culture will present basic characteristics of how to manoeuvre between different applications, how to structure a project and prepare a successful application.<\/p>\n<p><em>Module is prepared by Du\u0161an Dov\u010d (with help of Miha Kelemina) and Ines Ke\u017eman, Zavod Motovila.<\/em><\/p>\n<p>______<\/p>\n<p><a href=\"https:\/\/www.worldofart.org\/arhiv.worldofart.org\/aktualno\/sedemnajsto-leto-2018-2020\/prvi-letnik#modul_4\" target=\"_blank\" rel=\"noopener\"><strong>MODULE 4: WRITING ABOUT CONTEMPORARY ART<\/strong><\/a> <span style=\"font-size: 80%;\">(in Slovene only)<\/span><\/p>\n<p>Writing, analysing and evaluation skills are essential for the production as well for the reflection of contemporary art. After visits of contemporary art exhibitions, participants will write different texts about exhibitions and together with mentors analyse individual art works. Two seminars will be accompanied with a lecture about specific genres of art writings and two workshops about writing and linguistic manuals, corpora and tools that help us.<\/p>\n<p><em>Module is prepared by Urban \u0160rimpf, Lara Plav\u010dak, Barbara Bor\u010di\u0107, Miha Kelemina, Asta Vre\u010dko and Lenart Ku\u010di\u010d.<\/em><\/p>\n<p>______<\/p>\n<p><a href=\"https:\/\/www.worldofart.org\/arhiv.worldofart.org\/aktualno\/sedemnajsto-leto-2018-2020\/prvi-letnik#modul_5\" target=\"_blank\" rel=\"noopener\"><strong>MODULE 5: THEORY AND PHILOSOPHY OF CONTEMPORARY ART<\/strong><\/a> <span style=\"font-size: 80%;\">(in Slovene only)<\/span><\/p>\n<p>In frame of two reading seminars, lectures and discussions participants will be introduced to the most prominent philosophical and theoretical concepts of the last century. We will try to establish connections between different theoretical approaches that will help participants to grasp different ideas of contemporary art.<\/p>\n<p><em>Module is prepared by Gregor Moder, Jasna Jernej\u0161ek and \u0160UM collective.<\/em><\/p>\n<p>______<\/p>\n<p><a href=\"https:\/\/www.worldofart.org\/arhiv.worldofart.org\/aktualno\/sedemnajsto-leto-2018-2020\/prvi-letnik#modul_6\" target=\"_blank\" rel=\"noopener\"><strong>MODULE 6: CURATORIAL MAPPING<\/strong><\/a> <span style=\"font-size: 80%;\">(in Slovene only)<\/span><\/p>\n<p>During visits to art exhibitions in Ljubljana, Slovenia and excursions to nearby international centres, the participants will get acquainted with the work of various institutions (from independent, private and non-governmental art institutions and individuals). These visits will be accompanied by moderated discussions with curators and other cultural workers.<br \/>\n<a href=\"https:\/\/www.worldofart.org\/arhiv.worldofart.org\/current\/year17-2018-2020\/curatorial-mapping\">Photo Gallery<\/a><\/p>\n<p><em>Module is prepared by Vladimir Vidmar, Jasna Jernej\u0161ek and co-workers of exhibition spaces for contemporary art.<\/em><\/p>\n<p>______<\/p>\n<p><a href=\"https:\/\/www.worldofart.org\/arhiv.worldofart.org\/aktualno\/sedemnajsto-leto-2018-2020\/prvi-letnik#modul_7\" target=\"_blank\" rel=\"noopener\"><strong>MODULE 7: PRACTICE<\/strong><\/a> <span style=\"font-size: 80%;\">(in Slovene only)<\/span><\/p>\n<p>Praxis-oriented second year of the school focuses on the conceptualisation and preparation of the final exhibition. Yet already in the first year, participants will have the opportunity to gain practical experiences in designing and setting up an exhibition of contemporary art. A practical insight into the curatorial work will also be gained with the\u00a0<i>Curatorial Research<\/i>. During\u00a0summer, participants will prepare a virtual exhibition which will mark the end of the first year of school.<\/p>\n<p><i>Module is prepared by Vladimir Vidmar, SCCA team and co-workers of exhibition spaces for contemporary art.<\/i><\/p>\n<hr \/>\n<hr \/>\n<p><a name=\"drugi\"><\/a><\/p>\n<p><strong>SECOND YEAR 2019\/2020<\/strong><\/p>\n<p>______<\/p>\n<p><a href=\"https:\/\/www.worldofart.org\/arhiv.worldofart.org\/aktualno\/sedemnajsto-leto-2018-2020\/drugi-letnik#modul_1\" target=\"_blank\" rel=\"noopener\"><strong>MODULE 1: EXHIBITION<\/strong><\/a> <span style=\"font-size: 80%;\">(in Slovene only)<\/span><\/p>\n<p>Under the guidance of tutors Alenka Gregori\u010d, director of City Art Gallery and Toba\u010dna 001 Cultural Centre, and Miran Mohar, artist and member of IRWIN collective, participants will conceptualize and prepare their final exhibition in \u0160KUC Gallery.<\/p>\n<p><em>Module is prepared by Alenka Gregori\u010d and Miran Mohar.<\/em><\/p>\n<p>______<\/p>\n<p><a href=\"https:\/\/www.worldofart.org\/arhiv.worldofart.org\/aktualno\/sedemnajsto-leto-2018-2020\/drugi-letnik#modul_2\" target=\"_blank\" rel=\"noopener\"><strong>MODULE 2: CULTURAL MANAGEMENT AND PRODUCTION OF EXHIBITION<\/strong><\/a> <span style=\"font-size: 80%;\">(in Slovene only)<\/span><\/p>\n<p>Throughout the lectures and practical workshops, we will learn about the cultural management and work of the producer of contemporary art. Participants will acquire knowledge, information and basic sponsorship funds management skills, and learn how to communicate successfully with the public.<\/p>\n<p><em>Module is prepared by Ur\u0161ka Comino, Yasmin Martin Vodopivec, Du\u0161an Dov\u010d and others.<\/em><\/p>\n<p>______<\/p>\n<p><a href=\"https:\/\/www.worldofart.org\/arhiv.worldofart.org\/aktualno\/sedemnajsto-leto-2018-2020\/drugi-letnik#modul_3\" target=\"_blank\" rel=\"noopener\"><strong>MODULE 3: EXHIBITION DESIGN AND TECHNICAL SUPPORT<\/strong><\/a> <span style=\"font-size: 80%;\">(in Slovene only)<\/span><\/p>\n<p>In this module, different aspects of designing an exhibition (from its preliminary, preparatory stage, operational stage and installing works of art in a gallery space) and technical requirements will be addressed. Together with the advisors, participant will prepare a technical plan of the exhibition and search for more innovative approaches.<\/p>\n<p><em>Module is prepared by Luka Hribar, Miha Kelemina and Vesna Bukovec.<\/em><\/p>\n<p>______<\/p>\n<p><a href=\"https:\/\/www.worldofart.org\/arhiv.worldofart.org\/aktualno\/sedemnajsto-leto-2018-2020\/drugi-letnik#modul_4\" target=\"_blank\" rel=\"noopener\"><strong>MODULE 4: PARALLEL STRUCTURE: EVENTS, CATALOGUE AND WEB<\/strong><\/a> <span style=\"font-size: 80%;\">(in Slovene only)<\/span><\/p>\n<p>For curators the work does not end with the exhibition opening. The exhibition is usually complemented with a discursive programme and various accompanying events aimed at different target audiences, catalogue and\/or web page.<\/p>\n<p><em>Module is prepared by Ur\u0161ka Jurman, Lenart Ku\u010di\u010d and Adela \u017deleznik.<\/em><\/p>\n<p>______<\/p>\n<p><a href=\"https:\/\/www.worldofart.org\/arhiv.worldofart.org\/aktualno\/sedemnajsto-leto-2018-2020\/drugi-letnik#modul_5\" target=\"_blank\" rel=\"noopener\"><strong>MODULE 5: CURATORIAL MAPPING<\/strong><\/a> <span style=\"font-size: 80%;\">(in Slovene only)<\/span><\/p>\n<p>During visits to art exhibitions in Ljubljana, Slovenia and excursions to nearby international centres, the participants will get acquainted with the work of various institutions (from independent, private and non-governmental art institutions and individuals). These visits will be accompanied by moderated discussions with curators and other cultural workers.<\/p>\n<p><em>Module is prepared by Jana Ferjan, Teja Merhar, Jasna Jernej\u0161ek <\/em><em>and co-workers of exhibition spaces for contemporary art.<\/em><\/p>\n","protected":false},"excerpt":{"rendered":"<p>\u00a0 The World of Art, School for Curatorial Practices and Critical Writing is the sole programme in Slovenia aimed towards practical and theoretical education in the field of curatorial practices (more about the history of the school in the presentation). The school has two years (October 2018 \u2013 June 2019, September 2019 \u2013 June 2020) [&hellip;]<\/p>\n","protected":false},"author":1,"featured_media":5789,"parent":0,"menu_order":0,"comment_status":"closed","ping_status":"closed","template":"","meta":{"footnotes":""},"categories":[25],"tags":[],"class_list":["post-5601","page","type-page","status-publish","has-post-thumbnail","hentry","category-school-structure"],"_links":{"self":[{"href":"https:\/\/www.worldofart.org\/arhiv.worldofart.org\/current\/wp-json\/wp\/v2\/pages\/5601","targetHints":{"allow":["GET"]}}],"collection":[{"href":"https:\/\/www.worldofart.org\/arhiv.worldofart.org\/current\/wp-json\/wp\/v2\/pages"}],"about":[{"href":"https:\/\/www.worldofart.org\/arhiv.worldofart.org\/current\/wp-json\/wp\/v2\/types\/page"}],"author":[{"embeddable":true,"href":"https:\/\/www.worldofart.org\/arhiv.worldofart.org\/current\/wp-json\/wp\/v2\/users\/1"}],"replies":[{"embeddable":true,"href":"https:\/\/www.worldofart.org\/arhiv.worldofart.org\/current\/wp-json\/wp\/v2\/comments?post=5601"}],"version-history":[{"count":13,"href":"https:\/\/www.worldofart.org\/arhiv.worldofart.org\/current\/wp-json\/wp\/v2\/pages\/5601\/revisions"}],"predecessor-version":[{"id":5794,"href":"https:\/\/www.worldofart.org\/arhiv.worldofart.org\/current\/wp-json\/wp\/v2\/pages\/5601\/revisions\/5794"}],"wp:featuredmedia":[{"embeddable":true,"href":"https:\/\/www.worldofart.org\/arhiv.worldofart.org\/current\/wp-json\/wp\/v2\/media\/5789"}],"wp:attachment":[{"href":"https:\/\/www.worldofart.org\/arhiv.worldofart.org\/current\/wp-json\/wp\/v2\/media?parent=5601"}],"wp:term":[{"taxonomy":"category","embeddable":true,"href":"https:\/\/www.worldofart.org\/arhiv.worldofart.org\/current\/wp-json\/wp\/v2\/categories?post=5601"},{"taxonomy":"post_tag","embeddable":true,"href":"https:\/\/www.worldofart.org\/arhiv.worldofart.org\/current\/wp-json\/wp\/v2\/tags?post=5601"}],"curies":[{"name":"wp","href":"https:\/\/api.w.org\/{rel}","templated":true}]}}