{"id":5941,"date":"2019-05-26T22:22:32","date_gmt":"2019-05-26T20:22:32","guid":{"rendered":"http:\/\/www.worldofart.org\/current\/?page_id=5941"},"modified":"2019-05-26T23:11:59","modified_gmt":"2019-05-26T21:11:59","slug":"control-cultivate-evolve","status":"publish","type":"page","link":"https:\/\/www.worldofart.org\/arhiv.worldofart.org\/current\/year17-2018-2020\/control-cultivate-evolve","title":{"rendered":"control < cultivate > evolve"},"content":{"rendered":"<p><img loading=\"lazy\" decoding=\"async\" class=\"alignnone size-large wp-image-5930\" src=\"https:\/\/www.worldofart.org\/arhiv.worldofart.org\/current\/wp-content\/uploads\/2019\/05\/NKR-eng-730x411.png\" alt=\"\" width=\"730\" height=\"411\" srcset=\"https:\/\/www.worldofart.org\/arhiv.worldofart.org\/current\/wp-content\/uploads\/2019\/05\/NKR-eng-730x411.png 730w, https:\/\/www.worldofart.org\/arhiv.worldofart.org\/current\/wp-content\/uploads\/2019\/05\/NKR-eng-338x190.png 338w, https:\/\/www.worldofart.org\/arhiv.worldofart.org\/current\/wp-content\/uploads\/2019\/05\/NKR-eng-768x432.png 768w, https:\/\/www.worldofart.org\/arhiv.worldofart.org\/current\/wp-content\/uploads\/2019\/05\/NKR-eng.png 1920w\" sizes=\"auto, (max-width: 730px) 100vw, 730px\" \/><\/p>\n<h1><strong>control &lt; cultivate &gt; evolve<\/strong><\/h1>\n<h4><strong>Soros Center for Contemporary Arts \u2013 Ljubljana (1993\u20131999). Its Organisation and Impact<\/strong><\/h4>\n<p><strong>16 May \u2013 6 June 2019<\/strong><br \/>\n\u0160kuc Gallery, Stari trg 21, Ljubljana<br \/>\n<strong>Opening: Thursday, 16 May 2019, at 7 pm<\/strong><\/p>\n<p>Artists: <strong>Michael Brodsky, Cirkulacija 2, Vuk \u0106osi\u0107, IRWIN, Marko Peljhan, Nata\u0161a Prosenc Stearns<\/strong><br \/>\nCurators:<strong> Jasna Jernej\u0161ek, Miha Kelemina<\/strong><\/p>\n<p>The exhibition was prepared and realized with the help of the <a href=\"https:\/\/www.worldofart.org\/arhiv.worldofart.org\/current\/year17-2018-2020\/participants\" rel=\"noopener noreferrer\">participants<\/a> of the World of Art School, Year 17: <strong>Tia \u010ci\u010dek, Kristina Ferk, Katja Filovski, Lara Meja\u010d, Anja Seni\u010dar, Rea Vogrin\u010di\u010d<\/strong><\/p>\n<hr \/>\n<p>The exhibition <strong><em>control &lt; cultivate &gt; evolve<\/em><\/strong> by the <strong>World of Art, School for Curatorial Practices and Critical Writing<\/strong> looks into the work of the Soros Center for Contemporary Arts \u2013 Ljubljana*, which operated between 1993 and 1999 as one of the programmes of the Open Society Institute \u2013 Slovenia.<\/p>\n<p>The exhibition focuses on several work segments of the Soros Center, its financing mechanisms, exhibition activity, art directions and co-creation of the local art scene. It sets (itself) questions as to whether the cultivation of new environments \u2013 both through the distribution of financial means and the consequent creation of different working conditions as encouragement in the development of specific areas \u2013 can be freed of ideological indoctrination and whether it already contains elements of control given the particular interests of its investors.<\/p>\n<p>The exhibited artworks were either part of the so-called annual exhibition of the Soros Center in the 1990s or were produced with grants and travel grants. They establish a frame of reference that indicates the various aspects of the Center\u2019s work, while at the same time addressing the cultivation that implicates both control and development. The work <em>Ur\u0161ula Noordung<\/em> by the IRWIN collective refers to the launch of a new product with the appropriation of marketing strategies. The interactive video installation <em>Big Brother\u2019s Room<\/em> by Nata\u0161a Prosenc Stearns points to crowd control as well as the individual\u2019s decision to participate in the control process. In the 1990s, artists dealt with the issue of control differently than they do today when it is subtly ingrained in the very fabric of society and the technology of control. The two works, <em>Transmission Interrupted<\/em> by Michael Brodsky, and the video,<em> The <\/em><em>Park of Culture<\/em> by Marko Peljhan, are therefore an early reflection precisely on the control over the world wide web and the media. Vuk \u0106osi\u0107, on the other hand, considers working outside the established mechanisms of financing and the art system in his piece <em>A day in the life of a net.artist<\/em>. The selection of works is rounded off with the interactive sound piece <em>To sleep \u2013 perchance to dream <\/em>by the Circulation 2 collective, produced especially for the exhibition.<\/p>\n<p>Artworks are juxtaposed with archival material, the analysis of directing art and video interviews. The archive provides an insight into the work of the Ljubljana Center, which was part of the network of twenty Soros Centers (SCCA Network), established in the 1990s in the former socialist and communist countries of Central and Eastern Europe and the Soviet Union. The SCCA network had a tendency to establish a narrative of contemporary art in the \u201cEast\u201d, which it sought to achieve through regional networking, articulating artistic tendencies within a historical context, collecting documentation on artists and art, exhibitions and projects, its own magazine on contemporary art and the financing of cultural activities. The network played an active role in directing art, establishing parallel communication channels and promoting the use of new media and technologies.<\/p>\n<p>The SCCA network, as Octavian E\u0219anu writes in <em>The Managed Avant-Garde<\/em>, can be understood as the institutional mechanism of a post-socialist transition whose primary role was the modernisation of the art discourse of the former socialist countries and the participation in the process of \u201cnormalisation\u201d \u2013 a process that is in a society, where control is enforced through a scattered network of power and knowledge, primarily based on the norms of economic and social progress. The effects of the westernising tendency were more visible in some settings than in others. Because of the specifics of the local environment with its already established art infrastructure, cultural and social paradigm, the work of SCCA-Ljubljana should be seen as part of a wider attempt to establish hegemony within contemporary art.<\/p>\n<p>_______________<br \/>\n<span style=\"font-size: 80%;\">*The Soros Center for Contemporary Art \u2013 Ljubljana was established in 1993 as one of the programmes of the Open Society Institute \u2013 Slovenia (OSI), whose mission was to spread the values of open society and the Western democracies by providing support to numerous individuals and non-governmental organisations (Ljudmila, Peace Institute, etc.). It was active in various fields \u2013 from education, the media, culture and art, civil society, to health and humanitarian activities. It attempted to introduce a Western cultural model in the countries that had undergone political and economic transformation in the 1990s, by using contemporary art as one of its tools. All the newly established centres were offshoots of the SCCA-Budapest documentation centre, established in 1984. Upon foundation, each centre received a guide with recommendations on the structure and content, which the individual centres adapted more or less consistently to the needs of the local environment. The work of SCCA-Ljubljana extended to the fields of preparing exhibitions (annual exhibitions and projects), conducting research, archival work (documenting the history of video) and education (World of Art). The distribution of support in the form of grants for art projects and a curatorial exhibition as well as non-programme costs also played a pivotal role. Due to the reorganisation of the Soros Foundations, the SCCA centres became independent in 2000. They began to function as non-government organisations, merging with bigger institutions, or they ceased to function. SCCA-Ljubljana was reorganised into the SCCA Center for Contemporary Arts \u2013 Ljubljana.<\/span><\/p>\n<p><a href=\"http:\/\/www.scca-ljubljana.si\/wp-content\/uploads\/2019\/05\/Razstava-nadzor-kultivacija-razvoj_vabilo.pdf\" target=\"_blank\" rel=\"noopener noreferrer\">Invitation leaflet (pdf)<\/a><\/p>\n<hr \/>\n<p><a href=\"https:\/\/www.worldofart.org\/arhiv.worldofart.org\/current\/year17-2018-2020\/control-cultivate-evolve\/artworks\"><strong>ARTWORKS<\/strong><\/a><\/p>\n<figure id=\"attachment_5970\" aria-describedby=\"caption-attachment-5970\" style=\"width: 730px\" class=\"wp-caption alignnone\"><a href=\"https:\/\/www.worldofart.org\/arhiv.worldofart.org\/current\/year17-2018-2020\/control-cultivate-evolve\/artworks\"><img loading=\"lazy\" decoding=\"async\" class=\"wp-image-5970 size-large\" src=\"https:\/\/www.worldofart.org\/arhiv.worldofart.org\/current\/wp-content\/uploads\/2019\/05\/2019_05_22_SKUC_NKR_201-730x487.jpg\" alt=\"\" width=\"730\" height=\"487\" srcset=\"https:\/\/www.worldofart.org\/arhiv.worldofart.org\/current\/wp-content\/uploads\/2019\/05\/2019_05_22_SKUC_NKR_201-730x487.jpg 730w, https:\/\/www.worldofart.org\/arhiv.worldofart.org\/current\/wp-content\/uploads\/2019\/05\/2019_05_22_SKUC_NKR_201-338x225.jpg 338w, https:\/\/www.worldofart.org\/arhiv.worldofart.org\/current\/wp-content\/uploads\/2019\/05\/2019_05_22_SKUC_NKR_201-768x512.jpg 768w, https:\/\/www.worldofart.org\/arhiv.worldofart.org\/current\/wp-content\/uploads\/2019\/05\/2019_05_22_SKUC_NKR_201.jpg 1500w\" sizes=\"auto, (max-width: 730px) 100vw, 730px\" \/><\/a><figcaption id=\"caption-attachment-5970\" class=\"wp-caption-text\">Photo: Klemen Ilovar<\/figcaption><\/figure>\n<hr \/>\n<p><a href=\"https:\/\/www.worldofart.org\/arhiv.worldofart.org\/current\/year17-2018-2020\/control-cultivate-evolve\/5981-2\"><strong>GALLERY PRESENTATION OF THE ARCHIVE<\/strong><\/a><\/p>\n<figure id=\"attachment_5951\" aria-describedby=\"caption-attachment-5951\" style=\"width: 730px\" class=\"wp-caption alignnone\"><a href=\"https:\/\/www.worldofart.org\/arhiv.worldofart.org\/current\/year17-2018-2020\/control-cultivate-evolve\/5981-2\"><img loading=\"lazy\" decoding=\"async\" class=\"wp-image-5951 size-large\" src=\"https:\/\/www.worldofart.org\/arhiv.worldofart.org\/current\/wp-content\/uploads\/2019\/05\/2019_05_22_SKUC_NKR_092-730x487.jpg\" alt=\"\" width=\"730\" height=\"487\" srcset=\"https:\/\/www.worldofart.org\/arhiv.worldofart.org\/current\/wp-content\/uploads\/2019\/05\/2019_05_22_SKUC_NKR_092-730x487.jpg 730w, https:\/\/www.worldofart.org\/arhiv.worldofart.org\/current\/wp-content\/uploads\/2019\/05\/2019_05_22_SKUC_NKR_092-338x225.jpg 338w, https:\/\/www.worldofart.org\/arhiv.worldofart.org\/current\/wp-content\/uploads\/2019\/05\/2019_05_22_SKUC_NKR_092-768x512.jpg 768w, https:\/\/www.worldofart.org\/arhiv.worldofart.org\/current\/wp-content\/uploads\/2019\/05\/2019_05_22_SKUC_NKR_092.jpg 1500w\" sizes=\"auto, (max-width: 730px) 100vw, 730px\" \/><\/a><figcaption id=\"caption-attachment-5951\" class=\"wp-caption-text\">Photo: Klemen Ilovar<\/figcaption><\/figure>\n<hr \/>\n<p><strong>PRESS MATERIAL<\/strong><\/p>\n<ul>\n<li><a href=\"https:\/\/www.dropbox.com\/sh\/f5tgit6szb7trtr\/AADz3MXCPuBaenW0fQ9leWK8a?dl=0\" target=\"_blank\" rel=\"noopener noreferrer\">Hi-res images<\/a><\/li>\n<\/ul>\n<hr \/>\n<p><strong>CREDITS<\/strong><\/p>\n<p>Exhibition design: Vesna Bukovec<br \/>\nRecording and editing of video interviews: Toni Poljanec<br \/>\nInterviewees: Barbara Bor\u010di\u0107, Vuk \u0106osi\u0107, Miran Mohar, Sa\u0161a Nabergoj, Lilijana Stepan\u010di\u010d, Beti \u017derovc<br \/>\nArtwork description: Tia \u010ci\u010dek, Kristina Ferk, Lara Meja\u010d, Anja Seni\u010dar, Borut Savski (Cirkulacija 2)<br \/>\nAccompanying text: Jasna Jernej\u0161ek, Miha Kelemina<br \/>\nProofreading of the accompanying text: Alvina \u017duraj<br \/>\nTranslation of the accompanying text: Arven \u0160akti Kralj Szomi<br \/>\nAccompanying text of the exhibition Big Brother&#8217;s Room: Nevenka \u0160ivavec<br \/>\nGrants analysis: Tia \u010ci\u010dek, with help of Asta Vre\u010dko<br \/>\nArchive material: Museum of Modern Art, Ljubljana, The Archives<br \/>\nPhoto documentation in infographics: SCCA-Ljubljana Archive, OSI Archive, Miha Fras, artists<\/p>\n<p>&#8212;<\/p>\n<p><strong>Production:<\/strong> SCCA\u2013Ljubljana \/ School for Curatorial Practices and Critical Writing<br \/>\n<strong>Coproduction<\/strong>: \u0160kuc Gallery<br \/>\n<strong>Exhibition is supported by<\/strong>: Ministry of Culture of Republic of Slovenia, Municipality of Ljubljana \u2013 Department for Culture<br \/>\n<strong>Acknowledgements:<\/strong> Toma\u017e Ku\u010der\/MG+MSUM, Jure Sajovic\/Galerija Kapelica, Teja Merhar, Jana Intihar Ferjan\/MG+MSUM, Samanta Foxx, National Museum of Contemporary History, Dru\u0161tvo Ra\u010dunalni\u0161ki Muzej, Nevenka \u0160ivavec<\/p>\n<p>Special thanks to interviewees: Barbara Bor\u010di\u0107, Vuk \u0106osi\u0107, Miran Mohar, Sa\u0161a Nabergoj, Lilijana Stepan\u010di\u010d, Beti \u017derovc<\/p>\n<p><img loading=\"lazy\" decoding=\"async\" class=\"alignnone wp-image-5638\" src=\"http:\/\/www.scca-ljubljana.si\/wp-content\/uploads\/2019\/05\/MK-logo-slo.png\" alt=\"\" width=\"143\" height=\"32\" \/> <img loading=\"lazy\" decoding=\"async\" class=\"alignnone wp-image-3247\" src=\"http:\/\/www.scca-ljubljana.si\/wp-content\/uploads\/2018\/01\/MOL_slo-730x254.png\" alt=\"\" width=\"97\" height=\"34\" \/> <img loading=\"lazy\" decoding=\"async\" class=\"alignnone wp-image-12\" src=\"http:\/\/www.scca-ljubljana.si\/wp-content\/uploads\/2015\/10\/SCCA-logo-slo.png\" alt=\"\" width=\"116\" height=\"16\" \/> <img loading=\"lazy\" decoding=\"async\" class=\"alignnone wp-image-1934\" src=\"http:\/\/www.scca-ljubljana.si\/wp-content\/uploads\/2017\/08\/SU-logo.png\" alt=\"\" width=\"60\" height=\"43\" \/> <img loading=\"lazy\" decoding=\"async\" class=\"alignnone wp-image-4531\" src=\"http:\/\/www.scca-ljubljana.si\/wp-content\/uploads\/2018\/09\/galerija-skuc-logo.png\" alt=\"\" width=\"26\" height=\"55\" \/><\/p>\n","protected":false},"excerpt":{"rendered":"<p>control &lt; cultivate &gt; evolve Soros Center for Contemporary Arts \u2013 Ljubljana (1993\u20131999). Its Organisation and Impact 16 May \u2013 6 June 2019 \u0160kuc Gallery, Stari trg 21, Ljubljana Opening: Thursday, 16 May 2019, at 7 pm Artists: Michael Brodsky, Cirkulacija 2, Vuk \u0106osi\u0107, IRWIN, Marko Peljhan, Nata\u0161a Prosenc Stearns Curators: Jasna Jernej\u0161ek, Miha Kelemina [&hellip;]<\/p>\n","protected":false},"author":1,"featured_media":5930,"parent":5601,"menu_order":0,"comment_status":"closed","ping_status":"closed","template":"","meta":{"footnotes":""},"categories":[],"tags":[],"class_list":["post-5941","page","type-page","status-publish","has-post-thumbnail","hentry"],"_links":{"self":[{"href":"https:\/\/www.worldofart.org\/arhiv.worldofart.org\/current\/wp-json\/wp\/v2\/pages\/5941","targetHints":{"allow":["GET"]}}],"collection":[{"href":"https:\/\/www.worldofart.org\/arhiv.worldofart.org\/current\/wp-json\/wp\/v2\/pages"}],"about":[{"href":"https:\/\/www.worldofart.org\/arhiv.worldofart.org\/current\/wp-json\/wp\/v2\/types\/page"}],"author":[{"embeddable":true,"href":"https:\/\/www.worldofart.org\/arhiv.worldofart.org\/current\/wp-json\/wp\/v2\/users\/1"}],"replies":[{"embeddable":true,"href":"https:\/\/www.worldofart.org\/arhiv.worldofart.org\/current\/wp-json\/wp\/v2\/comments?post=5941"}],"version-history":[{"count":5,"href":"https:\/\/www.worldofart.org\/arhiv.worldofart.org\/current\/wp-json\/wp\/v2\/pages\/5941\/revisions"}],"predecessor-version":[{"id":5991,"href":"https:\/\/www.worldofart.org\/arhiv.worldofart.org\/current\/wp-json\/wp\/v2\/pages\/5941\/revisions\/5991"}],"up":[{"embeddable":true,"href":"https:\/\/www.worldofart.org\/arhiv.worldofart.org\/current\/wp-json\/wp\/v2\/pages\/5601"}],"wp:featuredmedia":[{"embeddable":true,"href":"https:\/\/www.worldofart.org\/arhiv.worldofart.org\/current\/wp-json\/wp\/v2\/media\/5930"}],"wp:attachment":[{"href":"https:\/\/www.worldofart.org\/arhiv.worldofart.org\/current\/wp-json\/wp\/v2\/media?parent=5941"}],"wp:term":[{"taxonomy":"category","embeddable":true,"href":"https:\/\/www.worldofart.org\/arhiv.worldofart.org\/current\/wp-json\/wp\/v2\/categories?post=5941"},{"taxonomy":"post_tag","embeddable":true,"href":"https:\/\/www.worldofart.org\/arhiv.worldofart.org\/current\/wp-json\/wp\/v2\/tags?post=5941"}],"curies":[{"name":"wp","href":"https:\/\/api.w.org\/{rel}","templated":true}]}}