{"id":5976,"date":"2019-05-26T22:49:39","date_gmt":"2019-05-26T20:49:39","guid":{"rendered":"http:\/\/www.worldofart.org\/current\/?page_id=5976"},"modified":"2019-05-26T22:53:04","modified_gmt":"2019-05-26T20:53:04","slug":"artworks","status":"publish","type":"page","link":"https:\/\/www.worldofart.org\/arhiv.worldofart.org\/current\/year17-2018-2020\/control-cultivate-evolve\/artworks","title":{"rendered":"Artworks"},"content":{"rendered":"<p><a href=\"https:\/\/www.worldofart.org\/arhiv.worldofart.org\/current\/year17-2018-2020\/control-cultivate-evolve\">control &lt; cultivate &gt; evolve<br \/>\nSoros Center for Contemporary Arts \u2013 Ljubljana (1993\u20131999). Its Organisation and Impact<\/a><br \/>\n16 May \u2013 6 June 2019, \u0160kuc Gallery, Ljubljana<\/p>\n<hr \/>\n<p>Artwork description: Tia \u010ci\u010dek, Kristina Ferk, Lara Meja\u010d, Anja Seni\u010dar, Borut Savski (Cirkulacija 2)<br \/>\nPhoto: Klemen Ilovar<\/p>\n<hr \/>\n<p><strong>Michael Brodsky, <em>Transmission Interrupted<\/em><\/strong><br \/>\nDigital print, 1991 \u2013 1995<\/p>\n<p><img loading=\"lazy\" decoding=\"async\" class=\"alignnone size-large wp-image-5965\" src=\"https:\/\/www.worldofart.org\/arhiv.worldofart.org\/current\/wp-content\/uploads\/2019\/05\/2019_05_22_SKUC_NKR_143-730x487.jpg\" alt=\"\" width=\"730\" height=\"487\" srcset=\"https:\/\/www.worldofart.org\/arhiv.worldofart.org\/current\/wp-content\/uploads\/2019\/05\/2019_05_22_SKUC_NKR_143-730x487.jpg 730w, https:\/\/www.worldofart.org\/arhiv.worldofart.org\/current\/wp-content\/uploads\/2019\/05\/2019_05_22_SKUC_NKR_143-338x225.jpg 338w, https:\/\/www.worldofart.org\/arhiv.worldofart.org\/current\/wp-content\/uploads\/2019\/05\/2019_05_22_SKUC_NKR_143-768x512.jpg 768w, https:\/\/www.worldofart.org\/arhiv.worldofart.org\/current\/wp-content\/uploads\/2019\/05\/2019_05_22_SKUC_NKR_143.jpg 1500w\" sizes=\"auto, (max-width: 730px) 100vw, 730px\" \/><\/p>\n<p>The images were created by downloading publicly available GIF files found on the online underground pornographic <em>Bulletin Board System<\/em> networks. By deconstructing and decoding the files, the artist changed the default-protocol-transfer of the encoded binary file, causing a distortion as a result. This alteration caused the images to deconstruct yielding a coloured interference pattern from the desynchronisation of an improperly deciphered image. The triggered error functions as a barrier to the complete viewing of the original image, which in these pictures becomes a form of censorship, despite the fact that the content of the separate images remains readable. By triggering distortions, Brodsky draws attention to the Puritan nature in American culture, which is ambivalent regarding sexual activity and imagery. The fear of the interactive nature of the new digital media and their networking with pornographic content has resulted in very real consequences in the US legislation, which has been used to control content that should, however, be decided by the consumers themselves.<\/p>\n<hr \/>\n<p><strong>Cirkulacija 2, <em>To sleep \u2013 perchance to dream \u2026<\/em><\/strong><br \/>\nSound collage, 2019<\/p>\n<p><img loading=\"lazy\" decoding=\"async\" class=\"alignnone size-large wp-image-5946\" src=\"https:\/\/www.worldofart.org\/arhiv.worldofart.org\/current\/wp-content\/uploads\/2019\/05\/2019_05_22_SKUC_NKR_055_2-730x439.jpg\" alt=\"\" width=\"730\" height=\"439\" srcset=\"https:\/\/www.worldofart.org\/arhiv.worldofart.org\/current\/wp-content\/uploads\/2019\/05\/2019_05_22_SKUC_NKR_055_2-730x439.jpg 730w, https:\/\/www.worldofart.org\/arhiv.worldofart.org\/current\/wp-content\/uploads\/2019\/05\/2019_05_22_SKUC_NKR_055_2-338x203.jpg 338w, https:\/\/www.worldofart.org\/arhiv.worldofart.org\/current\/wp-content\/uploads\/2019\/05\/2019_05_22_SKUC_NKR_055_2-768x462.jpg 768w, https:\/\/www.worldofart.org\/arhiv.worldofart.org\/current\/wp-content\/uploads\/2019\/05\/2019_05_22_SKUC_NKR_055_2.jpg 1000w\" sizes=\"auto, (max-width: 730px) 100vw, 730px\" \/><\/p>\n<p>The soundtrack of this exhibition is the work of three members of Cirkulacija 2 (Borut Savski, Stefan Doepner and Bo\u0161tjan Leskov\u0161ek), which we conceived as a sound collage of the audio associations of the threesome, that intertwine in real time, thus forming into an ever-new continuous combination of sounds. This is how \u2013 in the manner of sleep-perhaps-dream \u2013 of me rely random logical associative interconnections \u2013 we remember the nineties \u2013 the years of our youth \u2013 and the offshoots of \u201cmedia art in real-time\u201d.<\/p>\n<p>[Cirkulacija 2]<\/p>\n<hr \/>\n<p><strong>Vuk \u0106osi\u0107, <em>A Day in the Life o a Net.artist<\/em><\/strong><br \/>\nNet.art, 1995<\/p>\n<p><img loading=\"lazy\" decoding=\"async\" class=\"alignnone size-large wp-image-5960\" src=\"https:\/\/www.worldofart.org\/arhiv.worldofart.org\/current\/wp-content\/uploads\/2019\/05\/2019_05_22_SKUC_NKR_131_2-730x442.jpg\" alt=\"\" width=\"730\" height=\"442\" srcset=\"https:\/\/www.worldofart.org\/arhiv.worldofart.org\/current\/wp-content\/uploads\/2019\/05\/2019_05_22_SKUC_NKR_131_2-730x442.jpg 730w, https:\/\/www.worldofart.org\/arhiv.worldofart.org\/current\/wp-content\/uploads\/2019\/05\/2019_05_22_SKUC_NKR_131_2-338x204.jpg 338w, https:\/\/www.worldofart.org\/arhiv.worldofart.org\/current\/wp-content\/uploads\/2019\/05\/2019_05_22_SKUC_NKR_131_2-768x465.jpg 768w, https:\/\/www.worldofart.org\/arhiv.worldofart.org\/current\/wp-content\/uploads\/2019\/05\/2019_05_22_SKUC_NKR_131_2.jpg 1000w\" sizes=\"auto, (max-width: 730px) 100vw, 730px\" \/><\/p>\n<p>The website <em>A day in the life of a net.artist<\/em> is a review of the artist\u2019s daily digital activities. The projects are hidden behind the artist\u2019s designations, which are only revealed to the visitor when he scrolls through the website. The work does not offer a complete insight into the artist\u2019s work, but shows the features of the online projects, which can be both artistic and useful \u2013 the webpages were created as an Internet archive and promotional material for individual artists. The work was commissioned for the exhibition <em>Media in Media<\/em> and is displayed on a stationary computer in the gallery at this time, in an attempt to simulate the artist\u2019s working environment at the time the work was produced.<\/p>\n<p><span style=\"font-size: 80%;\">Computer equipment generously provided by the National Museum of Contemporary History of Slovenia.<\/span><\/p>\n<hr \/>\n<p><strong>IRWIN, <em>Ur\u0161ula Noordung<\/em><\/strong><br \/>\nArtistic action, 1994<\/p>\n<p><img loading=\"lazy\" decoding=\"async\" class=\"alignnone size-large wp-image-5967\" src=\"https:\/\/www.worldofart.org\/arhiv.worldofart.org\/current\/wp-content\/uploads\/2019\/05\/2019_05_22_SKUC_NKR_154-730x487.jpg\" alt=\"\" width=\"730\" height=\"487\" srcset=\"https:\/\/www.worldofart.org\/arhiv.worldofart.org\/current\/wp-content\/uploads\/2019\/05\/2019_05_22_SKUC_NKR_154-730x487.jpg 730w, https:\/\/www.worldofart.org\/arhiv.worldofart.org\/current\/wp-content\/uploads\/2019\/05\/2019_05_22_SKUC_NKR_154-338x225.jpg 338w, https:\/\/www.worldofart.org\/arhiv.worldofart.org\/current\/wp-content\/uploads\/2019\/05\/2019_05_22_SKUC_NKR_154-768x512.jpg 768w, https:\/\/www.worldofart.org\/arhiv.worldofart.org\/current\/wp-content\/uploads\/2019\/05\/2019_05_22_SKUC_NKR_154.jpg 1500w\" sizes=\"auto, (max-width: 730px) 100vw, 730px\" \/><\/p>\n<p>The central element of the <em>Ur\u0161ula Noordung<\/em> artistic action by the IRWIN collective was the launch of a new product into the commercial network. The IRWIN collective gave a serial product \u2013 a factory-produced plush teddy bear \u2013 a white wrist strap with a black cross and returned it to the market, by which it was able to observe and draw attention to the processes that accompanied the product on the market. The plush toy <em>Ur\u0161ula Noordung<\/em> was first exhibited in 1994 at an electronics fair as a substitute presentation for the Iskra Sysen company and was later put on sale at retail price at the Mladinska knjiga publisher as well as the Metalka store. Through the sale of the item, the artistic action divided the identity of the consumer into the buyer of a toy and the buyer of an artwork, thus opening up the issues of the status of the work of art and its commodification. In addition, the role of the child\u2019s toy within the ideological, economic and cultural context is questioned. Toys play an important role in assuming dominant social values and defining norms, usually possessing an educational function that acts in unobtrusive and innocent ways, consequently exerting control and indoctrination.<\/p>\n<hr \/>\n<p><strong>Marko Peljhan, <em>The Park of Culture<\/em><\/strong><br \/>\nTV situation, 03\u201947\u2019\u2019, 1996<\/p>\n<p><img loading=\"lazy\" decoding=\"async\" class=\"alignnone size-large wp-image-5974\" src=\"https:\/\/www.worldofart.org\/arhiv.worldofart.org\/current\/wp-content\/uploads\/2019\/05\/2019_05_22-SKUC_NKR_Peljhan3-730x419.jpg\" alt=\"\" width=\"730\" height=\"419\" srcset=\"https:\/\/www.worldofart.org\/arhiv.worldofart.org\/current\/wp-content\/uploads\/2019\/05\/2019_05_22-SKUC_NKR_Peljhan3-730x419.jpg 730w, https:\/\/www.worldofart.org\/arhiv.worldofart.org\/current\/wp-content\/uploads\/2019\/05\/2019_05_22-SKUC_NKR_Peljhan3-338x194.jpg 338w, https:\/\/www.worldofart.org\/arhiv.worldofart.org\/current\/wp-content\/uploads\/2019\/05\/2019_05_22-SKUC_NKR_Peljhan3-768x440.jpg 768w, https:\/\/www.worldofart.org\/arhiv.worldofart.org\/current\/wp-content\/uploads\/2019\/05\/2019_05_22-SKUC_NKR_Peljhan3.jpg 1500w\" sizes=\"auto, (max-width: 730px) 100vw, 730px\" \/><\/p>\n<p>The TV situation, as the format was labelled by the artist, is an edit of television footage showing human observation of the world and the universe \u2013 from frames shot from space stations, from the sea and from the Earth\u2019s surface, to frames taken from submarines, control rooms and monitoring agencies. The footage is supplemented by two sliding texts. Under the quotations from Sun Tzu\u2019s <em>The Art of War<\/em>, a series of television newscasts is shown at a fast pace, which are supposed to inform the user about current events in condensed form. The video illustrates the artist\u2019s reflection on the all-pervasive nature of the media and the reality they mediate. By regulating and distributing information, a medium can also be a means of control, as viewers are always at the receiving end of selectively edited content. The work is based on the artist\u2019s personal experience \u2013 the encounter with open information channels, which provided an insight into the system of information before the final, public media selection was made. With the final statement, <em>They are <\/em><em>observing you<\/em>. <em>Switch on your transmitter and observe them<\/em>, Peljhan addresses the viewer, directly opening up the issues of privacy, observation, surveillance and control.<\/p>\n<hr \/>\n<p><strong>Nata\u0161a Prosenc Stearns, <em>Big Brother\u2019s Room<\/em><\/strong><br \/>\nInteractive video installation \u2013 projection and podium with image control, 1996<\/p>\n<p><span style=\"font-size: 80%;\">Video: TV Slovenija archive footage, sound: Milko Lazar.<br \/>\nNevenka \u0160ivavec, <a href=\"https:\/\/www.worldofart.org\/arhiv.worldofart.org\/aktualno\/wp-content\/uploads\/2019\/05\/Natasa_Prosenc-Nevenka-Sivavec_1996.pdf\" target=\"_blank\" rel=\"noopener noreferrer\"><i>The Intelligent don\u2019t like the Crowd<\/i><\/a>, accompanying text of the exhibition <em>Big Brother\u2019s Room<\/em>, Likovni salon Gallery, Celje, 1996. With the permission of Nevenka \u0160ivavec.<\/span><\/p>\n<p><img loading=\"lazy\" decoding=\"async\" class=\"alignnone size-large wp-image-5972\" src=\"https:\/\/www.worldofart.org\/arhiv.worldofart.org\/current\/wp-content\/uploads\/2019\/05\/2019_05_22_SKUC_NKR_234-730x487.jpg\" alt=\"\" width=\"730\" height=\"487\" srcset=\"https:\/\/www.worldofart.org\/arhiv.worldofart.org\/current\/wp-content\/uploads\/2019\/05\/2019_05_22_SKUC_NKR_234-730x487.jpg 730w, https:\/\/www.worldofart.org\/arhiv.worldofart.org\/current\/wp-content\/uploads\/2019\/05\/2019_05_22_SKUC_NKR_234-338x225.jpg 338w, https:\/\/www.worldofart.org\/arhiv.worldofart.org\/current\/wp-content\/uploads\/2019\/05\/2019_05_22_SKUC_NKR_234-768x512.jpg 768w, https:\/\/www.worldofart.org\/arhiv.worldofart.org\/current\/wp-content\/uploads\/2019\/05\/2019_05_22_SKUC_NKR_234.jpg 1500w\" sizes=\"auto, (max-width: 730px) 100vw, 730px\" \/><\/p>\n<p>The interactive spatial installation includes a video, a lectern with image and voice controls, which invites the viewer to the lectern. The video, composed of black and white archive footage from Television Slovenia, overlayered with a connecting red graphic element, shows the crowds at military gatherings, sports events and during religious ceremonies. The visitor behind the lectern can follow the instructions, thus taking an active role in viewing and rewinding the footage and becoming part of the control enforcement. Anyone can take on the role of the control enforcer, by which the installation accentuates the artist\u2019s attitude to controlling the masses and the role of the individual.<\/p>\n<hr \/>\n<div id='gallery-1' class='gallery galleryid-5976 gallery-columns-5 gallery-size-thumbnail'><figure class='gallery-item'>\n\t\t\t<div class='gallery-icon landscape'>\n\t\t\t\t<a href='https:\/\/www.worldofart.org\/arhiv.worldofart.org\/current\/wp-content\/uploads\/2019\/05\/2019_05_22_SKUC_NKR_151.jpg' rel=\"lightbox[5976]\"><img loading=\"lazy\" decoding=\"async\" width=\"140\" height=\"140\" src=\"https:\/\/www.worldofart.org\/arhiv.worldofart.org\/current\/wp-content\/uploads\/2019\/05\/2019_05_22_SKUC_NKR_151-140x140.jpg\" class=\"attachment-thumbnail size-thumbnail\" alt=\"\" \/><\/a>\n\t\t\t<\/div><\/figure><figure class='gallery-item'>\n\t\t\t<div class='gallery-icon landscape'>\n\t\t\t\t<a href='https:\/\/www.worldofart.org\/arhiv.worldofart.org\/current\/wp-content\/uploads\/2019\/05\/2019_05_22_SKUC_NKR_143.jpg' rel=\"lightbox[5976]\"><img loading=\"lazy\" decoding=\"async\" width=\"140\" height=\"140\" src=\"https:\/\/www.worldofart.org\/arhiv.worldofart.org\/current\/wp-content\/uploads\/2019\/05\/2019_05_22_SKUC_NKR_143-140x140.jpg\" class=\"attachment-thumbnail size-thumbnail\" alt=\"\" \/><\/a>\n\t\t\t<\/div><\/figure><figure class='gallery-item'>\n\t\t\t<div class='gallery-icon portrait'>\n\t\t\t\t<a href='https:\/\/www.worldofart.org\/arhiv.worldofart.org\/current\/wp-content\/uploads\/2019\/05\/2019_05_22_SKUC_NKR_072.jpg' rel=\"lightbox[5976]\"><img loading=\"lazy\" decoding=\"async\" width=\"140\" height=\"140\" src=\"https:\/\/www.worldofart.org\/arhiv.worldofart.org\/current\/wp-content\/uploads\/2019\/05\/2019_05_22_SKUC_NKR_072-140x140.jpg\" class=\"attachment-thumbnail size-thumbnail\" alt=\"\" \/><\/a>\n\t\t\t<\/div><\/figure><figure class='gallery-item'>\n\t\t\t<div class='gallery-icon portrait'>\n\t\t\t\t<a href='https:\/\/www.worldofart.org\/arhiv.worldofart.org\/current\/wp-content\/uploads\/2019\/05\/2019_05_22_SKUC_NKR_058.jpg' rel=\"lightbox[5976]\"><img loading=\"lazy\" decoding=\"async\" width=\"140\" height=\"140\" src=\"https:\/\/www.worldofart.org\/arhiv.worldofart.org\/current\/wp-content\/uploads\/2019\/05\/2019_05_22_SKUC_NKR_058-140x140.jpg\" class=\"attachment-thumbnail size-thumbnail\" alt=\"\" \/><\/a>\n\t\t\t<\/div><\/figure><figure class='gallery-item'>\n\t\t\t<div class='gallery-icon portrait'>\n\t\t\t\t<a href='https:\/\/www.worldofart.org\/arhiv.worldofart.org\/current\/wp-content\/uploads\/2019\/05\/2019_05_22_SKUC_NKR_057.jpg' rel=\"lightbox[5976]\"><img loading=\"lazy\" decoding=\"async\" width=\"140\" height=\"140\" src=\"https:\/\/www.worldofart.org\/arhiv.worldofart.org\/current\/wp-content\/uploads\/2019\/05\/2019_05_22_SKUC_NKR_057-140x140.jpg\" class=\"attachment-thumbnail size-thumbnail\" alt=\"\" \/><\/a>\n\t\t\t<\/div><\/figure><figure class='gallery-item'>\n\t\t\t<div class='gallery-icon portrait'>\n\t\t\t\t<a href='https:\/\/www.worldofart.org\/arhiv.worldofart.org\/current\/wp-content\/uploads\/2019\/05\/2019_05_22_SKUC_NKR_055.jpg' rel=\"lightbox[5976]\"><img loading=\"lazy\" decoding=\"async\" width=\"140\" height=\"140\" src=\"https:\/\/www.worldofart.org\/arhiv.worldofart.org\/current\/wp-content\/uploads\/2019\/05\/2019_05_22_SKUC_NKR_055-140x140.jpg\" class=\"attachment-thumbnail size-thumbnail\" alt=\"\" \/><\/a>\n\t\t\t<\/div><\/figure><figure class='gallery-item'>\n\t\t\t<div class='gallery-icon landscape'>\n\t\t\t\t<a href='https:\/\/www.worldofart.org\/arhiv.worldofart.org\/current\/wp-content\/uploads\/2019\/05\/2019_05_22_SKUC_NKR_131.jpg' rel=\"lightbox[5976]\"><img loading=\"lazy\" decoding=\"async\" width=\"140\" height=\"140\" src=\"https:\/\/www.worldofart.org\/arhiv.worldofart.org\/current\/wp-content\/uploads\/2019\/05\/2019_05_22_SKUC_NKR_131-140x140.jpg\" class=\"attachment-thumbnail size-thumbnail\" alt=\"\" \/><\/a>\n\t\t\t<\/div><\/figure><figure class='gallery-item'>\n\t\t\t<div class='gallery-icon portrait'>\n\t\t\t\t<a href='https:\/\/www.worldofart.org\/arhiv.worldofart.org\/current\/wp-content\/uploads\/2019\/05\/2019_05_22_SKUC_NKR_133.jpg' rel=\"lightbox[5976]\"><img loading=\"lazy\" decoding=\"async\" width=\"140\" height=\"140\" src=\"https:\/\/www.worldofart.org\/arhiv.worldofart.org\/current\/wp-content\/uploads\/2019\/05\/2019_05_22_SKUC_NKR_133-140x140.jpg\" class=\"attachment-thumbnail size-thumbnail\" alt=\"\" \/><\/a>\n\t\t\t<\/div><\/figure><figure class='gallery-item'>\n\t\t\t<div class='gallery-icon portrait'>\n\t\t\t\t<a href='https:\/\/www.worldofart.org\/arhiv.worldofart.org\/current\/wp-content\/uploads\/2019\/05\/2019_05_22_SKUC_NKR_138.jpg' rel=\"lightbox[5976]\"><img loading=\"lazy\" decoding=\"async\" width=\"140\" height=\"140\" src=\"https:\/\/www.worldofart.org\/arhiv.worldofart.org\/current\/wp-content\/uploads\/2019\/05\/2019_05_22_SKUC_NKR_138-140x140.jpg\" class=\"attachment-thumbnail size-thumbnail\" alt=\"\" \/><\/a>\n\t\t\t<\/div><\/figure><figure class='gallery-item'>\n\t\t\t<div class='gallery-icon portrait'>\n\t\t\t\t<a href='https:\/\/www.worldofart.org\/arhiv.worldofart.org\/current\/wp-content\/uploads\/2019\/05\/2019_05_22_SKUC_NKR_139.jpg' rel=\"lightbox[5976]\"><img loading=\"lazy\" decoding=\"async\" width=\"140\" height=\"140\" src=\"https:\/\/www.worldofart.org\/arhiv.worldofart.org\/current\/wp-content\/uploads\/2019\/05\/2019_05_22_SKUC_NKR_139-140x140.jpg\" class=\"attachment-thumbnail size-thumbnail\" alt=\"\" \/><\/a>\n\t\t\t<\/div><\/figure><figure class='gallery-item'>\n\t\t\t<div class='gallery-icon landscape'>\n\t\t\t\t<a href='https:\/\/www.worldofart.org\/arhiv.worldofart.org\/current\/wp-content\/uploads\/2019\/05\/Vuk-Cosic-Dan-v-zivljenju-omreznega-umetnika-spletno-delo-1997.png' rel=\"lightbox[5976]\"><img loading=\"lazy\" decoding=\"async\" width=\"140\" height=\"140\" src=\"https:\/\/www.worldofart.org\/arhiv.worldofart.org\/current\/wp-content\/uploads\/2019\/05\/Vuk-Cosic-Dan-v-zivljenju-omreznega-umetnika-spletno-delo-1997-140x140.png\" class=\"attachment-thumbnail size-thumbnail\" alt=\"\" \/><\/a>\n\t\t\t<\/div><\/figure><figure class='gallery-item'>\n\t\t\t<div class='gallery-icon portrait'>\n\t\t\t\t<a href='https:\/\/www.worldofart.org\/arhiv.worldofart.org\/current\/wp-content\/uploads\/2019\/05\/2019_05_22_SKUC_NKR_260.jpg' rel=\"lightbox[5976]\"><img loading=\"lazy\" decoding=\"async\" width=\"140\" height=\"140\" src=\"https:\/\/www.worldofart.org\/arhiv.worldofart.org\/current\/wp-content\/uploads\/2019\/05\/2019_05_22_SKUC_NKR_260-140x140.jpg\" class=\"attachment-thumbnail size-thumbnail\" alt=\"\" \/><\/a>\n\t\t\t<\/div><\/figure><figure class='gallery-item'>\n\t\t\t<div class='gallery-icon landscape'>\n\t\t\t\t<a href='https:\/\/www.worldofart.org\/arhiv.worldofart.org\/current\/wp-content\/uploads\/2019\/05\/2019_05_22_SKUC_NKR_154.jpg' rel=\"lightbox[5976]\"><img loading=\"lazy\" decoding=\"async\" width=\"140\" height=\"140\" src=\"https:\/\/www.worldofart.org\/arhiv.worldofart.org\/current\/wp-content\/uploads\/2019\/05\/2019_05_22_SKUC_NKR_154-140x140.jpg\" class=\"attachment-thumbnail size-thumbnail\" alt=\"\" \/><\/a>\n\t\t\t<\/div><\/figure><figure class='gallery-item'>\n\t\t\t<div class='gallery-icon portrait'>\n\t\t\t\t<a href='https:\/\/www.worldofart.org\/arhiv.worldofart.org\/current\/wp-content\/uploads\/2019\/05\/2019_05_22_SKUC_NKR_189.jpg' rel=\"lightbox[5976]\"><img loading=\"lazy\" decoding=\"async\" width=\"140\" height=\"140\" src=\"https:\/\/www.worldofart.org\/arhiv.worldofart.org\/current\/wp-content\/uploads\/2019\/05\/2019_05_22_SKUC_NKR_189-140x140.jpg\" class=\"attachment-thumbnail size-thumbnail\" alt=\"\" \/><\/a>\n\t\t\t<\/div><\/figure><figure class='gallery-item'>\n\t\t\t<div class='gallery-icon portrait'>\n\t\t\t\t<a href='https:\/\/www.worldofart.org\/arhiv.worldofart.org\/current\/wp-content\/uploads\/2019\/05\/2019_05_22_SKUC_NKR_185.jpg' rel=\"lightbox[5976]\"><img loading=\"lazy\" decoding=\"async\" width=\"140\" height=\"140\" src=\"https:\/\/www.worldofart.org\/arhiv.worldofart.org\/current\/wp-content\/uploads\/2019\/05\/2019_05_22_SKUC_NKR_185-140x140.jpg\" class=\"attachment-thumbnail size-thumbnail\" alt=\"\" \/><\/a>\n\t\t\t<\/div><\/figure><figure class='gallery-item'>\n\t\t\t<div class='gallery-icon landscape'>\n\t\t\t\t<a href='https:\/\/www.worldofart.org\/arhiv.worldofart.org\/current\/wp-content\/uploads\/2019\/05\/2019_05_22-SKUC_NKR_Peljhan3.jpg' rel=\"lightbox[5976]\"><img loading=\"lazy\" decoding=\"async\" width=\"140\" height=\"140\" src=\"https:\/\/www.worldofart.org\/arhiv.worldofart.org\/current\/wp-content\/uploads\/2019\/05\/2019_05_22-SKUC_NKR_Peljhan3-140x140.jpg\" class=\"attachment-thumbnail size-thumbnail\" alt=\"\" \/><\/a>\n\t\t\t<\/div><\/figure><figure class='gallery-item'>\n\t\t\t<div class='gallery-icon portrait'>\n\t\t\t\t<a href='https:\/\/www.worldofart.org\/arhiv.worldofart.org\/current\/wp-content\/uploads\/2019\/05\/2019_05_22_SKUC_NKR_231.jpg' rel=\"lightbox[5976]\"><img loading=\"lazy\" decoding=\"async\" width=\"140\" height=\"140\" src=\"https:\/\/www.worldofart.org\/arhiv.worldofart.org\/current\/wp-content\/uploads\/2019\/05\/2019_05_22_SKUC_NKR_231-140x140.jpg\" class=\"attachment-thumbnail size-thumbnail\" alt=\"\" \/><\/a>\n\t\t\t<\/div><\/figure><figure class='gallery-item'>\n\t\t\t<div class='gallery-icon landscape'>\n\t\t\t\t<a href='https:\/\/www.worldofart.org\/arhiv.worldofart.org\/current\/wp-content\/uploads\/2019\/05\/2019_05_22_SKUC_NKR_234.jpg' rel=\"lightbox[5976]\"><img loading=\"lazy\" decoding=\"async\" width=\"140\" height=\"140\" src=\"https:\/\/www.worldofart.org\/arhiv.worldofart.org\/current\/wp-content\/uploads\/2019\/05\/2019_05_22_SKUC_NKR_234-140x140.jpg\" class=\"attachment-thumbnail size-thumbnail\" alt=\"\" \/><\/a>\n\t\t\t<\/div><\/figure><figure class='gallery-item'>\n\t\t\t<div class='gallery-icon landscape'>\n\t\t\t\t<a href='https:\/\/www.worldofart.org\/arhiv.worldofart.org\/current\/wp-content\/uploads\/2019\/05\/2019_05_22_SKUC_NKR_201.jpg' rel=\"lightbox[5976]\"><img loading=\"lazy\" decoding=\"async\" width=\"140\" height=\"140\" src=\"https:\/\/www.worldofart.org\/arhiv.worldofart.org\/current\/wp-content\/uploads\/2019\/05\/2019_05_22_SKUC_NKR_201-140x140.jpg\" class=\"attachment-thumbnail size-thumbnail\" alt=\"\" \/><\/a>\n\t\t\t<\/div><\/figure><figure class='gallery-item'>\n\t\t\t<div class='gallery-icon landscape'>\n\t\t\t\t<a href='https:\/\/www.worldofart.org\/arhiv.worldofart.org\/current\/wp-content\/uploads\/2019\/05\/Natasa-Prosenc-Stearns-Soba-velikega-brata-interaktivna-video-instalacija-1996.png' rel=\"lightbox[5976]\"><img loading=\"lazy\" decoding=\"async\" width=\"140\" height=\"140\" src=\"https:\/\/www.worldofart.org\/arhiv.worldofart.org\/current\/wp-content\/uploads\/2019\/05\/Natasa-Prosenc-Stearns-Soba-velikega-brata-interaktivna-video-instalacija-1996-140x140.png\" class=\"attachment-thumbnail size-thumbnail\" alt=\"\" \/><\/a>\n\t\t\t<\/div><\/figure>\n\t\t<\/div>\n\n<hr \/>\n<p><a href=\"https:\/\/www.worldofart.org\/arhiv.worldofart.org\/current\/year17-2018-2020\/control-cultivate-evolve\">Back to the exhibition page.<\/a><\/p>\n","protected":false},"excerpt":{"rendered":"<p>control &lt; cultivate &gt; evolve Soros Center for Contemporary Arts \u2013 Ljubljana (1993\u20131999). Its Organisation and Impact 16 May \u2013 6 June 2019, \u0160kuc Gallery, Ljubljana Artwork description: Tia \u010ci\u010dek, Kristina Ferk, Lara Meja\u010d, Anja Seni\u010dar, Borut Savski (Cirkulacija 2) Photo: Klemen Ilovar Michael Brodsky, Transmission Interrupted Digital print, 1991 \u2013 1995 The images were [&hellip;]<\/p>\n","protected":false},"author":1,"featured_media":0,"parent":5941,"menu_order":0,"comment_status":"closed","ping_status":"closed","template":"","meta":{"footnotes":""},"categories":[],"tags":[],"class_list":["post-5976","page","type-page","status-publish","hentry"],"_links":{"self":[{"href":"https:\/\/www.worldofart.org\/arhiv.worldofart.org\/current\/wp-json\/wp\/v2\/pages\/5976","targetHints":{"allow":["GET"]}}],"collection":[{"href":"https:\/\/www.worldofart.org\/arhiv.worldofart.org\/current\/wp-json\/wp\/v2\/pages"}],"about":[{"href":"https:\/\/www.worldofart.org\/arhiv.worldofart.org\/current\/wp-json\/wp\/v2\/types\/page"}],"author":[{"embeddable":true,"href":"https:\/\/www.worldofart.org\/arhiv.worldofart.org\/current\/wp-json\/wp\/v2\/users\/1"}],"replies":[{"embeddable":true,"href":"https:\/\/www.worldofart.org\/arhiv.worldofart.org\/current\/wp-json\/wp\/v2\/comments?post=5976"}],"version-history":[{"count":3,"href":"https:\/\/www.worldofart.org\/arhiv.worldofart.org\/current\/wp-json\/wp\/v2\/pages\/5976\/revisions"}],"predecessor-version":[{"id":5983,"href":"https:\/\/www.worldofart.org\/arhiv.worldofart.org\/current\/wp-json\/wp\/v2\/pages\/5976\/revisions\/5983"}],"up":[{"embeddable":true,"href":"https:\/\/www.worldofart.org\/arhiv.worldofart.org\/current\/wp-json\/wp\/v2\/pages\/5941"}],"wp:attachment":[{"href":"https:\/\/www.worldofart.org\/arhiv.worldofart.org\/current\/wp-json\/wp\/v2\/media?parent=5976"}],"wp:term":[{"taxonomy":"category","embeddable":true,"href":"https:\/\/www.worldofart.org\/arhiv.worldofart.org\/current\/wp-json\/wp\/v2\/categories?post=5976"},{"taxonomy":"post_tag","embeddable":true,"href":"https:\/\/www.worldofart.org\/arhiv.worldofart.org\/current\/wp-json\/wp\/v2\/tags?post=5976"}],"curies":[{"name":"wp","href":"https:\/\/api.w.org\/{rel}","templated":true}]}}