{"id":6328,"date":"2021-05-17T13:50:13","date_gmt":"2021-05-17T11:50:13","guid":{"rendered":"http:\/\/www.worldofart.org\/current\/?page_id=6328"},"modified":"2021-06-01T13:32:10","modified_gmt":"2021-06-01T11:32:10","slug":"the-next-21-days-will-be-crucial","status":"publish","type":"page","link":"https:\/\/www.worldofart.org\/arhiv.worldofart.org\/current\/year-18-2021-2022\/the-next-21-days-will-be-crucial","title":{"rendered":"The next 21 days will be crucial"},"content":{"rendered":"<p><img loading=\"lazy\" decoding=\"async\" class=\"alignnone size-large wp-image-6317\" src=\"https:\/\/www.worldofart.org\/arhiv.worldofart.org\/current\/wp-content\/uploads\/2021\/05\/SCCA-Naslednjih-21-dni-bo-kljuc\u030cnih-13.-5\u20132.-6.-2021_SPLETNA-EXH-730x487.jpg\" alt=\"\" width=\"730\" height=\"487\" srcset=\"https:\/\/www.worldofart.org\/arhiv.worldofart.org\/current\/wp-content\/uploads\/2021\/05\/SCCA-Naslednjih-21-dni-bo-kljuc\u030cnih-13.-5\u20132.-6.-2021_SPLETNA-EXH-730x487.jpg 730w, https:\/\/www.worldofart.org\/arhiv.worldofart.org\/current\/wp-content\/uploads\/2021\/05\/SCCA-Naslednjih-21-dni-bo-kljuc\u030cnih-13.-5\u20132.-6.-2021_SPLETNA-EXH-338x225.jpg 338w, https:\/\/www.worldofart.org\/arhiv.worldofart.org\/current\/wp-content\/uploads\/2021\/05\/SCCA-Naslednjih-21-dni-bo-kljuc\u030cnih-13.-5\u20132.-6.-2021_SPLETNA-EXH-768x512.jpg 768w, https:\/\/www.worldofart.org\/arhiv.worldofart.org\/current\/wp-content\/uploads\/2021\/05\/SCCA-Naslednjih-21-dni-bo-kljuc\u030cnih-13.-5\u20132.-6.-2021_SPLETNA-EXH.jpg 1200w\" sizes=\"auto, (max-width: 730px) 100vw, 730px\" \/><\/p>\n<h3><strong>The next 21 days will be crucial<\/strong><\/h3>\n<p>The annual exhibition of the School for Curatorial Practices and Critical Writing World of Art<br \/>\n<strong>13 May \u2013 2 June 2021, \u0160kuc Gallery<\/strong><\/p>\n<p>Artists: <strong>Beli sladoled, Nata\u0161a Berk, Aldo Giannotti, Adrijan Praznik, Simona Semeni\u010d &amp; Nada \u017dgank, Small but dangers<\/strong><\/p>\n<p>Curatorial team: <strong>Vesna Bukovec, Miha Kelemina, Lara Plav\u010dak<\/strong><\/p>\n<p>Participants of the 18th generation of the School for Curatorial Practices and Critical Writing World of Art taking part in the preparation and implementation of the exhibition: <strong>Katarina Bogataj, <\/strong><strong>Ajda Bra\u010di\u010d, <\/strong><strong>Bla\u017e Brumen, Janja Buze\u010dan, <\/strong><strong>Hana \u010ceferin<\/strong><strong>,<\/strong> <strong>Matev\u017e Jerman, <\/strong><strong>Ma\u0161a Knapi\u010d, Teja Kosi, Katarina Lipovac, <\/strong><strong>Teja Miholi\u010d, <\/strong><strong>Tamara Mlakar, <\/strong><strong>Ana Obid, Sanja Vati\u0107, <\/strong><strong>Eva \u017dibert, Ma\u0161a P. \u017dmitek<\/strong><\/p>\n<p>\u0160kuc Gallery, Stari trg 21, Ljubljana<br \/>\nOpening hours:<strong><br \/>\n<\/strong>Tuesday \u2013 Sunday: 12 pm \u2013 7 pm<\/p>\n<p><a href=\"https:\/\/www.worldofart.org\/arhiv.worldofart.org\/aktualno\/wp-content\/uploads\/2021\/04\/SCCA-Skuc-Naslednjih-21-dni-bo-kljucnih-razstava.pdf\" target=\"_blank\" rel=\"noopener\">Exhibition Brochure<\/a> (pdf)<\/p>\n<hr \/>\n<p><strong>ACCOMPANYING EVENTS<br \/>\n<\/strong><\/p>\n<p><span class=\"tojvnm2t a6sixzi8 abs2jz4q a8s20v7p t1p8iaqh k5wvi7nf q3lfd5jv pk4s997a bipmatt0 cebpdrjk qowsmv63 owwhemhu dp1hu0rb dhp61c6y iyyx5f41\">Due to the prevention of the spread of the coronavirus, the exhibition will not have a classic opening. The artists will be present in the gallery on the first day of the exhibition, Thursday, 13 May. The exhibition can be viewed in small groups, masks are obligatory. You are kindly invited!<\/span><\/p>\n<p><strong>Wednesday, 19 May at 6 pm:<\/strong> Viewing of the exhibition with curators: Miha Kelemina and Vesna Bukovec and with some of the artists<br \/>\n<strong>Wednesday, 2 June at 6 pm:<\/strong> Viewing of the exhibition with curators: Miha Kelemina, Lara Plav\u010dak and Vesna Bukovec and with some of the artists<\/p>\n<p>The exhibition was accompanied by online conversations with artists (Adrijan Praznik, 11 March, Small but dangers, 18 March, Aldo Giannotti, 31 March, Beli sladoled, 8 April, Simona Semeni\u010d and Nada \u017dgank, 8 . 4., Natasa Berk, 22. 4.).<\/p>\n<hr \/>\n<p><span class=\"tojvnm2t a6sixzi8 abs2jz4q a8s20v7p t1p8iaqh k5wvi7nf q3lfd5jv pk4s997a bipmatt0 cebpdrjk qowsmv63 owwhemhu dp1hu0rb dhp61c6y iyyx5f41\">Due to the prevention of the spread of the coronavirus, the exhibition will not have a classic opening. The artists will be present in the gallery on the first day of the exhibition, Thursday, 13 May. The exhibition can be viewed in small groups, masks are obligatory. You are kindly invited!<br \/>\n<\/span><\/p>\n<hr \/>\n<p><strong>ABOUT THE EXHIBITION<br \/>\n<\/strong><\/p>\n<p>You may, or may not, see the exhibition <strong><em>The next 21 days will be crucial<\/em><\/strong>. We are not trying to be mysterious or (too) funny by saying this. At the time of writing the curatorial text, we are simply not certain that it will be possible to open the exhibition to the public. Since the beginning of the epidemic we have been listening to the predictions of restrictive measures and how the next few days will be crucial for the re-opening of society, and so the phrase in the title of the exhibition is already anchored in local Corona humour. But even after a year, our new reality is still changing from day to day, and at the same time, it seems no less strange and uncertain than it did at the beginning. We are forced to respond to it, as its consequences extend to both personal and socio-political life. Precisely the consideration of the current circumstances, which are often so absurd that we can only react to them with humour, was our curatorial starting point.<\/p>\n<p>Humour is considered a cultural universality that co-determines common and individual cultural identity. As a social phenomenon, it helps build and strengthen bonds, but it can also be the cause of communication breakdowns. One of the theories of humour, the theory of incongruity, states that humorous perception occurs in a discrepancy between the expected and the actual. The humorous appears when the apposed inconsistencies are clarified contrary to expectation, or even dissolve into nothingness. Here, we do not find enjoyment in juxtaposing inconsistencies, but in the resolution of the tension itself, the sudden surprising insight that brings cognitive or aesthetic satisfaction. We are amused by the strangeness of the situation, which, through the comfort of humorous experience, provides our perspective with greater abstractness and manageability.<\/p>\n<p>Such a moment of incongruity and tension, which is resolved into something unexpected, can also be perceived in the artworks of the exhibition. Through them, the artists discuss the laws of the art system and the position of art within the broader field of culture, while also addressing the role of the artist, the sense of artistic production and exhibiting. None of the mentioned issues are new within contemporary art, but they are all the more burning in the light of current circumstances, both in an ideological sense and in terms of the actual existential situation of artists.<\/p>\n<p>The artworks in the first part of the exhibition pose questions on their production. The artists ask themselves what constitutes an artwork, whether its existence is even possible without the active gaze of the viewer and its inclusion in the art system. The works offer a reflection on the dimensions of the creative process \u2013 from concept to production, and the way they are presented to the public in the exhibition space and on social networks. Perhaps the survival of the artist within the contemporary art system depends primarily on skill, adaptability and ingenuity? Or merely on the predilection of those in positions of power? In her series <em>Imagine More,<\/em> <strong>Nata\u0161a Berk<\/strong> plays with the viewers&#8217; expectations and their active experience of visiting a gallery, seemingly avoiding elaborate manufacture, production costs as well as the responsibility for the content. <strong>Adrijan Praznik <\/strong>points out the trivial side of the game, which is called a career in art. He is interested in how the system recognises a particular work as a work of art and establishes its aura. He highlights the role of the art portfolio, comparing it to a bond traded on the art system&#8217;s &#8220;stock market&#8221;. Is the way an artist presents her- or himself to the professional and general public even more important than the artwork itself? This question is also posed by the group <strong>Beli sladoled<\/strong>, commenting with their typical humour on the prospect of a successful art career, which is to be achieved by winning the competition for the best young artist. Part of the winning project at the time as well as this installation are the outfits painted as an orange brick wall, which has become a recognisable trademark of the group through various projects.<\/p>\n<p>The artworks in the second part of the exhibition play with the outside gaze, through the prism of the re-traditionalisation of society and the political pressures that condemn critical and subversive contemporary art. Confronting the task of how to create a <em>real<\/em> work of art yields ironic and absurd results. In their photo series,<strong> Simona Semeni\u010d<\/strong> and <strong>Nada \u017dgank<\/strong> deal with the current demands for a culture that would push present-day women back into traditional roles and patterns. With a simple gesture that creates conflict between language and image and thus distorts meanings, the duo <strong>Small but dangers<\/strong> exposes the emptiness and absurdity of cultural politics, according to which the role of contemporary art is to be <em>beautiful, beneficial and mystical.<\/em><\/p>\n<p>The two parts are linked by the perceptive visual commentary of <strong>Aldo Giannotti<\/strong>, who intertwines physical and symbolic space with his humorous drawings. He analyses cultural identities, structures of cooperation and interaction, exposing power relations within a particular society, culture and art system. He offers his observations and suggestions on how to coexist, look at art and survive in this absurd world and laugh whilst doing it.<\/p>\n<hr \/>\n<p><a href=\"https:\/\/www.worldofart.org\/arhiv.worldofart.org\/current\/year-18-2021-2022\/the-next-21-days-will-be-crucial\/artworks\"><strong>ARTWORKS<\/strong><\/a><\/p>\n<figure id=\"attachment_6402\" aria-describedby=\"caption-attachment-6402\" style=\"width: 730px\" class=\"wp-caption alignnone\"><a href=\"https:\/\/www.worldofart.org\/arhiv.worldofart.org\/current\/year-18-2021-2022\/the-next-21-days-will-be-crucial\/artworks\"><img loading=\"lazy\" decoding=\"async\" class=\"wp-image-6402 size-large\" src=\"https:\/\/www.worldofart.org\/arhiv.worldofart.org\/current\/wp-content\/uploads\/2021\/06\/foto_Klemen_Ilovar_03-730x487.jpg\" alt=\"\" width=\"730\" height=\"487\" srcset=\"https:\/\/www.worldofart.org\/arhiv.worldofart.org\/current\/wp-content\/uploads\/2021\/06\/foto_Klemen_Ilovar_03-730x487.jpg 730w, https:\/\/www.worldofart.org\/arhiv.worldofart.org\/current\/wp-content\/uploads\/2021\/06\/foto_Klemen_Ilovar_03-338x225.jpg 338w, https:\/\/www.worldofart.org\/arhiv.worldofart.org\/current\/wp-content\/uploads\/2021\/06\/foto_Klemen_Ilovar_03-768x512.jpg 768w, https:\/\/www.worldofart.org\/arhiv.worldofart.org\/current\/wp-content\/uploads\/2021\/06\/foto_Klemen_Ilovar_03.jpg 1200w\" sizes=\"auto, (max-width: 730px) 100vw, 730px\" \/><\/a><figcaption id=\"caption-attachment-6402\" class=\"wp-caption-text\">Photo: Klemen Ilovar \u00a9 \u0160kuc Gallery<\/figcaption><\/figure>\n<hr \/>\n<p><a href=\"https:\/\/www.worldofart.org\/arhiv.worldofart.org\/current\/photogallery\"><strong>PHOTOGALLERY<\/strong><\/a><\/p>\n<figure id=\"attachment_6393\" aria-describedby=\"caption-attachment-6393\" style=\"width: 730px\" class=\"wp-caption alignnone\"><a href=\"https:\/\/www.worldofart.org\/arhiv.worldofart.org\/current\/photogallery\"><img loading=\"lazy\" decoding=\"async\" class=\"wp-image-6393 size-large\" src=\"https:\/\/www.worldofart.org\/arhiv.worldofart.org\/current\/wp-content\/uploads\/2021\/06\/foto_arhiv-SCCA_01-730x548.jpg\" alt=\"\" width=\"730\" height=\"548\" srcset=\"https:\/\/www.worldofart.org\/arhiv.worldofart.org\/current\/wp-content\/uploads\/2021\/06\/foto_arhiv-SCCA_01-730x548.jpg 730w, https:\/\/www.worldofart.org\/arhiv.worldofart.org\/current\/wp-content\/uploads\/2021\/06\/foto_arhiv-SCCA_01-338x254.jpg 338w, https:\/\/www.worldofart.org\/arhiv.worldofart.org\/current\/wp-content\/uploads\/2021\/06\/foto_arhiv-SCCA_01-768x576.jpg 768w, https:\/\/www.worldofart.org\/arhiv.worldofart.org\/current\/wp-content\/uploads\/2021\/06\/foto_arhiv-SCCA_01.jpg 1200w\" sizes=\"auto, (max-width: 730px) 100vw, 730px\" \/><\/a><figcaption id=\"caption-attachment-6393\" class=\"wp-caption-text\">Photo: SCCA-Ljubljana archive<\/figcaption><\/figure>\n<hr \/>\n<p><strong>BIOGRAPHIES<\/strong><\/p>\n<p><strong>Beli sladoled<\/strong> are Miha Perne (1978) and Leon Zuodar (1977). Through the prism of (self-)irony and sarcasm in their projects, they critically engage with the agents of various systems, including that of art.<br \/>\n<a href=\"http:\/\/www.belisladoled.org\/\" target=\"_blank\" rel=\"noopener\">belisladoled.org<\/a><\/p>\n<p><strong>Nata\u0161a Berk<\/strong> (1978) describes herself as an ironic-provocative avant-gardist of existentialism with a noticeable abstract instinct. She works in the broader field of contemporary culture by assuming various identities.<br \/>\n<a href=\"https:\/\/www.instagram.com\/natasa.bergk\/\" target=\"_blank\" rel=\"noopener\">IG: natasa.bergk<\/a><\/p>\n<p><strong>Aldo Giannotti<\/strong> (1977) lives and works in Vienna. He is concerned with constructs such as personal and cultural identity, collectivity and power relations. He uses the medium of drawing and often depicts situations involving the participation of visitors.<br \/>\n<a href=\"http:\/\/aldogiannotti.com\/\" target=\"_blank\" rel=\"noopener\">aldogiannotti.com<\/a><\/p>\n<p><strong>Adrijan Praznik<\/strong> (1988) is a painter and illustrator, and the artistic director of Simulaker Gallery. He is interested in what constitutes art within contemporary political, economic and technological parameters.<br \/>\n<a href=\"https:\/\/www.instagram.com\/adrijan_praznik\/\" target=\"_blank\" rel=\"noopener\">IG: adrijan_praznik<\/a><\/p>\n<p><strong>Simona Semeni\u010d<\/strong> (1975) is an award-winning dramatist and performer. Her work explores feminist themes and human rights issues, moving between different artistic genres.<br \/>\n<a href=\"https:\/\/www.simonasemenic.com\/\" target=\"_blank\" rel=\"noopener\">simonasemenic.com<\/a><\/p>\n<p><strong>Small but dangers<\/strong> are Simon Hudolin (1977) and Mateja Rojc (1977). Their art practice is characterised by conceptual humour created by the tension between language and image.<br \/>\n<a href=\"http:\/\/smallbutdangers.cerkno.net\/\" target=\"_blank\" rel=\"noopener\">smallbutdangers.cerkno.net<\/a><\/p>\n<p><strong>Nada \u017dgank<\/strong> (1967) is a freelance photographer. Her photography extends into the fields of performative art, music, identity cultural practices, and social and political activism.<\/p>\n<hr \/>\n<p><a href=\"https:\/\/www.dropbox.com\/sh\/l9qdgrmw1itpo5s\/AAA1Myu9w6-UUujsAHpEYAtKa?dl=0\" target=\"_blank\" rel=\"noopener\"><strong>PHOTOS FOR PRESS<\/strong><\/a><\/p>\n<hr \/>\n<p><strong>COLOPHON<\/strong><\/p>\n<p><strong>Artwork Description:<\/strong> Hana \u010ceferin, Ma\u0161a Knapi\u010d, Teja Kosi, Teja Miholi\u010d, Tamara Mlakar, Ana Obid, Sanja Vati\u0107, Ma\u0161a P. \u017dmitek<br \/>\n<strong>Editorial Work<\/strong>: Katarina Bogataj, Ajda Bra\u010di\u010d, Ma\u0161a P. \u017dmitek, WoA team<br \/>\n<strong>Biographies<\/strong>: Katarina Bogataj, Ana Obid, WoA team<br \/>\n<strong>Slovene Proofreading<\/strong>: Inge Pangos<br \/>\n<strong>English Translation<\/strong>: Arven \u0160akti Kralj Szomi<br \/>\n<strong>Cover Image<\/strong>: Nata\u0161a Berk<br \/>\n<strong>Design<\/strong>: Lea Jelenko<br \/>\n<strong>Technical Assistance<\/strong>: Martin Lov\u0161in<br \/>\n<strong>Promo videos:<\/strong> Sanja Vati\u0107<\/p>\n<p><strong>Production<\/strong>: SCCA, Center for Contemporary Arts \u2013 Ljubljana \/ World of Art<br \/>\n<strong>Co-production<\/strong>: \u0160kuc Gallery<br \/>\n<strong>The exhibition is supported by<\/strong> the City of Ljubljana \u2013 Department of Culture and the Ministry of Culture of the Republic of Slovenia<\/p>\n<p><img loading=\"lazy\" decoding=\"async\" class=\"alignnone wp-image-5638\" src=\"http:\/\/www.scca-ljubljana.si\/wp-content\/uploads\/2019\/05\/MK-logo-slo.png\" alt=\"\" width=\"143\" height=\"32\" \/> <img loading=\"lazy\" decoding=\"async\" class=\"alignnone wp-image-3247\" src=\"http:\/\/www.scca-ljubljana.si\/wp-content\/uploads\/2018\/01\/MOL_slo-730x254.png\" alt=\"\" width=\"97\" height=\"34\" \/> <img loading=\"lazy\" decoding=\"async\" class=\"alignnone wp-image-12\" src=\"http:\/\/www.scca-ljubljana.si\/wp-content\/uploads\/2015\/10\/SCCA-logo-slo.png\" alt=\"\" width=\"159\" height=\"22\" \/> <img loading=\"lazy\" decoding=\"async\" class=\"alignnone wp-image-1934\" src=\"http:\/\/www.scca-ljubljana.si\/wp-content\/uploads\/2017\/08\/SU-logo.png\" alt=\"\" width=\"60\" height=\"43\" \/> <img loading=\"lazy\" decoding=\"async\" class=\"alignnone wp-image-4531\" src=\"http:\/\/www.scca-ljubljana.si\/wp-content\/uploads\/2018\/09\/galerija-skuc-logo.png\" alt=\"\" width=\"26\" height=\"55\" \/><\/p>\n","protected":false},"excerpt":{"rendered":"<p>The next 21 days will be crucial The annual exhibition of the School for Curatorial Practices and Critical Writing World of Art 13 May \u2013 2 June 2021, \u0160kuc Gallery Artists: Beli sladoled, Nata\u0161a Berk, Aldo Giannotti, Adrijan Praznik, Simona Semeni\u010d &amp; Nada \u017dgank, Small but dangers Curatorial team: Vesna Bukovec, Miha Kelemina, Lara Plav\u010dak [&hellip;]<\/p>\n","protected":false},"author":1,"featured_media":0,"parent":6329,"menu_order":0,"comment_status":"closed","ping_status":"closed","template":"","meta":{"footnotes":""},"categories":[],"tags":[],"class_list":["post-6328","page","type-page","status-publish","hentry"],"_links":{"self":[{"href":"https:\/\/www.worldofart.org\/arhiv.worldofart.org\/current\/wp-json\/wp\/v2\/pages\/6328","targetHints":{"allow":["GET"]}}],"collection":[{"href":"https:\/\/www.worldofart.org\/arhiv.worldofart.org\/current\/wp-json\/wp\/v2\/pages"}],"about":[{"href":"https:\/\/www.worldofart.org\/arhiv.worldofart.org\/current\/wp-json\/wp\/v2\/types\/page"}],"author":[{"embeddable":true,"href":"https:\/\/www.worldofart.org\/arhiv.worldofart.org\/current\/wp-json\/wp\/v2\/users\/1"}],"replies":[{"embeddable":true,"href":"https:\/\/www.worldofart.org\/arhiv.worldofart.org\/current\/wp-json\/wp\/v2\/comments?post=6328"}],"version-history":[{"count":9,"href":"https:\/\/www.worldofart.org\/arhiv.worldofart.org\/current\/wp-json\/wp\/v2\/pages\/6328\/revisions"}],"predecessor-version":[{"id":6443,"href":"https:\/\/www.worldofart.org\/arhiv.worldofart.org\/current\/wp-json\/wp\/v2\/pages\/6328\/revisions\/6443"}],"up":[{"embeddable":true,"href":"https:\/\/www.worldofart.org\/arhiv.worldofart.org\/current\/wp-json\/wp\/v2\/pages\/6329"}],"wp:attachment":[{"href":"https:\/\/www.worldofart.org\/arhiv.worldofart.org\/current\/wp-json\/wp\/v2\/media?parent=6328"}],"wp:term":[{"taxonomy":"category","embeddable":true,"href":"https:\/\/www.worldofart.org\/arhiv.worldofart.org\/current\/wp-json\/wp\/v2\/categories?post=6328"},{"taxonomy":"post_tag","embeddable":true,"href":"https:\/\/www.worldofart.org\/arhiv.worldofart.org\/current\/wp-json\/wp\/v2\/tags?post=6328"}],"curies":[{"name":"wp","href":"https:\/\/api.w.org\/{rel}","templated":true}]}}