{"id":658,"date":"2012-01-20T14:39:52","date_gmt":"2012-01-20T12:39:52","guid":{"rendered":"http:\/\/www.worldofart.org\/current\/?page_id=658"},"modified":"2012-12-11T17:30:32","modified_gmt":"2012-12-11T15:30:32","slug":"timetable-20112013-1st-semester","status":"publish","type":"page","link":"https:\/\/www.worldofart.org\/arhiv.worldofart.org\/current\/14th-year-20112013\/timetable-20112013\/timetable-20112013-1st-semester","title":{"rendered":"Timetable 2011\/2013 &#8211; 1st YEAR"},"content":{"rendered":"<p class=\"leto-vi\"><strong>1st YEAR<\/strong><\/p>\n<p class=\"leto\"><strong>2011<\/strong><\/p>\n<p class=\"mesec13\"><strong>November<\/strong><\/p>\n<table border=\"0\" cellspacing=\"0\" cellpadding=\"0\" width=\"100%\">\n<tbody>\n<tr>\n<td class=\"mesec\" width=\"20%\" valign=\"top\">Thursday,<br \/>\nNovember 3, 2011<\/td>\n<td class=\"tdprogramsredina\" width=\"20%\" valign=\"top\">16.00-17.30<\/td>\n<td class=\"tdprogram\" width=\"60%\" valign=\"top\">Introductory meeting: presentation of the work process, participants and team<\/td>\n<\/tr>\n<tr>\n<td class=\"mesec\" width=\"20%\" valign=\"top\">Monday-Friday<br \/>\nNovember 7-11, 2011\n<\/td>\n<td class=\"tdprogramsredina\" width=\"20%\" valign=\"top\">&nbsp;<\/td>\n<td class=\"tdprogram\" width=\"60%\" valign=\"top\">Study trip: Krakow<\/td>\n<\/tr>\n<tr>\n<td class=\"mesec\" width=\"20%\" valign=\"top\">Thursday,<br \/>\nNovember 17, 2011\n<\/td>\n<td class=\"tdprogramsredina\" width=\"20%\" valign=\"top\">16.00-19.00<\/td>\n<td class=\"tdprogram\" width=\"60%\" valign=\"top\">SCCA-Ljubljana: Presentation<\/td>\n<\/tr>\n<tr>\n<td class=\"mesec\" rowspan=\"2\" width=\"20%\" valign=\"top\">Thursday,<br \/>\nNovember 24, 2011\n<\/td>\n<td class=\"tdprogramsredina\" width=\"20%\" valign=\"top\">16.00-17.30<\/td>\n<td class=\"tdprogram\" width=\"60%\" valign=\"top\">Andrej Pezelj: Introduction to the Theory<\/td>\n<\/tr>\n<tr>\n<td class=\"tdprogramsredina\" width=\"20%\" valign=\"top\">17.45-19.30<\/td>\n<td class=\"tdprogram\" width=\"60%\" valign=\"top\">Rebeka Vidrih: Art XX. Century. Chapters.<\/td>\n<\/tr>\n<tr>\n<td class=\"mesec\" width=\"20%\" valign=\"top\">Friday,<br \/>\nNovember 25, 2011\n<\/td>\n<td class=\"tdprogramsredina\" width=\"20%\" valign=\"top\">11.00<\/td>\n<td class=\"tdprogram\" width=\"60%\" valign=\"top\"><a href=\"http:\/\/www.scca-ljubljana.si\/studio6-presents-teatime.htm\" target=\"_blank\">Teatime. CAC Bukovje, Bukovje 35, Postojna<\/a><\/td>\n<\/tr>\n<\/tbody>\n<\/table>\n<p class=\"mesec13\"><strong>December<\/strong><\/p>\n<table border=\"0\" cellspacing=\"0\" cellpadding=\"0\" width=\"100%\">\n<tbody>\n<tr>\n<td class=\"mesec\" rowspan=\"2\" width=\"20%\" valign=\"top\">Thursday,<br \/>\nDecember 1, 2011<\/td>\n<td class=\"tdprogramsredina\" width=\"20%\" valign=\"top\">16.00-17.30<\/td>\n<td class=\"tdprogram\" width=\"60%\" valign=\"top\">Andrej Pezelj: Introduction to the Theory<\/td>\n<\/tr>\n<tr>\n<td class=\"tdprogramsredina\" width=\"20%\" valign=\"top\">17.45-19.30<\/td>\n<td class=\"tdprogram\" width=\"60%\" valign=\"top\">Rebeka Vidrih: Art XX. Century. Chapters.<\/td>\n<\/tr>\n<tr>\n<td class=\"mesec\" rowspan=\"2\" width=\"20%\" valign=\"top\">Tuesday,<br \/>\nDecember 6, 2011<\/td>\n<td class=\"tdprogramsredina\" width=\"20%\" valign=\"top\">10.00-14.00<\/td>\n<td class=\"tdprogram\" width=\"60%\" valign=\"top\">Discussion on artists-in-residence and curators-in-residence programs<\/td>\n<\/tr>\n<tr>\n<td class=\"tdprogramsredina\" width=\"20%\" valign=\"top\">15.00-17.00<\/td>\n<td class=\"tdprogram\" width=\"60%\" valign=\"top\"><a href=\"https:\/\/www.worldofart.org\/arhiv.worldofart.org\/current\/archives\/618\">Workshop on curatorial residences<\/a><\/td>\n<\/tr>\n<tr>\n<td class=\"mesec\" rowspan=\"2\" width=\"20%\" valign=\"top\">Thursday,<br \/>\nDecember 8, 2011\n<\/td>\n<td class=\"tdprogramsredina\" width=\"20%\" valign=\"top\">16.00-17.30<\/td>\n<td class=\"tdprogram\" width=\"60%\" valign=\"top\">Andrej Pezelj: Introduction to the Theory<\/td>\n<\/tr>\n<tr>\n<td class=\"tdprogramsredina\" width=\"20%\" valign=\"top\">17.45-19.30<\/td>\n<td class=\"tdprogram\" width=\"60%\" valign=\"top\">Rebeka Vidrih: Art XX. Century. Chapters.<\/td>\n<\/tr>\n<tr>\n<td class=\"mesec\" rowspan=\"2\" width=\"20%\" valign=\"top\">Thursday,<br \/>\nDecember 15, 2011\n<\/td>\n<td class=\"tdprogramsredina\" width=\"20%\" valign=\"top\">16.00-17.30<\/td>\n<td class=\"tdprogram\" width=\"60%\" valign=\"top\">Andrej Pezelj: Introduction to the Theory<\/td>\n<\/tr>\n<tr>\n<td class=\"tdprogramsredina\" width=\"20%\" valign=\"top\">17.45-19.30<\/td>\n<td class=\"tdprogram\" width=\"60%\" valign=\"top\">Rebeka Vidrih: Art XX. Century. Chapters.<\/td>\n<\/tr>\n<tr>\n<td class=\"mesec\" width=\"20%\" valign=\"top\">Thursday,<br \/>\nDecember 22, 2011\n<\/td>\n<td class=\"tdprogramsredina\" width=\"20%\" valign=\"top\">&nbsp;<\/td>\n<td class=\"tdprogram\" width=\"60%\" valign=\"top\">Study trip: Graz<\/td>\n<\/tr>\n<\/tbody>\n<\/table>\n<p class=\"leto\"><strong>2012<\/strong><\/p>\n<p class=\"mesec13\"><strong>January<\/strong><\/p>\n<table border=\"0\" cellspacing=\"0\" cellpadding=\"0\" width=\"100%\">\n<tbody>\n<tr>\n<td class=\"mesec\" rowspan=\"2\" width=\"20%\" valign=\"top\">Thursday,<br \/>\nJanuary 5, 2012<\/td>\n<td class=\"tdprogramsredina\" width=\"20%\" valign=\"top\">16.00-17.30<\/td>\n<td class=\"tdprogram\" width=\"60%\" valign=\"top\">Andrej Pezelj: Introduction to the Theory<\/td>\n<\/tr>\n<tr>\n<td class=\"tdprogramsredina\" width=\"20%\" valign=\"top\">17.45-19.30<\/td>\n<td class=\"tdprogram\" width=\"60%\" valign=\"top\">Rebeka Vidrih: Art XX. Century. Chapters.<\/td>\n<\/tr>\n<tr>\n<td class=\"mesec\" width=\"20%\" valign=\"top\">Thursday,<br \/>\nJanuary 12, 2012<\/td>\n<td class=\"tdprogramsredina\" width=\"20%\" valign=\"top\">16.00-19.30<\/td>\n<td class=\"tdprogram\" width=\"60%\" valign=\"top\">Tev\u017e Logar: Studio visit<\/td>\n<\/tr>\n<tr>\n<td class=\"mesec\" rowspan=\"3\" width=\"20%\" valign=\"top\">Thursday,<br \/>\nJanuary 19, 2012<\/td>\n<td class=\"tdprogramsredina\" width=\"20%\" valign=\"top\">13.00-15.30<\/td>\n<td class=\"tdprogram\" width=\"60%\" valign=\"top\">Bojana Pi\u0161kur and Igor \u0160panjol: Visit of the <a href=\"http:\/\/www.mg-lj.si\/node\/813\" target=\"_blank\">MSUM<\/a><\/td>\n<\/tr>\n<td class=\"tdprogramsredina\" width=\"20%\" valign=\"top\">16.00-17.30<\/td>\n<td class=\"tdprogram\" width=\"60%\" valign=\"top\">Andrej Pezelj: Introduction to the Theory<\/td>\n<\/tr>\n<tr>\n<td class=\"tdprogramsredina\" width=\"20%\" valign=\"top\">17.45-19.30<\/td>\n<td class=\"tdprogram\" width=\"60%\" valign=\"top\">Rebeka Vidrih: Art XX. Century. Chapters.<\/td>\n<\/tr>\n<tr>\n<td class=\"mesec\" rowspan=\"2\" width=\"20%\" valign=\"top\">Thursday,<br \/>\nJanuary 26, 2012<\/td>\n<td class=\"tdprogramsredina\" width=\"20%\" valign=\"top\">16.00-17.30<\/td>\n<td class=\"tdprogram\" width=\"60%\" valign=\"top\">Andrej Pezelj: Introduction to the Theory<\/td>\n<\/tr>\n<tr>\n<td class=\"tdprogramsredina\" width=\"20%\" valign=\"top\">18.00<\/td>\n<td class=\"tdprogram\" width=\"60%\" valign=\"top\"><a href=\"https:\/\/www.worldofart.org\/arhiv.worldofart.org\/current\/archives\/626\">S\u00f8nke Gau and Katharina Schlieben: Work to do! Or Caught between two stools: Questioning Production Conditions \u2026<\/a><br \/>\n(lecture)<\/td>\n<\/tr>\n<\/tbody>\n<\/table>\n<p class=\"mesec13\"><strong>February<\/strong><\/p>\n<table border=\"0\" cellspacing=\"0\" cellpadding=\"0\" width=\"100%\">\n<tbody>\n<tr>\n<td class=\"mesec\" width=\"20%\" valign=\"top\">Friday,<br \/>\nFebruary 3, 2012<\/td>\n<td class=\"tdprogramsredina\" width=\"20%\" valign=\"top\">16.00-19.30<\/td>\n<td class=\"tdprogram\" width=\"60%\" valign=\"top\">Tev\u017e Logar: Studio visit<\/td>\n<\/tr>\n<tr>\n<td class=\"mesec\" width=\"20%\" valign=\"top\">Thursday,<br \/>\nFebruary 9, 2012<\/td>\n<td class=\"tdprogramsredina\" width=\"20%\" valign=\"top\">16.00-18.00<\/td>\n<td class=\"tdprogram\" width=\"60%\" valign=\"top\">Team of <a href=\"http:\/\/www.kapelica.org\/\" target=\"_blank\">Gallery Kapelica<\/a> (art director Jurij Krpan, curator Sandra Sajovic)<\/td>\n<\/tr>\n<tr>\n<td class=\"mesec\" rowspan=\"3\" width=\"20%\" valign=\"top\">Thursday,<br \/>\nFebruary 16, 2012<\/td>\n<td class=\"tdprogramsredina\" width=\"20%\" valign=\"top\">16.00-17.30<\/td>\n<td class=\"tdprogram\" width=\"60%\" valign=\"top\">Andrej Pezelj: Introduction to the Theory<\/td>\n<\/tr>\n<tr>\n<td class=\"tdprogramsredina\" width=\"20%\" valign=\"top\">17.45-19.30<\/td>\n<td class=\"tdprogram\" width=\"60%\" valign=\"top\">Rebeka Vidrih: Art XX. Century. Chapters.<\/td>\n<\/tr>\n<tr>\n<td class=\"tdprogramsredina\" width=\"20%\" valign=\"top\">20.00<\/td>\n<td class=\"tdprogram\" width=\"60%\" valign=\"top\"><a href=\"https:\/\/www.worldofart.org\/arhiv.worldofart.org\/current\/archives\/653\">Petra Kap\u0161: Lethe or Mnemosyne for the fu-(ture)<br \/>\nOR as omnipresent trinity: poiesis, techn\u00e9, parrhesia<\/a><\/td>\n<\/tr>\n<tr>\n<td class=\"mesec\" rowspan=\"2\" width=\"20%\" valign=\"top\">Thursday,<br \/>\nFebruary 23, 2012<\/td>\n<td class=\"tdprogramsredina\" width=\"20%\" valign=\"top\">16.00\u201318.00<\/td>\n<td class=\"tdprogram\" width=\"60%\" valign=\"top\"><a href=\"http:\/\/www.galerijalkatraz.org\/\" taget=\"_blank\">Alkatraz Gallery<\/a><br \/>\n(art director Jadranka Plut with her team)<\/td>\n<\/tr>\n<td class=\"tdprogramsredina\" width=\"20%\" valign=\"top\">18.00<\/td>\n<td class=\"tdprogram\" width=\"60%\" valign=\"top\">Evaluation meeting, Project Room<\/td>\n<\/tr>\n<\/tbody>\n<\/table>\n<p class=\"mesec13\"><strong>March<\/strong><\/p>\n<table border=\"0\" cellspacing=\"0\" cellpadding=\"0\" width=\"100%\">\n<tbody>\n<tr>\n<td class=\"mesec\" rowspan=\"2\" width=\"20%\" valign=\"top\">Thursday,<br \/>\nMarch 1, 2012<\/td>\n<td class=\"tdprogramsredina\" width=\"20%\" valign=\"top\">16.00-17.30<\/td>\n<td class=\"tdprogram\" width=\"60%\" valign=\"top\">Andrej Pezelj: Introduction to the Theory<\/td>\n<\/tr>\n<tr>\n<td class=\"tdprogramsredina\" width=\"20%\" valign=\"top\">17.45-19.30<\/td>\n<td class=\"tdprogram\" width=\"60%\" valign=\"top\">Rebeka Vidrih: Art XX. Century. Chapters.<\/td>\n<\/tr>\n<tr>\n<td class=\"mesec\" rowspan=\"2\" width=\"20%\" valign=\"top\">Thursday,<br \/>\nMarch 8, 2012<\/td>\n<td class=\"tdprogramsredina\" width=\"20%\" valign=\"top\">16.00-17.30<\/td>\n<td class=\"tdprogram\" width=\"60%\" valign=\"top\"><a href=\"http:\/\/www.mihaelgiba.com\" target=\"_blank\">Mihael Giba<\/a>: presentation of his work and new gallery <a href=\"http:\/\/greta.hr\/\" target=\"_blank\">Greta<\/a> in Zagreb<\/td>\n<\/tr>\n<tr>\n<td class=\"tdprogramsredina\" width=\"20%\" valign=\"top\">17.45-19.30<\/td>\n<td class=\"tdprogram\" width=\"60%\" valign=\"top\">Andrej Pezelj: Introduction to the Theory<\/td>\n<tr>\n<td class=\"mesec\" width=\"20%\" valign=\"top\">Wednesday-Saturday,<br \/>\nMarch 14-17, 2012<\/td>\n<td class=\"tdprogramsredina\" width=\"20%\" valign=\"top\"><\/td>\n<td class=\"tdprogram\" width=\"60%\" valign=\"top\">Study visit of students from Z\u00fcrich<\/td>\n<\/tr>\n<tr>\n<td class=\"mesec\" rowspan=\"2\" width=\"20%\" valign=\"top\">Thursday,<br \/>\nMarch 15, 2012<\/td>\n<td class=\"tdprogramsredina\" width=\"20%\" valign=\"top\">19.00<\/td>\n<td class=\"tdprogram\" width=\"60%\" valign=\"top\"><a href=\"https:\/\/www.worldofart.org\/arhiv.worldofart.org\/current\/archives\/726\">Dorothee Richter: Artists and Curators as Authors \u2013 Competitors, Collaborators, or Teamworkers?<\/a> MGLC, Ljubljana<br \/>\n(opening lecture of exhibition <em>Print!<\/em>)<\/td>\n<\/tr>\n<tr>\n<td class=\"tdprogramsredina\" width=\"20%\" valign=\"top\">20.30<\/td>\n<td class=\"tdprogram\" width=\"60%\" valign=\"top\">Opening of the exhibition <a href=\"https:\/\/www.worldofart.org\/arhiv.worldofart.org\/current\/14th-year-20112013\/atom2-a-je-to-umetnost-phantom-to-mindset#exhibition\"><em>Print!<\/em><\/a>,  MGLC, 15. 3.-18. 3. 2012<\/td>\n<\/tr>\n<tr>\n<td class=\"mesec\" width=\"20%\" valign=\"top\">Friday,<br \/>\nMarch 23, 2012<\/td>\n<td class=\"tdprogramsredina\" width=\"20%\" valign=\"top\">10.00-18.30<\/td>\n<td class=\"tdprogram\" width=\"60%\" valign=\"top\"><a href=\"https:\/\/www.worldofart.org\/arhiv.worldofart.org\/current\/14th-year-20112013\/workshops\/misko-suvakovic-art-and-politics\">Mi\u0161ko \u0160uvakovi\u0107: Art and Politics: Contemporary Aesthetics, Philosophy, Theory and Art in the Era of Global Transition<\/a><br \/>\n(workshop)<\/td>\n<\/tr>\n<tr>\n<td class=\"mesec\" rowspan=\"2\" width=\"20%\" valign=\"top\">Thursday,<br \/>\nMarch 29, 2012<\/td>\n<td class=\"tdprogramsredina\" width=\"20%\" valign=\"top\">16.00-17.30<\/td>\n<td class=\"tdprogram\" width=\"60%\" valign=\"top\">Sa\u0161a Nabergoj: Art XX. Century. Chapters.<\/td>\n<\/tr>\n<tr>\n<td class=\"tdprogramsredina\" width=\"20%\" valign=\"top\">17.45-19.30<\/td>\n<td class=\"tdprogram\" width=\"60%\" valign=\"top\">Sa\u0161a Nabergoj: Art XX. Century. Chapters.<\/td>\n<tr>\n<\/tbody>\n<\/table>\n<p class=\"mesec13\"><strong>April<\/strong><\/p>\n<table border=\"0\" cellspacing=\"0\" cellpadding=\"0\" width=\"100%\">\n<tbody>\n<tr>\n<td class=\"mesec\" rowspan=\"3\" width=\"20%\" valign=\"top\">Thursday,<br \/>\nApril 5, 2012<\/td>\n<td class=\"tdprogramsredina\" width=\"20%\" valign=\"top\">16.00-17.30<\/td>\n<td class=\"tdprogram\" width=\"60%\" valign=\"top\">Sa\u0161a Nabergoj: Art XX. Century. Chapters.<\/td>\n<\/tr>\n<tr>\n<td class=\"tdprogramsredina\" width=\"20%\" valign=\"top\">17.45-19.30<\/td>\n<td class=\"tdprogram\" width=\"60%\" valign=\"top\"><a href=\"https:\/\/www.worldofart.org\/arhiv.worldofart.org\/current\/14th-year-20112013\/petja-grafenauer-what-is-hidden-in-a-text\">Petja Grafenauer: Close reading workshop<\/a><\/td>\n<\/tr>\n<tr>\n<td class=\"tdprogramsredina\" width=\"20%\" valign=\"top\">20.00<\/td>\n<td class=\"tdprogram\" width=\"60%\" valign=\"top\">Meeting with artist and visit of his exhibition: Toma\u017e Furlan: Wear XIII, <a href=\"http:\/\/www.galerijalkatraz.org\/\" target=\"_blank\">Galerija Alkatraz<\/a><\/td>\n<\/tr>\n<tr>\n<td class=\"mesec\" rowspan=\"3\" width=\"20%\" valign=\"top\">Thursday,<br \/>\nApril 12, 2012<\/td>\n<td class=\"tdprogramsredina\" width=\"20%\" valign=\"top\">14.30<\/td>\n<td class=\"tdprogram\" width=\"60%\" valign=\"top\"><a href=\"http:\/\/www.galerija.skuc-drustvo.si\/skuc2.html\" target=\"_blank\">Real time settings for ner[d\/ve]<\/a>, \u0160KUC Gallery, guided tour by Ida Hir\u0161enfelder<\/td>\n<\/tr>\n<tr>\n<td class=\"tdprogramsredina\" width=\"20%\" valign=\"top\">16.00-19.30<\/td>\n<td class=\"tdprogram\" width=\"60%\" valign=\"top\">Tev\u017e Logar: Studio visit<\/td>\n<\/tr>\n<tr>\n<td class=\"tdprogramsredina\" width=\"20%\" valign=\"top\">20.00<\/td>\n<td class=\"tdprogram\" width=\"60%\" valign=\"top\"><a href=\"https:\/\/www.worldofart.org\/arhiv.worldofart.org\/current\/archives\/733\">Andrzej Szczerski: Curating and the importance of artwork<\/a><\/td>\n<\/tr>\n<tr>\n<td class=\"mesec\" width=\"20%\" valign=\"top\">Tuesday-Saturday,<br \/>\nApril 17-22, 2012<\/td>\n<td class=\"tdprogramsredina\" width=\"20%\" valign=\"top\">&nbsp;<\/td>\n<td class=\"tdprogram\" width=\"60%\" valign=\"top\">Study trip: Z\u00fcrich<\/td>\n<\/tr>\n<tr>\n<td class=\"mesec\" rowspan=\"2\" width=\"20%\" valign=\"top\">Thursday,<br \/>\nApril 26, 2012<\/td>\n<td class=\"tdprogramsredina\" width=\"20%\" valign=\"top\">16.00-17.30<\/td>\n<td class=\"tdprogram\" width=\"60%\" valign=\"top\">Sa\u0161a Nabergoj: Art XX. Century. Chapters.<\/td>\n<\/tr>\n<tr>\n<td class=\"tdprogramsredina\" width=\"20%\" valign=\"top\">17.45-19.30<\/td>\n<td class=\"tdprogram\" width=\"60%\" valign=\"top\"><a href=\"https:\/\/www.worldofart.org\/arhiv.worldofart.org\/current\/14th-year-20112013\/petja-grafenauer-what-is-hidden-in-a-text\">Petja Grafenauer: Close reading workshop<\/a><\/td>\n<\/tr>\n<\/tbody>\n<\/table>\n<p class=\"mesec13\"><strong>May<\/strong><\/p>\n<table border=\"0\" cellspacing=\"0\" cellpadding=\"0\" width=\"100%\">\n<tbody>\n<tr>\n<td class=\"mesec\" rowspan=\"2\" width=\"20%\" valign=\"top\">Tuesday,<br \/>\nMay 8, 2012<\/td>\n<td class=\"tdprogramsredina\" width=\"20%\" valign=\"top\">16.00-19.00<\/td>\n<td class=\"tdprogram\" width=\"60%\" valign=\"top\">Tev\u017e Logar: Studio visit<\/td>\n<\/tr>\n<tr>\n<td class=\"tdprogramsredina\" width=\"20%\" valign=\"top\">19.00<\/td>\n<td class=\"tdprogram\" width=\"60%\" valign=\"top\">Visit of the exhibition <a href=\"http:\/\/www.galerijalkatraz.org\/?cat=5&#038;prih=1\" target=\"_blank\">Alenka Sottler: <em>Good Afternoon<\/em><\/a>, Alkatraz Gallery. Guided tour by Alenka Sottler.<\/td>\n<\/tr>\n<tr>\n<td class=\"mesec\" width=\"20%\" valign=\"top\">Friday-Saturday<br \/>\nMay 18-19, 2012<\/td>\n<td class=\"tdprogramsredina\" width=\"20%\" valign=\"top\">11.00-18.00 (Fri)<br \/>\n10.00-13.00 (Sat)<\/td>\n<td class=\"tdprogram\" width=\"60%\" valign=\"top\"><a href=\"https:\/\/www.worldofart.org\/arhiv.worldofart.org\/current\/14th-year-20112013\/workshops\/branislav-dimitrijevic\">Branislav Dimitrijevi\u0107: Interpreting and Situating Contemporary Art: Observation, Participation, Motivation, Research and Empathy (workshop)<\/a><\/td>\n<\/tr>\n<tr>\n<td class=\"mesec\" rowspan=\"2\" width=\"20%\" valign=\"top\">Thursday,<br \/>\nMay 24, 2012<\/td>\n<td class=\"tdprogramsredina\" width=\"20%\" valign=\"top\">14.00-15.30<\/td>\n<td class=\"tdprogram\" width=\"60%\" valign=\"top\">Visit of the exhibition <a href=\"http:\/\/www.mglc-lj.si\/slo\/index-razstave.htm\" target=\"_blank\">Prints and Impressions<\/a>, MGLC. Guided tour by Breda \u0160krjanec.<\/td>\n<\/tr>\n<tr>\n<td class=\"tdprogramsredina\" width=\"20%\" valign=\"top\">16.00-18.00<\/td>\n<td class=\"tdprogram\" width=\"60%\" valign=\"top\">Sa\u0161a Nabergoj: Art XX. Century. Chapters.<\/td>\n<\/tr>\n<tr>\n<tr>\n<td class=\"mesec\" width=\"20%\" valign=\"top\">Thursday,<br \/>\nMay 31, 2012<\/td>\n<td class=\"tdprogramsredina\" width=\"20%\" valign=\"top\">16.00-19.30<\/td>\n<td class=\"tdprogram\" width=\"60%\" valign=\"top\">Tev\u017e Logar: Studio visit<\/td>\n<\/tr>\n<\/tbody>\n<\/table>\n<p class=\"mesec13\"><strong>June<\/strong><\/p>\n<table border=\"0\" cellspacing=\"0\" cellpadding=\"0\" width=\"100%\">\n<tbody>\n<tr>\n<td class=\"mesec\" rowspan=\"2\" width=\"20%\" valign=\"top\">Thursday,<br \/>\nJune 7, 2012<\/td>\n<td class=\"tdprogramsredina\" width=\"20%\" valign=\"top\">16.00-17.30<\/td>\n<td class=\"tdprogram\" width=\"60%\" valign=\"top\">Sa\u0161a Nabergoj: Art XX. Century. Chapters.<\/td>\n<\/tr>\n<tr>\n<td class=\"tdprogramsredina\" width=\"20%\" valign=\"top\">17.45-19.30<\/td>\n<td class=\"tdprogram\" width=\"60%\" valign=\"top\">Petja Grafenauer: Close reading workshop.<\/td>\n<\/tr>\n<tr>\n<td class=\"mesec\" rowspan=\"2\" width=\"20%\" valign=\"top\">Thursday,<br \/>\nJune 14, 2012<\/td>\n<td class=\"tdprogramsredina\" width=\"20%\" valign=\"top\">16.00-17.30<\/td>\n<td class=\"tdprogram\" width=\"60%\" valign=\"top\">Barbara Bor\u010di\u0107: Video as a tool and strategy of artistic expression. Selected examples.<\/td>\n<\/tr>\n<tr>\n<td class=\"tdprogramsredina\" width=\"20%\" valign=\"top\">17.45-19.30<\/td>\n<td class=\"tdprogram\" width=\"60%\" valign=\"top\">Ida Hir\u0161enfelder: Video archive use.<\/td>\n<\/tr>\n<tr>\n<td class=\"mesec\" rowspan=\"3\" width=\"20%\" valign=\"top\">Thursday,<br \/>\nJune 21, 2012<\/td>\n<td class=\"tdprogramsredina\" width=\"20%\" valign=\"top\">16.00-17.00<\/td>\n<td class=\"tdprogram\" width=\"60%\" valign=\"top\">Preparation of virtual exhibition, discussion and instructions.<\/td>\n<\/tr>\n<tr>\n<td class=\"tdprogramsredina\" width=\"20%\" valign=\"top\">17.00-19.30<\/td>\n<td class=\"tdprogram\" width=\"60%\" valign=\"top\">Rebeka Vidrih: Politics of Art. What and why contained the concept of art in the Renaissance and how it has been in use since then.<\/td>\n<\/tr>\n<tr>\n<td class=\"tdprogramsredina\" width=\"20%\" valign=\"top\">19.30<\/td>\n<td class=\"tdprogram\" width=\"60%\" valign=\"top\">End of semester party, Project room<\/td>\n<\/tr>\n<tr>\n<td class=\"mesec\" width=\"20%\" valign=\"top\">Thursday,<br \/>\nJune 28, 2012<\/td>\n<td class=\"tdprogramsredina\" width=\"20%\" valign=\"top\">16.00-19.30<\/td>\n<td class=\"tdprogram\" width=\"60%\" valign=\"top\">Tev\u017e Logar: guided tour: Tanja Ostoji\u0107: Body, Politics, Agency \u2026, \u0160kuc Gallery and final meeting<\/td>\n<\/tr>\n<\/tbody>\n<\/table>\n","protected":false},"excerpt":{"rendered":"<p>1st YEAR 2011 November Thursday, November 3, 2011 16.00-17.30 Introductory meeting: presentation of the work process, participants and team Monday-Friday November 7-11, 2011 &nbsp; Study trip: Krakow Thursday, November 17, 2011 16.00-19.00 SCCA-Ljubljana: Presentation Thursday, November 24, 2011 16.00-17.30 Andrej Pezelj: Introduction to the Theory 17.45-19.30 Rebeka Vidrih: Art XX. Century. Chapters. Friday, November 25, [&hellip;]<\/p>\n","protected":false},"author":1,"featured_media":0,"parent":514,"menu_order":0,"comment_status":"closed","ping_status":"closed","template":"","meta":{"footnotes":""},"categories":[1],"tags":[],"class_list":["post-658","page","type-page","status-publish","hentry","category-woa"],"_links":{"self":[{"href":"https:\/\/www.worldofart.org\/arhiv.worldofart.org\/current\/wp-json\/wp\/v2\/pages\/658","targetHints":{"allow":["GET"]}}],"collection":[{"href":"https:\/\/www.worldofart.org\/arhiv.worldofart.org\/current\/wp-json\/wp\/v2\/pages"}],"about":[{"href":"https:\/\/www.worldofart.org\/arhiv.worldofart.org\/current\/wp-json\/wp\/v2\/types\/page"}],"author":[{"embeddable":true,"href":"https:\/\/www.worldofart.org\/arhiv.worldofart.org\/current\/wp-json\/wp\/v2\/users\/1"}],"replies":[{"embeddable":true,"href":"https:\/\/www.worldofart.org\/arhiv.worldofart.org\/current\/wp-json\/wp\/v2\/comments?post=658"}],"version-history":[{"count":28,"href":"https:\/\/www.worldofart.org\/arhiv.worldofart.org\/current\/wp-json\/wp\/v2\/pages\/658\/revisions"}],"predecessor-version":[{"id":1266,"href":"https:\/\/www.worldofart.org\/arhiv.worldofart.org\/current\/wp-json\/wp\/v2\/pages\/658\/revisions\/1266"}],"up":[{"embeddable":true,"href":"https:\/\/www.worldofart.org\/arhiv.worldofart.org\/current\/wp-json\/wp\/v2\/pages\/514"}],"wp:attachment":[{"href":"https:\/\/www.worldofart.org\/arhiv.worldofart.org\/current\/wp-json\/wp\/v2\/media?parent=658"}],"wp:term":[{"taxonomy":"category","embeddable":true,"href":"https:\/\/www.worldofart.org\/arhiv.worldofart.org\/current\/wp-json\/wp\/v2\/categories?post=658"},{"taxonomy":"post_tag","embeddable":true,"href":"https:\/\/www.worldofart.org\/arhiv.worldofart.org\/current\/wp-json\/wp\/v2\/tags?post=658"}],"curies":[{"name":"wp","href":"https:\/\/api.w.org\/{rel}","templated":true}]}}