{"id":66,"date":"2008-01-14T13:43:25","date_gmt":"2008-01-14T11:43:25","guid":{"rendered":"http:\/\/www.worldofart.org\/current\/laboratorium-2006-07\/text-by-ivana-bago\/"},"modified":"2017-12-12T11:16:21","modified_gmt":"2017-12-12T09:16:21","slug":"text-by-ivana-bago","status":"publish","type":"page","link":"https:\/\/www.worldofart.org\/arhiv.worldofart.org\/current\/laboratorium-2006-07\/text-by-ivana-bago","title":{"rendered":"Text by Ivana Bago"},"content":{"rendered":"<p>Apart from fulfilling the criterion of simplicity imposed by the textual form of press release, the juxtaposition of \u201csubjective\u201d and \u201ctheoretical\u201d premises of the curatorial selection of artworks for the exhibition disclosed in the text which presents the exhibition <em>LabSUs Personally<\/em> to the public is, of course, an impertinent lie. Besides placing the theoretical in opposition to the subjective, it creates the illusion of subject and subjectivity being an autonomous entity and unalterable constant achieved by removing and discarding all unauthentic, replaceable and imposed layers (e.g. in this case, disregarding the factors of circumstances, obligations, considerations, consensus, efficiency, theory, trends, opportunism, market, etc.).<\/p>\n<p>What would then my \u201ctrue\u201d curatorial Self have chosen as its sincere, authentic, intuitive, barren (and by that inevitably brave?) choice par excellence? Chatting with one of her guests who was, as usually, speaking of discovering and cherishing our true Selves, Oprah Winfrey has hit the painful core of that phantasmagoric come-back and encounter with the authentic by asking, \u201cAnd what if the True Self is a fool?\u201d What if the true self is a fool and what if the true curatorial self is an even greater fool? What if, by discarding the imposed layers of illusion and deception, I realise that my true curatorial self actually wants to show the expressively mutilated yet sensual female nudes by Dimitrije Popovi\u0107; what if it thinks that the American Abstract Expressionism is still the unsurpassable peak of artistic creation and what if it is deeply convinced that the Washington night skyline painted by Charles Bilich, an Australian craftsman of Croatian origin, which the Croatian Prime Minister Ivo Sanader gave as a present to President George Bush, is the best way to introduce Croatian contemporary art to the world? What if my true curatorial self doesn\u2019t even want to be the curatorial self?<\/p>\n<p>Considering the potential scenarios, I felt gratitude in front of the fact that my true curatorial self did not exist; that each of my choices was equally personal and subjective and by that always determined and defined by a chain of circumstances, contexts and facts, much like the one displayed at the exhibition <em>LabSUs Personally<\/em>. When I reflect upon the choices of my colleagues, I realise that they are equally the outcome of personal histories and current preoccupations, as well as our joint year-long \u201claboratory\u201d adventure, which provided the \u201cpersonal\u201d a strong collective frame. This adventure is now approaching the moment when it will be interrupted by the inception of silence. There will be no more e-mails, phone calls, technical riders, PR\u2019s and budgets, no more frustrations caused by inefficiency and lack of organisation, subsequently justified by finances, loss of energy, loss of reasons and motives, depression, or by being constantly overloaded, tired and dislocated.<\/p>\n<p>This is where my true curatorial self is dwelling at this moment: somewhat vague and inarticulate, aware of the long and arduous road leading to the total (curatorial?) silence, complaining about the insufficiency and kitschiness of speech. Refusing to defend its choice with the usual curatorial-critical rhetoric (giving art rest from analytical-critical tools along with giving rest to the tools as well), the performance by Bo\u017eena Kon\u010di\u0107 Badurina \u201cAn Hour of Silence\u201d will be minimally and naively interpreted as the therapeutic s\u00e9ance for us laboratory attendees, staggering from all that discursiveness, polemics, clear articulation of attitudes and locating problems. Tired of words and intellectual battles, sitting in the room where we have held our first working meetings and enthusiastic debates and polemics, we now learn a new way of being together: through silence. In yet another opportunistic, sentimental and unprofessional interpretation, my curatorial self will want to impose as a mantra to all other laboratory attendees and visitors a statement by Igor Grubi\u0107, which was part of the project \u201cRespite\u201d by Tanja Dabo and Igor Grubi\u0107, and which I will use to conclude this text:<\/p>\n<blockquote><p>\u201cI want to rest myself from work, myself from myself, society from myself, society from art; I want art to have rest from art.\u201d<\/p><\/blockquote>\n","protected":false},"excerpt":{"rendered":"<p>Apart from fulfilling the criterion of simplicity imposed by the textual form of press release, the juxtaposition of \u201csubjective\u201d and \u201ctheoretical\u201d premises of the curatorial selection of artworks for the exhibition disclosed in the text which presents the exhibition LabSUs Personally to the public is, of course, an impertinent lie. Besides placing the theoretical in [&hellip;]<\/p>\n","protected":false},"author":1,"featured_media":0,"parent":3,"menu_order":0,"comment_status":"closed","ping_status":"closed","template":"","meta":{"footnotes":""},"categories":[1],"tags":[],"class_list":["post-66","page","type-page","status-publish","hentry","category-woa"],"_links":{"self":[{"href":"https:\/\/www.worldofart.org\/arhiv.worldofart.org\/current\/wp-json\/wp\/v2\/pages\/66","targetHints":{"allow":["GET"]}}],"collection":[{"href":"https:\/\/www.worldofart.org\/arhiv.worldofart.org\/current\/wp-json\/wp\/v2\/pages"}],"about":[{"href":"https:\/\/www.worldofart.org\/arhiv.worldofart.org\/current\/wp-json\/wp\/v2\/types\/page"}],"author":[{"embeddable":true,"href":"https:\/\/www.worldofart.org\/arhiv.worldofart.org\/current\/wp-json\/wp\/v2\/users\/1"}],"replies":[{"embeddable":true,"href":"https:\/\/www.worldofart.org\/arhiv.worldofart.org\/current\/wp-json\/wp\/v2\/comments?post=66"}],"version-history":[{"count":1,"href":"https:\/\/www.worldofart.org\/arhiv.worldofart.org\/current\/wp-json\/wp\/v2\/pages\/66\/revisions"}],"predecessor-version":[{"id":4895,"href":"https:\/\/www.worldofart.org\/arhiv.worldofart.org\/current\/wp-json\/wp\/v2\/pages\/66\/revisions\/4895"}],"up":[{"embeddable":true,"href":"https:\/\/www.worldofart.org\/arhiv.worldofart.org\/current\/wp-json\/wp\/v2\/pages\/3"}],"wp:attachment":[{"href":"https:\/\/www.worldofart.org\/arhiv.worldofart.org\/current\/wp-json\/wp\/v2\/media?parent=66"}],"wp:term":[{"taxonomy":"category","embeddable":true,"href":"https:\/\/www.worldofart.org\/arhiv.worldofart.org\/current\/wp-json\/wp\/v2\/categories?post=66"},{"taxonomy":"post_tag","embeddable":true,"href":"https:\/\/www.worldofart.org\/arhiv.worldofart.org\/current\/wp-json\/wp\/v2\/tags?post=66"}],"curies":[{"name":"wp","href":"https:\/\/api.w.org\/{rel}","templated":true}]}}