{"id":6608,"date":"2008-01-14T13:27:48","date_gmt":"2008-01-14T11:27:48","guid":{"rendered":"http:\/\/arhiv.worldofart.org\/current\/?page_id=6608"},"modified":"2023-02-16T11:00:42","modified_gmt":"2023-02-16T09:00:42","slug":"texts-by-participants-200607","status":"publish","type":"page","link":"https:\/\/www.worldofart.org\/arhiv.worldofart.org\/current\/laboratorium-2006-07\/texts-by-participants-200607","title":{"rendered":"Texts by participants 2006\/07"},"content":{"rendered":"<p>Curatorial texts by participants of Laboratorium 2006\/07 for exhibition <em>LabSUs Personally<\/em>:<\/p>\n<ul>\n<li><a href=\"https:\/\/www.worldofart.org\/arhiv.worldofart.org\/current\/laboratorium-2006-07\/general-text-by-petra-kaps\/\">General text by Petra Kap\u0161<\/a> (<a href=\"https:\/\/www.worldofart.org\/arhiv.worldofart.org\/aktualno\/leto_2006-07\/teksti-udelezencev-200607\/splosni-tekst-o-razstavi-petra-kaps\/petra-kaps-splosno\/\">hrvatski<\/a>)<\/li>\n<li><a href=\"https:\/\/www.worldofart.org\/arhiv.worldofart.org\/current\/laboratorium-2006-07\/text-by-ivana-bago\/\">Text by Ivana Bago<\/a> (<a href=\"https:\/\/www.worldofart.org\/arhiv.worldofart.org\/aktualno\/leto_2006-07\/teksti-udelezencev-200607\/utemeljitev-ivana-bago\/\">hrvatski<\/a>)<\/li>\n<li><a href=\"https:\/\/www.worldofart.org\/arhiv.worldofart.org\/current\/laboratorium-2006-07\/text-by-petja-grafenauer-krnc\/\">Text by Petra Grafenauer Krnc<\/a> (<a href=\"https:\/\/www.worldofart.org\/arhiv.worldofart.org\/aktualno\/leto_2006-07\/teksti-udelezencev-200607\/petra-grafenauer-krnc-hr\/\">hrvatski<\/a>)<\/li>\n<li><a href=\"https:\/\/www.worldofart.org\/arhiv.worldofart.org\/current\/laboratorium-2006-07\/text-by-petra-kaps\/\">Text by Petra Kap\u0161<\/a><\/li>\n<li><a href=\"https:\/\/www.worldofart.org\/arhiv.worldofart.org\/current\/laboratorium-2006-07\/text-by-vasja-nagy\/\">Text by Vasja Nagy<\/a> (<a href=\"https:\/\/www.worldofart.org\/arhiv.worldofart.org\/aktualno\/leto_2006-07\/teksti-udelezencev-200607\/vasja-nagy\/\">hrvatski<\/a>)<\/li>\n<li><a href=\"https:\/\/www.worldofart.org\/arhiv.worldofart.org\/current\/laboratorium-2006-07\/text-by-mojca-puncer\/\">Text by Mojca Puncer<\/a> (<a href=\"https:\/\/www.worldofart.org\/arhiv.worldofart.org\/aktualno\/leto_2006-07\/teksti-udelezencev-200607\/mojca-puncer-hr\/\">hrvatski<\/a>)<\/li>\n<li><a href=\"https:\/\/www.worldofart.org\/arhiv.worldofart.org\/current\/laboratorium-2006-07\/text-by-jaka-zeleznikar\/\">Text by Jaka \u017deleznikar<\/a> (<a href=\"https:\/\/www.worldofart.org\/arhiv.worldofart.org\/aktualno\/leto_2006-07\/teksti-udelezencev-200607\/jaka-zeleznikar-hr\/\">hrvatski<\/a>)<\/li>\n<\/ul>\n","protected":false},"excerpt":{"rendered":"<p>Curatorial texts by participants of Laboratorium 2006\/07 for exhibition LabSUs Personally: General text by Petra Kap\u0161 (hrvatski) Text by Ivana Bago (hrvatski) Text by Petra Grafenauer Krnc (hrvatski) Text by Petra Kap\u0161 Text by Vasja Nagy (hrvatski) Text by Mojca Puncer (hrvatski) Text by Jaka \u017deleznikar (hrvatski)<\/p>\n","protected":false},"author":1,"featured_media":0,"parent":3,"menu_order":0,"comment_status":"closed","ping_status":"closed","template":"","meta":{"footnotes":""},"categories":[1],"tags":[],"class_list":["post-6608","page","type-page","status-publish","hentry","category-woa"],"_links":{"self":[{"href":"https:\/\/www.worldofart.org\/arhiv.worldofart.org\/current\/wp-json\/wp\/v2\/pages\/6608","targetHints":{"allow":["GET"]}}],"collection":[{"href":"https:\/\/www.worldofart.org\/arhiv.worldofart.org\/current\/wp-json\/wp\/v2\/pages"}],"about":[{"href":"https:\/\/www.worldofart.org\/arhiv.worldofart.org\/current\/wp-json\/wp\/v2\/types\/page"}],"author":[{"embeddable":true,"href":"https:\/\/www.worldofart.org\/arhiv.worldofart.org\/current\/wp-json\/wp\/v2\/users\/1"}],"replies":[{"embeddable":true,"href":"https:\/\/www.worldofart.org\/arhiv.worldofart.org\/current\/wp-json\/wp\/v2\/comments?post=6608"}],"version-history":[{"count":1,"href":"https:\/\/www.worldofart.org\/arhiv.worldofart.org\/current\/wp-json\/wp\/v2\/pages\/6608\/revisions"}],"predecessor-version":[{"id":6609,"href":"https:\/\/www.worldofart.org\/arhiv.worldofart.org\/current\/wp-json\/wp\/v2\/pages\/6608\/revisions\/6609"}],"up":[{"embeddable":true,"href":"https:\/\/www.worldofart.org\/arhiv.worldofart.org\/current\/wp-json\/wp\/v2\/pages\/3"}],"wp:attachment":[{"href":"https:\/\/www.worldofart.org\/arhiv.worldofart.org\/current\/wp-json\/wp\/v2\/media?parent=6608"}],"wp:term":[{"taxonomy":"category","embeddable":true,"href":"https:\/\/www.worldofart.org\/arhiv.worldofart.org\/current\/wp-json\/wp\/v2\/categories?post=6608"},{"taxonomy":"post_tag","embeddable":true,"href":"https:\/\/www.worldofart.org\/arhiv.worldofart.org\/current\/wp-json\/wp\/v2\/tags?post=6608"}],"curies":[{"name":"wp","href":"https:\/\/api.w.org\/{rel}","templated":true}]}}