{"id":8,"date":"2007-05-08T12:44:33","date_gmt":"2007-05-08T10:44:33","guid":{"rendered":"http:\/\/www.worldofart.org\/current\/schedule-2\/"},"modified":"2007-10-21T21:09:20","modified_gmt":"2007-10-21T19:09:20","slug":"schedule-seminar-2006-07","status":"publish","type":"page","link":"https:\/\/www.worldofart.org\/arhiv.worldofart.org\/current\/seminar-2006-07\/schedule-seminar-2006-07","title":{"rendered":"Schedule 2006\/07"},"content":{"rendered":"<p class=\"leto\"><strong>2006<\/strong><\/p>\n<table width=\"100%\" border=\"0\" cellspacing=\"0\" cellpadding=\"0\">\n<tr>\n<td class=\"mesec\" width=\"20%\" valign=\"top\">November<\/td>\n<td class=\"tdprogramsredina\" width=\"20%\" valign=\"top\">Friday, Saturday<br \/>\n    10. &#8211; 11. 11. 2006<\/td>\n<td class=\"tdprogram\" width=\"60%\" valign=\"top\"><a href=\"https:\/\/www.worldofart.org\/arhiv.worldofart.org\/current\/archives\/20\"><strong>\u017denja Leiler: Newspaper &#038; Magazine article and review<\/strong><\/a><\/td>\n<\/tr>\n<\/table>\n<p class=\"leto\"><strong>2007<\/strong><\/p>\n<table width=\"100%\" border=\"0\" cellspacing=\"0\" cellpadding=\"0\">\n<tr>\n<td class=\"mesec\" width=\"20%\" valign=\"top\">January<\/td>\n<td class=\"tdprogramsredina\" width=\"20%\" valign=\"top\">Saturday, Sunday<br \/>\n    6. &#8211; 7. 1. 2007<\/td>\n<td class=\"tdprogram\" width=\"60%\" valign=\"top\"><a href=\"https:\/\/www.worldofart.org\/arhiv.worldofart.org\/current\/archives\/21\"><strong>Mi\u0161ko \u0160uvakovi\u0107: Theory and Practice of Art Critique<\/strong><\/a><\/td>\n<\/tr>\n<tr>\n<td class=\"mesec\" width=\"20%\" valign=\"top\">February<\/td>\n<td class=\"tdprogramsredina\" width=\"20%\" valign=\"top\">Tuesday &#8211; Sunday<br \/>\n    6. &#8211; 11. 2. 2007<\/td>\n<td class=\"tdprogram\" width=\"60%\" valign=\"top\"><a href=\"https:\/\/www.worldofart.org\/arhiv.worldofart.org\/current\/archives\/22\"><strong>Cl\u00e9mentine Deliss: Plan for a Mobile Faculty of Arts<\/strong><\/a><\/td>\n<\/tr>\n<tr>\n<td class=\"mesec\" width=\"20%\" valign=\"top\">March<\/td>\n<td class=\"tdprogramsredina\" width=\"20%\" valign=\"top\">Saturday<br \/>\n    31. 3. 2007<\/td>\n<td class=\"tdprogram\" width=\"60%\" valign=\"top\"><a href=\"https:\/\/www.worldofart.org\/arhiv.worldofart.org\/current\/archives\/24\"><strong>Je\u0161a Denegri: Historicizing Contemporary Art<\/strong><\/a><\/td>\n<\/tr>\n<tr>\n<td class=\"mesec\" width=\"20%\" valign=\"top\">April<\/td>\n<td class=\"tdprogramsredina\" width=\"20%\" valign=\"top\">Friday, Saturday<br \/>\n     13. &#8211; 14. 4. 2007<\/td>\n<td class=\"tdprogram\" width=\"60%\" valign=\"top\"><a href=\"https:\/\/www.worldofart.org\/arhiv.worldofart.org\/current\/archives\/31\"><strong>Suzana Milevska: Catalogue text workshop<\/strong><\/a><\/td>\n<\/tr>\n<tr>\n<td class=\"mesec\" width=\"20%\" valign=\"top\">June<\/td>\n<td class=\"tdprogramsredina\" width=\"20%\" valign=\"top\">Wednesday &#8211; Tuesday<br \/>\n     20. 6. &#8211; 3. 7. 2007<\/td>\n<td class=\"tdprogram\" width=\"60%\" valign=\"top\"><a href=\"https:\/\/www.worldofart.org\/arhiv.worldofart.org\/current\/archives\/25\"><strong>Zemira Alajbegovi\u0107, Neven Korda: Video Essay<\/strong><\/a><\/td>\n<\/tr>\n<\/table>\n","protected":false},"excerpt":{"rendered":"<p>2006 November Friday, Saturday 10. &#8211; 11. 11. 2006 \u017denja Leiler: Newspaper &#038; Magazine article and review 2007 January Saturday, Sunday 6. &#8211; 7. 1. 2007 Mi\u0161ko \u0160uvakovi\u0107: Theory and Practice of Art Critique February Tuesday &#8211; Sunday 6. &#8211; 11. 2. 2007 Cl\u00e9mentine Deliss: Plan for a Mobile Faculty of Arts March Saturday 31. [&hellip;]<\/p>\n","protected":false},"author":1,"featured_media":0,"parent":5,"menu_order":0,"comment_status":"closed","ping_status":"open","template":"seminar.php","meta":{"footnotes":""},"categories":[1],"tags":[],"class_list":["post-8","page","type-page","status-publish","hentry","category-woa"],"_links":{"self":[{"href":"https:\/\/www.worldofart.org\/arhiv.worldofart.org\/current\/wp-json\/wp\/v2\/pages\/8","targetHints":{"allow":["GET"]}}],"collection":[{"href":"https:\/\/www.worldofart.org\/arhiv.worldofart.org\/current\/wp-json\/wp\/v2\/pages"}],"about":[{"href":"https:\/\/www.worldofart.org\/arhiv.worldofart.org\/current\/wp-json\/wp\/v2\/types\/page"}],"author":[{"embeddable":true,"href":"https:\/\/www.worldofart.org\/arhiv.worldofart.org\/current\/wp-json\/wp\/v2\/users\/1"}],"replies":[{"embeddable":true,"href":"https:\/\/www.worldofart.org\/arhiv.worldofart.org\/current\/wp-json\/wp\/v2\/comments?post=8"}],"version-history":[{"count":0,"href":"https:\/\/www.worldofart.org\/arhiv.worldofart.org\/current\/wp-json\/wp\/v2\/pages\/8\/revisions"}],"up":[{"embeddable":true,"href":"https:\/\/www.worldofart.org\/arhiv.worldofart.org\/current\/wp-json\/wp\/v2\/pages\/5"}],"wp:attachment":[{"href":"https:\/\/www.worldofart.org\/arhiv.worldofart.org\/current\/wp-json\/wp\/v2\/media?parent=8"}],"wp:term":[{"taxonomy":"category","embeddable":true,"href":"https:\/\/www.worldofart.org\/arhiv.worldofart.org\/current\/wp-json\/wp\/v2\/categories?post=8"},{"taxonomy":"post_tag","embeddable":true,"href":"https:\/\/www.worldofart.org\/arhiv.worldofart.org\/current\/wp-json\/wp\/v2\/tags?post=8"}],"curies":[{"name":"wp","href":"https:\/\/api.w.org\/{rel}","templated":true}]}}