{"id":868,"date":"2012-04-07T13:17:51","date_gmt":"2012-04-07T11:17:51","guid":{"rendered":"http:\/\/www.worldofart.org\/current\/?page_id=868"},"modified":"2015-05-26T14:47:53","modified_gmt":"2015-05-26T12:47:53","slug":"photo-diary-of-the-study-exscursion-zurich-in-ljubljana","status":"publish","type":"page","link":"https:\/\/www.worldofart.org\/arhiv.worldofart.org\/current\/14th-year-20112013\/atom2-a-je-to-umetnost-phantom-to-mindset\/photo-diary-of-the-study-exscursion-zurich-in-ljubljana","title":{"rendered":"Photo diary of the study exscursion Z\u00fcrich in Ljubljana (14\u201316 March 2012)"},"content":{"rendered":"<p><a href=\"https:\/\/www.worldofart.org\/arhiv.worldofart.org\/aktualno\/wp-content\/2011-13\/Introduction-for-visiting-students.pdf\" target=\"_blank\"><strong>Accompanying program (pdf)<\/strong><\/a><br \/>\n[only for participants of 14th year of World of Art, students of the post-graduated program in curating from Z\u00fcrich and participants of school for contemporary art journalistic critiques in Zagreb.]<\/p>\n<p>Sa\u0161a Nabergoj with <a href=\"https:\/\/www.worldofart.org\/arhiv.worldofart.org\/current\/14th-year-20112013\/participants-20112013\">Majo Alibegovi\u0107, Majo Anton\u010di\u010d, Lenko \u0110orojevi\u0107, Jasno Jernej\u0161ek, Miho Kelemino, Darijo Kova\u010di\u010d, Nino Skumavc, Nino Sotel\u0161ek, Denisom Volkom<\/a><br \/>\nDesign: Maja Alibegovi\u0107<\/p>\n<hr \/>\n<p>Photo: Jasna Jernej\u0161ek, SCCA Archive<\/p>\n<hr \/>\n<p><strong>Wednesday, March 14, 2012<\/strong><\/p>\n<p><img decoding=\"async\" src=\"https:\/\/www.worldofart.org\/arhiv.worldofart.org\/aktualno\/wp-content\/2011-13\/printaj\/fotodnevnik450\/1sreda\/01.jpg\" title=\"SCCA\" \/><\/p>\n<p><img decoding=\"async\" src=\"https:\/\/www.worldofart.org\/arhiv.worldofart.org\/aktualno\/wp-content\/2011-13\/printaj\/fotodnevnik450\/1sreda\/02.jpg\" title=\"SCCA\" \/><\/p>\n<p><img decoding=\"async\" src=\"https:\/\/www.worldofart.org\/arhiv.worldofart.org\/aktualno\/wp-content\/2011-13\/printaj\/fotodnevnik450\/1sreda\/04.jpg\" title=\"MSUM\" \/><\/p>\n<p><img decoding=\"async\" src=\"https:\/\/www.worldofart.org\/arhiv.worldofart.org\/aktualno\/wp-content\/2011-13\/printaj\/fotodnevnik450\/1sreda\/05.jpg\" title=\"MSUM\" \/><\/p>\n<p><img decoding=\"async\" src=\"https:\/\/www.worldofart.org\/arhiv.worldofart.org\/aktualno\/wp-content\/2011-13\/printaj\/fotodnevnik450\/1sreda\/06.jpg\" title=\"MSUM\" \/><\/p>\n<p><img decoding=\"async\" src=\"https:\/\/www.worldofart.org\/arhiv.worldofart.org\/aktualno\/wp-content\/2011-13\/printaj\/fotodnevnik450\/1sreda\/07.jpg\" title=\"MSUM\" \/><\/p>\n<p><img decoding=\"async\" src=\"https:\/\/www.worldofart.org\/arhiv.worldofart.org\/aktualno\/wp-content\/2011-13\/printaj\/fotodnevnik450\/1sreda\/08.jpg\" title=\"MSUM\" \/><\/p>\n<p><img decoding=\"async\" src=\"https:\/\/www.worldofart.org\/arhiv.worldofart.org\/aktualno\/wp-content\/2011-13\/printaj\/fotodnevnik450\/1sreda\/09.jpg\" title=\"Alkatraz Gallery\" \/><\/p>\n<p><img decoding=\"async\" src=\"https:\/\/www.worldofart.org\/arhiv.worldofart.org\/aktualno\/wp-content\/2011-13\/printaj\/fotodnevnik450\/1sreda\/10.jpg\" title=\"Alkatraz Gallery\" \/><\/p>\n<hr \/>\n<p><strong>Thursday, March 15, 2012<\/strong><\/p>\n<p><img decoding=\"async\" src=\"https:\/\/www.worldofart.org\/arhiv.worldofart.org\/aktualno\/wp-content\/2011-13\/printaj\/fotodnevnik450\/2cetrtek\/01.jpg\" title=\"Metropolis Gallery\" \/><\/p>\n<p><img decoding=\"async\" src=\"https:\/\/www.worldofart.org\/arhiv.worldofart.org\/aktualno\/wp-content\/2011-13\/printaj\/fotodnevnik450\/2cetrtek\/02.jpg\" title=\"Museum of Modern Art, permanent collection, Photo: Jasna Jernej\u0161ek\" \/><\/p>\n<p><img decoding=\"async\" src=\"https:\/\/www.worldofart.org\/arhiv.worldofart.org\/aktualno\/wp-content\/2011-13\/printaj\/fotodnevnik450\/2cetrtek\/03.jpg\" title=\"Museum of Modern Art, permanent collection, Photo: Jasna Jernej\u0161ek\" \/><\/p>\n<p><img decoding=\"async\" src=\"https:\/\/www.worldofart.org\/arhiv.worldofart.org\/aktualno\/wp-content\/2011-13\/printaj\/fotodnevnik450\/2cetrtek\/04.jpg\" title=\"Museum of Modern Art, permanent collection, Photo: Jasna Jernej\u0161ek\" \/><\/p>\n<p><img decoding=\"async\" src=\"https:\/\/www.worldofart.org\/arhiv.worldofart.org\/aktualno\/wp-content\/2011-13\/printaj\/fotodnevnik450\/2cetrtek\/05.jpg\" title=\"Museum of Modern Art, permanent collection, Photo: Jasna Jernej\u0161ek\" \/><\/p>\n<p><img decoding=\"async\" src=\"https:\/\/www.worldofart.org\/arhiv.worldofart.org\/aktualno\/wp-content\/2011-13\/printaj\/fotodnevnik450\/2cetrtek\/06.jpg\" title=\"Museum of Modern Art, permanent collection, Photo: Jasna Jernej\u0161ek\" \/><\/p>\n<p><img decoding=\"async\" src=\"https:\/\/www.worldofart.org\/arhiv.worldofart.org\/aktualno\/wp-content\/2011-13\/printaj\/fotodnevnik450\/2cetrtek\/07.jpg\" title=\"Museum of Modern Art, permanent collection, Photo: Jasna Jernej\u0161ek\" \/><\/p>\n<p><a href=\"https:\/\/www.worldofart.org\/arhiv.worldofart.org\/aktualno\/wp-content\/2011-13\/printaj\/fotodnevnik450\/2cetrtek\/08-panorama.jpg\" rel=\"lightbox[868]\"><img decoding=\"async\" src=\"https:\/\/www.worldofart.org\/arhiv.worldofart.org\/aktualno\/wp-content\/2011-13\/printaj\/fotodnevnik450\/2cetrtek\/08.jpg\" title=\"Museum of Modern Art, exhibition of Metka Kra\u0161ovec, Photo: Jasna Jernej\u0161ek\" \/><\/a><\/p>\n<p><a href=\"https:\/\/www.worldofart.org\/arhiv.worldofart.org\/aktualno\/wp-content\/2011-13\/printaj\/fotodnevnik450\/2cetrtek\/09-panorama.jpg\" rel=\"lightbox[868]\"><img decoding=\"async\" src=\"https:\/\/www.worldofart.org\/arhiv.worldofart.org\/aktualno\/wp-content\/2011-13\/printaj\/fotodnevnik450\/2cetrtek\/09.jpg\" title=\"Museum of Modern Art, exhibition of Metka Kra\u0161ovec, Photo: Jasna Jernej\u0161ek\" \/><\/a><\/p>\n<p><img decoding=\"async\" src=\"https:\/\/www.worldofart.org\/arhiv.worldofart.org\/aktualno\/wp-content\/2011-13\/printaj\/fotodnevnik450\/2cetrtek\/10.jpg\" title=\"International Centre of Graphic Arts, Photo: Jasna Jernej\u0161ek\" \/><\/p>\n<p><img decoding=\"async\" src=\"https:\/\/www.worldofart.org\/arhiv.worldofart.org\/aktualno\/wp-content\/2011-13\/printaj\/fotodnevnik450\/2cetrtek\/11.jpg\" title=\"International Centre of Graphic Arts, Photo: Jasna Jernej\u0161ek\" \/><\/p>\n<p><img decoding=\"async\" src=\"https:\/\/www.worldofart.org\/arhiv.worldofart.org\/aktualno\/wp-content\/2011-13\/printaj\/fotodnevnik450\/2cetrtek\/12.jpg\" title=\"International Centre of Graphic Arts, Photo: Jasna Jernej\u0161ek\" \/><\/p>\n<hr \/>\n<p><strong>Friday, March 16, 2012<\/strong><\/p>\n<p><img decoding=\"async\" src=\"https:\/\/www.worldofart.org\/arhiv.worldofart.org\/aktualno\/wp-content\/2011-13\/printaj\/fotodnevnik450\/3petek\/01.jpg\" title=\"City Art Gallery, Photo: Jasna Jernej\u0161ek\" \/><\/p>\n<p><img decoding=\"async\" src=\"https:\/\/www.worldofart.org\/arhiv.worldofart.org\/aktualno\/wp-content\/2011-13\/printaj\/fotodnevnik450\/3petek\/02.jpg\" title=\"City Art Gallery, Photo: Jasna Jernej\u0161ek\" \/><\/p>\n<p><img decoding=\"async\" src=\"https:\/\/www.worldofart.org\/arhiv.worldofart.org\/aktualno\/wp-content\/2011-13\/printaj\/fotodnevnik450\/3petek\/03.jpg\" title=\"City Art Gallery, Photo: Jasna Jernej\u0161ek\" \/><\/p>\n<p><img decoding=\"async\" src=\"https:\/\/www.worldofart.org\/arhiv.worldofart.org\/aktualno\/wp-content\/2011-13\/printaj\/fotodnevnik450\/3petek\/04.jpg\" title=\"City Art Gallery, Photo: Jasna Jernej\u0161ek\" \/><\/p>\n<p><img decoding=\"async\" src=\"https:\/\/www.worldofart.org\/arhiv.worldofart.org\/aktualno\/wp-content\/2011-13\/printaj\/fotodnevnik450\/3petek\/05.jpg\" title=\"City Art Gallery, Photo: Jasna Jernej\u0161ek\" \/><\/p>\n<p><img decoding=\"async\" src=\"https:\/\/www.worldofart.org\/arhiv.worldofart.org\/aktualno\/wp-content\/2011-13\/printaj\/fotodnevnik450\/3petek\/06.jpg\" title=\"Gallery \u0160kuc, Photo: Jasna Jernej\u0161ek\" \/><\/p>\n<p><img decoding=\"async\" src=\"https:\/\/www.worldofart.org\/arhiv.worldofart.org\/aktualno\/wp-content\/2011-13\/printaj\/fotodnevnik450\/3petek\/07.jpg\" title=\"Aksioma, Photo: Jasna Jernej\u0161ek\" \/><\/p>\n<p><img decoding=\"async\" src=\"https:\/\/www.worldofart.org\/arhiv.worldofart.org\/aktualno\/wp-content\/2011-13\/printaj\/fotodnevnik450\/3petek\/08.jpg\" title=\"Aksioma, Photo: Jasna Jernej\u0161ek\" \/><\/p>\n<p><img decoding=\"async\" src=\"https:\/\/www.worldofart.org\/arhiv.worldofart.org\/aktualno\/wp-content\/2011-13\/printaj\/fotodnevnik450\/3petek\/09.jpg\" title=\"Aksioma, Photo: Jasna Jernej\u0161ek\" \/><\/p>\n<p><img decoding=\"async\" src=\"https:\/\/www.worldofart.org\/arhiv.worldofart.org\/aktualno\/wp-content\/2011-13\/printaj\/fotodnevnik450\/3petek\/10.jpg\" title=\"Photon Gallery, Photo: Jasna Jernej\u0161ek\" \/><\/p>\n<p><a href=\"https:\/\/www.worldofart.org\/arhiv.worldofart.org\/aktualno\/wp-content\/2011-13\/printaj\/fotodnevnik450\/3petek\/11-panorama.jpg\" rel=\"lightbox[868]\"><img decoding=\"async\" src=\"https:\/\/www.worldofart.org\/arhiv.worldofart.org\/aktualno\/wp-content\/2011-13\/printaj\/fotodnevnik450\/3petek\/11.jpg\" title=\"Photon Gallery, Photo: Jasna Jernej\u0161ek\" \/><br \/>\n<\/a><br \/>\n<img decoding=\"async\" src=\"https:\/\/www.worldofart.org\/arhiv.worldofart.org\/aktualno\/wp-content\/2011-13\/printaj\/fotodnevnik450\/3petek\/12.jpg\" title=\"P74 Gallery, Photo: Jasna Jernej\u0161ek\" \/><\/p>\n<p><img decoding=\"async\" src=\"https:\/\/www.worldofart.org\/arhiv.worldofart.org\/aktualno\/wp-content\/2011-13\/printaj\/fotodnevnik450\/3petek\/13.jpg\" title=\"P74 Gallery, Photo: Jasna Jernej\u0161ek\" \/><\/p>\n","protected":false},"excerpt":{"rendered":"<p>Accompanying program (pdf) [only for participants of 14th year of World of Art, students of the post-graduated program in curating from Z\u00fcrich and participants of school for contemporary art journalistic critiques in Zagreb.] Sa\u0161a Nabergoj with Majo Alibegovi\u0107, Majo Anton\u010di\u010d, Lenko \u0110orojevi\u0107, Jasno Jernej\u0161ek, Miho Kelemino, Darijo Kova\u010di\u010d, Nino Skumavc, Nino Sotel\u0161ek, Denisom Volkom Design: [&hellip;]<\/p>\n","protected":false},"author":1,"featured_media":0,"parent":709,"menu_order":0,"comment_status":"closed","ping_status":"closed","template":"","meta":{"footnotes":""},"categories":[1],"tags":[],"class_list":["post-868","page","type-page","status-publish","hentry","category-woa"],"_links":{"self":[{"href":"https:\/\/www.worldofart.org\/arhiv.worldofart.org\/current\/wp-json\/wp\/v2\/pages\/868","targetHints":{"allow":["GET"]}}],"collection":[{"href":"https:\/\/www.worldofart.org\/arhiv.worldofart.org\/current\/wp-json\/wp\/v2\/pages"}],"about":[{"href":"https:\/\/www.worldofart.org\/arhiv.worldofart.org\/current\/wp-json\/wp\/v2\/types\/page"}],"author":[{"embeddable":true,"href":"https:\/\/www.worldofart.org\/arhiv.worldofart.org\/current\/wp-json\/wp\/v2\/users\/1"}],"replies":[{"embeddable":true,"href":"https:\/\/www.worldofart.org\/arhiv.worldofart.org\/current\/wp-json\/wp\/v2\/comments?post=868"}],"version-history":[{"count":8,"href":"https:\/\/www.worldofart.org\/arhiv.worldofart.org\/current\/wp-json\/wp\/v2\/pages\/868\/revisions"}],"predecessor-version":[{"id":2928,"href":"https:\/\/www.worldofart.org\/arhiv.worldofart.org\/current\/wp-json\/wp\/v2\/pages\/868\/revisions\/2928"}],"up":[{"embeddable":true,"href":"https:\/\/www.worldofart.org\/arhiv.worldofart.org\/current\/wp-json\/wp\/v2\/pages\/709"}],"wp:attachment":[{"href":"https:\/\/www.worldofart.org\/arhiv.worldofart.org\/current\/wp-json\/wp\/v2\/media?parent=868"}],"wp:term":[{"taxonomy":"category","embeddable":true,"href":"https:\/\/www.worldofart.org\/arhiv.worldofart.org\/current\/wp-json\/wp\/v2\/categories?post=868"},{"taxonomy":"post_tag","embeddable":true,"href":"https:\/\/www.worldofart.org\/arhiv.worldofart.org\/current\/wp-json\/wp\/v2\/tags?post=868"}],"curies":[{"name":"wp","href":"https:\/\/api.w.org\/{rel}","templated":true}]}}