{"id":873,"date":"2012-04-07T13:33:39","date_gmt":"2012-04-07T11:33:39","guid":{"rendered":"http:\/\/www.worldofart.org\/current\/?page_id=873"},"modified":"2012-04-17T11:51:47","modified_gmt":"2012-04-17T09:51:47","slug":"lecture-and-opening-photos","status":"publish","type":"page","link":"https:\/\/www.worldofart.org\/arhiv.worldofart.org\/current\/14th-year-20112013\/atom2-a-je-to-umetnost-phantom-to-mindset\/lecture-and-opening-photos","title":{"rendered":"Lecture and opening photos"},"content":{"rendered":"<p><a href=\"https:\/\/www.worldofart.org\/arhiv.worldofart.org\/current\/14th-year-20112013\/atom2-a-je-to-umetnost-phantom-to-mindset#exhibition\"><strong>Print!<\/strong><\/a><br \/>\nExhibition of Ready to Print art editions, opening lecture (Dorothee Richter)<\/p>\n<p><strong>15. 3. 2012\u201325. 3. 2012<\/strong><br \/>\n<a href=\"http:\/\/www.mglc-lj.si\/\" target=\"_blank\">MGLC<\/a>, Pod Turnom 3, 1000 Ljubljana<br \/>\n<strong>Lecture and opening: Thursday, 15 March 2012 at 7 pm<\/strong><\/p>\n<hr \/>\n<p>Photo: Jasna Jernej\u0161ek, SCCA Archive<\/p>\n<hr \/>\n<p>Photo: SCCA Archive<br \/>\n<img decoding=\"async\" src=\"https:\/\/www.worldofart.org\/arhiv.worldofart.org\/aktualno\/wp-content\/2011-13\/printaj\/otvoritev-predavanje\/printaj-predavanje01.jpg\" alt=\"Otvoritveno predavanje v okviru razstave Printaj!\" \/><\/p>\n<p><img decoding=\"async\" src=\"https:\/\/www.worldofart.org\/arhiv.worldofart.org\/aktualno\/wp-content\/2011-13\/printaj\/otvoritev-predavanje\/printaj-predavanje02.jpg\" alt=\"Otvoritveno predavanje v okviru razstave Printaj!\" \/><\/p>\n<p>Photo: Jasna Jernej\u0161ek<br \/>\n<img decoding=\"async\" src=\"https:\/\/www.worldofart.org\/arhiv.worldofart.org\/aktualno\/wp-content\/2011-13\/printaj\/otvoritev-predavanje\/printaj-predavanje03.jpg\" alt=\"Otvoritveno predavanje v okviru razstave Printaj!\" \/><\/p>\n<p><img decoding=\"async\" src=\"https:\/\/www.worldofart.org\/arhiv.worldofart.org\/aktualno\/wp-content\/2011-13\/printaj\/otvoritev-predavanje\/printaj-predavanje04.jpg\" alt=\"Otvoritveno predavanje v okviru razstave Printaj!\" \/><\/p>\n<p><img decoding=\"async\" src=\"https:\/\/www.worldofart.org\/arhiv.worldofart.org\/aktualno\/wp-content\/2011-13\/printaj\/otvoritev-predavanje\/printaj-predavanje05.jpg\" alt=\"Otvoritveno predavanje v okviru razstave Printaj!\" \/><\/p>\n<p><img decoding=\"async\" src=\"https:\/\/www.worldofart.org\/arhiv.worldofart.org\/aktualno\/wp-content\/2011-13\/printaj\/otvoritev-predavanje\/printaj-predavanje06.jpg\" alt=\"Otvoritveno predavanje v okviru razstave Printaj!\" \/><\/p>\n<p><img decoding=\"async\" src=\"https:\/\/www.worldofart.org\/arhiv.worldofart.org\/aktualno\/wp-content\/2011-13\/printaj\/otvoritev-predavanje\/printaj-predavanje07.jpg\" alt=\"Otvoritveno predavanje v okviru razstave Printaj!\" \/><\/p>\n<p><img decoding=\"async\" src=\"https:\/\/www.worldofart.org\/arhiv.worldofart.org\/aktualno\/wp-content\/2011-13\/printaj\/otvoritev-predavanje\/printaj-predavanje08.jpg\" alt=\"Otvoritveno predavanje v okviru razstave Printaj!\" \/><\/p>\n<p><img decoding=\"async\" src=\"https:\/\/www.worldofart.org\/arhiv.worldofart.org\/aktualno\/wp-content\/2011-13\/printaj\/otvoritev-predavanje\/printaj-otvoritev1.jpg\" alt=\"Otvoritev razstave Printaj!\" \/><\/p>\n<p>Photo: SCCA Archive<br \/>\n<img decoding=\"async\" src=\"https:\/\/www.worldofart.org\/arhiv.worldofart.org\/aktualno\/wp-content\/2011-13\/printaj\/otvoritev-predavanje\/printaj-otvoritev2.jpg\" alt=\"Otvoritev razstave Printaj!\" \/><\/p>\n<p><img decoding=\"async\" src=\"https:\/\/www.worldofart.org\/arhiv.worldofart.org\/aktualno\/wp-content\/2011-13\/printaj\/otvoritev-predavanje\/printaj-otvoritev3.jpg\" alt=\"Otvoritev razstave Printaj!\" \/><\/p>\n<p><img decoding=\"async\" src=\"https:\/\/www.worldofart.org\/arhiv.worldofart.org\/aktualno\/wp-content\/2011-13\/printaj\/otvoritev-predavanje\/printaj-otvoritev4.jpg\" alt=\"Otvoritev razstave Printaj!\" \/><\/p>\n<p>Photo: Jasna Jernej\u0161ek<br \/>\n<a href=\"https:\/\/www.worldofart.org\/arhiv.worldofart.org\/aktualno\/wp-content\/2011-13\/printaj\/otvoritev-predavanje\/Printaj-panorama.jpg\" rel=\"lightbox[873]\"><img decoding=\"async\" src=\"https:\/\/www.worldofart.org\/arhiv.worldofart.org\/aktualno\/wp-content\/2011-13\/printaj\/otvoritev-predavanje\/Printaj-panorama450.jpg\" alt=\"panorama razstave Printaj!, foto: Jasna Jernej\u0161ek\" \/><\/a><\/p>\n","protected":false},"excerpt":{"rendered":"<p>Print! Exhibition of Ready to Print art editions, opening lecture (Dorothee Richter) 15. 3. 2012\u201325. 3. 2012 MGLC, Pod Turnom 3, 1000 Ljubljana Lecture and opening: Thursday, 15 March 2012 at 7 pm Photo: Jasna Jernej\u0161ek, SCCA Archive Photo: SCCA Archive Photo: Jasna Jernej\u0161ek Photo: SCCA Archive Photo: Jasna Jernej\u0161ek<\/p>\n","protected":false},"author":1,"featured_media":0,"parent":709,"menu_order":0,"comment_status":"closed","ping_status":"closed","template":"","meta":{"footnotes":""},"categories":[1],"tags":[],"class_list":["post-873","page","type-page","status-publish","hentry","category-woa"],"_links":{"self":[{"href":"https:\/\/www.worldofart.org\/arhiv.worldofart.org\/current\/wp-json\/wp\/v2\/pages\/873","targetHints":{"allow":["GET"]}}],"collection":[{"href":"https:\/\/www.worldofart.org\/arhiv.worldofart.org\/current\/wp-json\/wp\/v2\/pages"}],"about":[{"href":"https:\/\/www.worldofart.org\/arhiv.worldofart.org\/current\/wp-json\/wp\/v2\/types\/page"}],"author":[{"embeddable":true,"href":"https:\/\/www.worldofart.org\/arhiv.worldofart.org\/current\/wp-json\/wp\/v2\/users\/1"}],"replies":[{"embeddable":true,"href":"https:\/\/www.worldofart.org\/arhiv.worldofart.org\/current\/wp-json\/wp\/v2\/comments?post=873"}],"version-history":[{"count":4,"href":"https:\/\/www.worldofart.org\/arhiv.worldofart.org\/current\/wp-json\/wp\/v2\/pages\/873\/revisions"}],"predecessor-version":[{"id":895,"href":"https:\/\/www.worldofart.org\/arhiv.worldofart.org\/current\/wp-json\/wp\/v2\/pages\/873\/revisions\/895"}],"up":[{"embeddable":true,"href":"https:\/\/www.worldofart.org\/arhiv.worldofart.org\/current\/wp-json\/wp\/v2\/pages\/709"}],"wp:attachment":[{"href":"https:\/\/www.worldofart.org\/arhiv.worldofart.org\/current\/wp-json\/wp\/v2\/media?parent=873"}],"wp:term":[{"taxonomy":"category","embeddable":true,"href":"https:\/\/www.worldofart.org\/arhiv.worldofart.org\/current\/wp-json\/wp\/v2\/categories?post=873"},{"taxonomy":"post_tag","embeddable":true,"href":"https:\/\/www.worldofart.org\/arhiv.worldofart.org\/current\/wp-json\/wp\/v2\/tags?post=873"}],"curies":[{"name":"wp","href":"https:\/\/api.w.org\/{rel}","templated":true}]}}