{"id":95,"date":"2008-08-16T19:03:46","date_gmt":"2008-08-16T17:03:46","guid":{"rendered":"http:\/\/www.worldofart.org\/current\/laboratorium-200809\/workshop-tutors-200809\/"},"modified":"2015-05-26T13:14:20","modified_gmt":"2015-05-26T11:14:20","slug":"workshop-tutors-200809","status":"publish","type":"page","link":"https:\/\/www.worldofart.org\/arhiv.worldofart.org\/current\/12th-year-2008-09\/laboratorium-2008-09\/workshop-tutors-200809","title":{"rendered":"Workshop tutors 2008\/09"},"content":{"rendered":"<p><img loading=\"lazy\" decoding=\"async\" width=\"100\" height=\"100\" align=\"left\" style=\"margin-right: 10px; margin-bottom: 5px; margin-top: 3px; margin-left: 0px\" src=\"https:\/\/www.worldofart.org\/arhiv.worldofart.org\/aktualno\/wp-content\/2007-08\/ekipa-board\/petja_grafenauer_krnc.jpg\" alt=\"Petja Grafenauer Krnc\" \/><strong>Petja Grafenauer Krnc (1976)<\/strong><br \/>\nAn independent visual art critic and curator. She is completing her PhD on Historical Anthropologies of Visual at the ISH &#8211; Ljubljana Graduate School of the Humanities and her undergraduate studies in Comparative Literature and Literary Theory at the Faculty of Arts Ljubljana.<\/p>\n<p>She publishes regularly in the newspaper Dnevnik and on Radio \u0160tudent Ljubljana where she was the editor of Culture and Humanites Editorial between 2006 and 2007. As a curator she is cooperating with Ganes Pratt Gallery Ljubljana.<\/p>\n<div style=\"margin: 0px; color: #fff\">.<\/div>\n<hr \/>\n<p><img decoding=\"async\" align=\"left\" style=\"margin-right:10px; margin-bottom: 5px; margin-top: 3px; margin-left: 0px \" src=\"https:\/\/www.worldofart.org\/arhiv.worldofart.org\/aktualno\/wp-content\/2007\/harutyunyan\/angela-harutyunyan.jpg\" alt=\"Angela Harutyunyanr\" \/><strong>Angela Harutyunyan<\/strong><br \/>\nPHd candidate in Art History and Visual Studies at University of Machester, UK. Member of the National Association of Art Critics in Armenia. She received her first graduate degree in Art History from Yerevan State University in Armenia. As a curator in the Armenian Center for Contemporary Experimental Art from 2002-2004, she has organized several solo exhibitions of contemporary Armenian artists as well as curated an international festival of media art called \u201cPublic_Media_Space\u201d in Yerevan, Armenia. In 2006 she was a coordinator of the First International Summer School for Art Curators, Yerevan, Armenia. <\/p>\n<div style=\"margin: 3px; color: #fff\">.<\/div>\n<hr \/>\n<p><a name=\"milevska\" id=\"milevska\"><\/a><br \/>\n<strong><img decoding=\"async\" align=\"left\" style=\"margin-right:10px; margin-bottom: 5px; margin-top: 3px; margin-left: 0px \" src=\"http:\/\/www.scca-ljubljana.si\/foto_news120\/milevska.jpg\" alt=\"Suzana Milevska\" width=\"100\" \/>Suzana Milevska (1961)<\/strong><br \/>\nBorn in Bitola, Macedonia. She is a curator and visual culture theorist based in Skopje. Currently she is a Lecturer in Visual Culture and the Director of the Visual and Cultural Research Centre, &#8220;Euro-Balkan&#8221; Institute. She earned her PhD in 2006 from the Visual Cultures Department, Goldsmiths College \u2013 University of London where she was teaching from 2003 to 2005. In 2004 she was a Fulbright Senior Research Scholar at the Library of Congress, Washington D.C. She won the ORS Grant (2002-2004) and in 2001 the Getty Curatorial Research Grant. In 1999 she was a curator in residence at the School of the Art Institute of Chicago (ArtsLink Grant). In 2007 she curated the regional workshop &#8220;Curatorial Translation.&#8221; In 2006 she curated Hristina Ivanoska\u2019s &#8220;Naming of the Bridge Rosa Plaveva and Nakie Bajram,&#8221; at the Foundation of Women\u2019s Art, London. As one of the curators of the International Contemporary Art Biennial &#8211; National Gallery, Prague, in 2005 she curated the &#8220;Workers\u2019 Club&#8221; &#8211; exhibition and conference. In 2004 she was the national curator of the Macedonian section of &#8220;Cosmopolis&#8221; \u2013 Microcosmos X Macrocosmos, at the State Museum of Contemporary Art, Thessaloniki. In 2004 she co-curated (with Julia Sch\u00e4fer) the &#8220;Unbalanced Allocation of Space,&#8221; at GFZK (Galerie f\u00fcr Zeitgen\u00f6ssische Kunst), Leipzig, and in 2003 she curated a TV Leipzig talk-show programme &#8220;Divided Sky\/Re-unified Territories,&#8221; part of Introducing Sites II in GFZK, Leipzig. She curated over 70 exhibitions in Skopje, Istanbul, Stockholm, Berlin, Bonn, Stuttgart, Leipzig, Prague, London, etc.<br \/>\nShe is a member of IKT (the International Association of Curators) and A.I.C.A. (International Association of Art Critics) and an International Correspondent for the Feminist Review \u2013 London, Contemporary, London, and springerin, Vienna. <\/p>\n","protected":false},"excerpt":{"rendered":"<p>Petja Grafenauer Krnc (1976) An independent visual art critic and curator. She is completing her PhD on Historical Anthropologies of Visual at the ISH &#8211; Ljubljana Graduate School of the Humanities and her undergraduate studies in Comparative Literature and Literary Theory at the Faculty of Arts Ljubljana. She publishes regularly in the newspaper Dnevnik and [&hellip;]<\/p>\n","protected":false},"author":1,"featured_media":0,"parent":93,"menu_order":0,"comment_status":"closed","ping_status":"closed","template":"laboratorium.php","meta":{"footnotes":""},"categories":[1],"tags":[],"class_list":["post-95","page","type-page","status-publish","hentry","category-woa"],"_links":{"self":[{"href":"https:\/\/www.worldofart.org\/arhiv.worldofart.org\/current\/wp-json\/wp\/v2\/pages\/95","targetHints":{"allow":["GET"]}}],"collection":[{"href":"https:\/\/www.worldofart.org\/arhiv.worldofart.org\/current\/wp-json\/wp\/v2\/pages"}],"about":[{"href":"https:\/\/www.worldofart.org\/arhiv.worldofart.org\/current\/wp-json\/wp\/v2\/types\/page"}],"author":[{"embeddable":true,"href":"https:\/\/www.worldofart.org\/arhiv.worldofart.org\/current\/wp-json\/wp\/v2\/users\/1"}],"replies":[{"embeddable":true,"href":"https:\/\/www.worldofart.org\/arhiv.worldofart.org\/current\/wp-json\/wp\/v2\/comments?post=95"}],"version-history":[{"count":2,"href":"https:\/\/www.worldofart.org\/arhiv.worldofart.org\/current\/wp-json\/wp\/v2\/pages\/95\/revisions"}],"predecessor-version":[{"id":2842,"href":"https:\/\/www.worldofart.org\/arhiv.worldofart.org\/current\/wp-json\/wp\/v2\/pages\/95\/revisions\/2842"}],"up":[{"embeddable":true,"href":"https:\/\/www.worldofart.org\/arhiv.worldofart.org\/current\/wp-json\/wp\/v2\/pages\/93"}],"wp:attachment":[{"href":"https:\/\/www.worldofart.org\/arhiv.worldofart.org\/current\/wp-json\/wp\/v2\/media?parent=95"}],"wp:term":[{"taxonomy":"category","embeddable":true,"href":"https:\/\/www.worldofart.org\/arhiv.worldofart.org\/current\/wp-json\/wp\/v2\/categories?post=95"},{"taxonomy":"post_tag","embeddable":true,"href":"https:\/\/www.worldofart.org\/arhiv.worldofart.org\/current\/wp-json\/wp\/v2\/tags?post=95"}],"curies":[{"name":"wp","href":"https:\/\/api.w.org\/{rel}","templated":true}]}}