{"id":97,"date":"2008-08-16T19:12:14","date_gmt":"2008-08-16T17:12:14","guid":{"rendered":"http:\/\/www.worldofart.org\/current\/seminar-200809\/schedule-200809\/"},"modified":"2009-11-06T14:28:22","modified_gmt":"2009-11-06T12:28:22","slug":"schedule-200809","status":"publish","type":"page","link":"https:\/\/www.worldofart.org\/arhiv.worldofart.org\/current\/12th-year-2008-09\/seminar-200809\/schedule-200809","title":{"rendered":"Schedule 2008\/09"},"content":{"rendered":"<p class=\"leto\"><strong>2008<\/strong><\/p>\n<table width=\"100%\" border=\"0\" cellspacing=\"0\" cellpadding=\"0\">\n<tr>\n<td class=\"mesec\" width=\"20%\" valign=\"top\">October<\/td>\n<td class=\"tdprogramsredina\" width=\"20%\" valign=\"top\">Friday-Saturday <br \/>\nOctober 17-18, 2008\n<\/td>\n<td class=\"tdprogram\" width=\"60%\" valign=\"top\"><a href=\"https:\/\/www.worldofart.org\/arhiv.worldofart.org\/current\/archives\/123\">\u017denja Leiler: Newspaper Critique<\/a><\/td>\n<\/tr>\n<\/table>\n<p class=\"leto\"><strong>2009<\/strong><\/p>\n<table width=\"100%\" border=\"0\" cellspacing=\"0\" cellpadding=\"0\">\n<tr>\n<td class=\"mesec\" width=\"20%\" valign=\"top\">February<\/td>\n<td class=\"tdprogramsredina\" width=\"20%\" valign=\"top\">Friday-Saturday <br \/>\nFebruary 6-7, 2009<\/td>\n<td class=\"tdprogram\" width=\"60%\" valign=\"top\">Mi\u0161ko \u0160uvakovi\u0107: Theory and Practice of Contemporary Art <\/td>\n<\/tr>\n<tr>\n<td class=\"mesec\" rowspan=\"2\" width=\"20%\" valign=\"top\">May<\/td>\n<td class=\"tdprogramsredina\" width=\"20%\" valign=\"top\">Thursday-Friday<br \/>\nMay 15-16, 2009<\/td>\n<td class=\"tdprogram\" width=\"60%\" valign=\"top\"><a href=\"https:\/\/www.worldofart.org\/arhiv.worldofart.org\/current\/archives\/119\">Branislav Dimitrijevi\u0107: Interpreting and Situating Contemporary Art: Observation, Participation, Motivation, Research and Empathy<\/a><\/td>\n<\/tr>\n<tr>\n<td class=\"tdprogramsredina\" width=\"20%\" valign=\"top\">from May 22, 2009 on<\/td>\n<td class=\"tdprogram\" width=\"60%\" valign=\"top\">Neven Korda, Zemira Alajbegovi\u0107 Pe\u010dovnik: Video Essay<\/td>\n<\/tr>\n<\/table>\n","protected":false},"excerpt":{"rendered":"<p>2008 October Friday-Saturday October 17-18, 2008 \u017denja Leiler: Newspaper Critique 2009 February Friday-Saturday February 6-7, 2009 Mi\u0161ko \u0160uvakovi\u0107: Theory and Practice of Contemporary Art May Thursday-Friday May 15-16, 2009 Branislav Dimitrijevi\u0107: Interpreting and Situating Contemporary Art: Observation, Participation, Motivation, Research and Empathy from May 22, 2009 on Neven Korda, Zemira Alajbegovi\u0107 Pe\u010dovnik: Video Essay<\/p>\n","protected":false},"author":1,"featured_media":0,"parent":96,"menu_order":0,"comment_status":"closed","ping_status":"closed","template":"seminar.php","meta":{"footnotes":""},"categories":[1],"tags":[],"class_list":["post-97","page","type-page","status-publish","hentry","category-woa"],"_links":{"self":[{"href":"https:\/\/www.worldofart.org\/arhiv.worldofart.org\/current\/wp-json\/wp\/v2\/pages\/97","targetHints":{"allow":["GET"]}}],"collection":[{"href":"https:\/\/www.worldofart.org\/arhiv.worldofart.org\/current\/wp-json\/wp\/v2\/pages"}],"about":[{"href":"https:\/\/www.worldofart.org\/arhiv.worldofart.org\/current\/wp-json\/wp\/v2\/types\/page"}],"author":[{"embeddable":true,"href":"https:\/\/www.worldofart.org\/arhiv.worldofart.org\/current\/wp-json\/wp\/v2\/users\/1"}],"replies":[{"embeddable":true,"href":"https:\/\/www.worldofart.org\/arhiv.worldofart.org\/current\/wp-json\/wp\/v2\/comments?post=97"}],"version-history":[{"count":0,"href":"https:\/\/www.worldofart.org\/arhiv.worldofart.org\/current\/wp-json\/wp\/v2\/pages\/97\/revisions"}],"up":[{"embeddable":true,"href":"https:\/\/www.worldofart.org\/arhiv.worldofart.org\/current\/wp-json\/wp\/v2\/pages\/96"}],"wp:attachment":[{"href":"https:\/\/www.worldofart.org\/arhiv.worldofart.org\/current\/wp-json\/wp\/v2\/media?parent=97"}],"wp:term":[{"taxonomy":"category","embeddable":true,"href":"https:\/\/www.worldofart.org\/arhiv.worldofart.org\/current\/wp-json\/wp\/v2\/categories?post=97"},{"taxonomy":"post_tag","embeddable":true,"href":"https:\/\/www.worldofart.org\/arhiv.worldofart.org\/current\/wp-json\/wp\/v2\/tags?post=97"}],"curies":[{"name":"wp","href":"https:\/\/api.w.org\/{rel}","templated":true}]}}